{"id":232,"date":"2023-08-11T22:51:32","date_gmt":"2023-08-11T20:51:32","guid":{"rendered":"https:\/\/swisshrmed.ch\/?page_id=232"},"modified":"2023-09-29T20:33:52","modified_gmt":"2023-09-29T18:33:52","slug":"mediation","status":"publish","type":"page","link":"https:\/\/swisshrmed.ch\/en\/vermittlung\/","title":{"rendered":"Recruitment"},"content":{"rendered":"<section class=\"bde-section-232-100 bde-section\">\n  \n  \n\t\n\n\n\n<div class=\"section-container\"><div class=\"bde-div-232-101 bde-div\">\n              \n  \n  \n\t\n\n  <div class=\"section-background-overlay\"><\/div>\n\n\n<a class=\"bde-container-link-232-102 bde-container-link breakdance-link\" href=\"#\" target=\"_self\">\n  \n  \n\t\n\n\n\n<div class=\"bde-text-232-103 bde-text\">\nServices<br>\n<\/div>\n\n<\/a><h1 class=\"bde-heading-232-104 bde-heading\">\nRecruitment\n<\/h1>\n<\/div><\/div>\n<\/section><section class=\"bde-section-232-105 bde-section\">\n  \n  \n\t\n\n\n\n<div class=\"section-container\"><div class=\"bde-breadcrumbs-232-180 bde-breadcrumbs\"><nav aria-label=\"breadcrumbs\" class=\"rank-math-breadcrumb\"><p><span class=\"last\">Home<\/span><\/p><\/nav><\/div><div class=\"bde-columns-232-115 bde-columns\"><div class=\"bde-column-232-116 bde-column\">\n  \n  \n\t\n\n\n\n<h2 class=\"bde-heading-232-182 bde-heading\">\nRecruitment for hospitals, clinics and health care institutions in Switzerland\n<\/h2><div class=\"bde-text-232-117 bde-text\">\nStep by step to achieve maximum satisfaction: our thorough, personalised approach guarantees that your open positions will be sustainably filled with appropriate, qualified staff, mainly from other countries, but also from within Switzerland. Our process is not limited to simply placing professionals in positions \u2013 we also support all parties involved within a partnership that provides consultation and support, and goes far beyond simple recruitment.\n<\/div><h2 class=\"bde-heading-232-125 bde-heading\">\nHow we recruit\n<\/h2><div class=\"bde-div-232-153 bde-div\">\n  \n  \n\t\n\n\n\n<div class=\"bde-div-232-138 bde-div\">\n  \n  \n\t\n\n\n\n<div class=\"bde-div-232-140 bde-div\">\n  \n  \n\t\n\n\n\n<div class=\"bde-div-232-141 bde-div\">\n  \n  \n\t\n\n\n\n<h1 class=\"bde-heading-232-142 bde-heading\">\n1\n<\/h1>\n<\/div>\n<\/div><div class=\"bde-div-232-139 bde-div\">\n  \n  \n\t\n\n\n\n<h4 class=\"bde-heading-232-144 bde-heading\">\nAnalyze\n<\/h4><div class=\"bde-text-232-145 bde-text\">\nWe will have a personal exchange with you on-site to find out all about you, your operations and your specific, individual staffing requirements.\n<\/div>\n<\/div>\n<\/div><div class=\"bde-div-232-146 bde-div\">\n  \n  \n\t\n\n\n\n<div class=\"bde-div-232-147 bde-div\">\n  \n  \n\t\n\n\n\n<div class=\"bde-div-232-148 bde-div\">\n  \n  \n\t\n\n\n\n<h1 class=\"bde-heading-232-149 bde-heading\">\n2\n<\/h1>\n<\/div>\n<\/div><div class=\"bde-div-232-150 bde-div\">\n  \n  \n\t\n\n\n\n<h4 class=\"bde-heading-232-151 bde-heading\">\nSpecify\n<\/h4><div class=\"bde-text-232-152 bde-text\">\nBased on this discussion, we will specify your requirements and define the relevant framework conditions. We will put together a pre-selection of suitable dossiers to match your job profile, which we will then present to you in person or online.\n<\/div>\n<\/div>\n<\/div><div class=\"bde-div-232-154 bde-div\">\n  \n  \n\t\n\n\n\n<div class=\"bde-div-232-155 bde-div\">\n  \n  \n\t\n\n\n\n<div class=\"bde-div-232-156 bde-div\">\n  \n  \n\t\n\n\n\n<h1 class=\"bde-heading-232-157 bde-heading\">\n3\n<\/h1>\n<\/div>\n<\/div><div class=\"bde-div-232-158 bde-div\">\n  \n  \n\t\n\n\n\n<h4 class=\"bde-heading-232-159 bde-heading\">\nConnect\n<\/h4><div class=\"bde-text-232-160 bde-text\">\nIf one of the dossiers is in line with your expectations, we will help put you in touch with the person looking for a position. With regard to further steps, such as arranging an appointment for a job interview, work shadowing, etc., you can then get in contact with the person directly if you wish.\n<\/div>\n<\/div>\n<\/div><div class=\"bde-div-232-161 bde-div\">\n  \n  \n\t\n\n\n\n<div class=\"bde-div-232-162 bde-div\">\n  \n  \n\t\n\n\n\n<div class=\"bde-div-232-163 bde-div\">\n  \n  \n\t\n\n\n\n<h1 class=\"bde-heading-232-164 bde-heading\">\n4\n<\/h1>\n<\/div>\n<\/div><div class=\"bde-div-232-165 bde-div\">\n  \n  \n\t\n\n\n\n<h4 class=\"bde-heading-232-166 bde-heading\">\nAccompany\n<\/h4><div class=\"bde-text-232-167 bde-text\">\nIn the spirit of an appreciative and trusting partnership, we will remain available to you and your new healthcare professional \u2013 and if necessary, even to their families \u2013 as a contact person in the future and beyond the employment relationship.\n<\/div>\n<\/div>\n<\/div>\n<\/div>\n<\/div><div class=\"bde-column-232-118 bde-column\">\n  \n  \n\t\n\n\n\n<div class=\"bde-globalblock-232-183 bde-globalblock\"><div class=\"bde-div-590-100-590-1 bde-div bde-div-590-100\">\n  \n  \n\t\n\n\n\n<div class=\"bde-image-590-101-590-1 bde-image bde-image-590-101\">\n<figure class=\"breakdance-image breakdance-image--1520\">\n\t<div class=\"breakdance-image-container\">\n\t\t<div class=\"breakdance-image-clip\"><img loading=\"lazy\" decoding=\"async\" class=\"breakdance-image-object\" src=\"https:\/\/swisshrmed.ch\/wp-content\/uploads\/IMG_9114-Large-768x1024.webp\" width=\"768\" height=\"1024\" srcset=\"https:\/\/swisshrmed.ch\/wp-content\/uploads\/IMG_9114-Large.webp 960w, https:\/\/swisshrmed.ch\/wp-content\/uploads\/IMG_9114-Large-225x300.webp 225w, https:\/\/swisshrmed.ch\/wp-content\/uploads\/IMG_9114-Large-768x1024.webp 768w, https:\/\/swisshrmed.ch\/wp-content\/uploads\/IMG_9114-Large-9x12.webp 9w\" sizes=\"auto, (max-width: 960px) 100vw, 960px\"><\/div>\n\t<\/div><\/figure>\n\n<\/div><div class=\"bde-div-590-102-590-1 bde-div bde-div-590-102\">\n  \n  \n\t\n\n\n\n<h5 class=\"bde-heading-590-103-590-1 bde-heading bde-heading-590-103\">\nMeet Brigit\n<\/h5><div class=\"bde-text-590-104-590-1 bde-text bde-text-590-104\">\nMy many years of experience and my career in the healthcare industry both in Switzerland and abroad enable me to provide support for any healthcare recruitment needs in a personalised and sustainable way.\n<\/div><div class=\"bde-button-590-105-590-1 bde-button bde-button-590-105\">\n    \n                                    \n    \n    \n    \n    \n            \n                    \n            \n            \n\n    \n    \n    \n    \n    \n    <a class=\"breakdance-link button-atom button-atom--primary bde-button__button\" href=\"\/en\/contact\/\" target=\"_self\" data-type=\"url\"  >\n\n    \n        <span class=\"button-atom__text\">Book a appointment<\/span>\n\n        \n        \n                <\/a>\n\n    \n\n\n<\/div>\n<\/div>\n<\/div><\/div>\n<\/div><\/div><\/div>\n<\/section><section class=\"bde-section-232-168 bde-section\">\n  \n  \n\t\n\n\n\n<div class=\"section-container\"><div class=\"bde-columns-232-169 bde-columns\"><div class=\"bde-column-232-170 bde-column\">\n  \n  \n\t\n\n\n\n<h3 class=\"bde-heading-232-172 bde-heading\">\nTailor-made staffing solution\n<\/h3><div class=\"bde-text-232-173 bde-text\">\nOur aim is to find individual, tailor-made staffing solutions for all facilities and institutions in the medical sector in Switzerland, and thereby consistently take some of the weight off the HR organisations involved. Finding the best possible person to fill a position on a permanent basis is valuable because it saves costs and can give the whole team a boost.\n<\/div>\n<\/div><div class=\"bde-column-232-174 bde-column\">\n  \n  \n\t\n\n\n\n<h3 class=\"bde-heading-232-175 bde-heading\">\nYears of experience\n<\/h3><div class=\"bde-text-232-176 bde-text\">\nWe are well acquainted with the needs of those moving from other countries in order to work in Switzerland, and we will also learn about your operations and needs in depth. Our large network and many years of experience both in Switzerland and abroad enables us to find the right professional staff for hospitals, clinics and medical institutions in Switzerland.\n<\/div>\n<\/div><\/div><\/div>\n<\/section><div class=\"bde-globalblock-232-179 bde-globalblock\"><section class=\"bde-section-325-100-325-1 bde-section bde-section-325-100\">\n  \n  \n\t\n\n\n\n<div class=\"section-container\"><a class=\"bde-container-link-325-101-325-1 bde-container-link bde-container-link-325-101 breakdance-link\" href=\"#\" target=\"_self\">\n  \n  \n\t\n\n\n\n<div class=\"bde-text-325-102-325-1 bde-text bde-text-325-102\">\nStories\n<\/div>\n\n<\/a><h2 class=\"bde-heading-325-103-325-1 bde-heading bde-heading-325-103\">\nWhat customers and professionals say about us\n<\/h2><div class=\"bde-post-loop-325-104-325-1 bde-post-loop bde-post-loop-325-104\"><div class=\"bde-loop bde-loop-grid ee-posts ee-posts-grid\">    <article class=\"bde-loop-item ee-post\">\n        <div class=\"bde-div-136-100-1252-136-1 bde-div bde-div-136-100\">\n  \n  \n\t\n\n\n\n<div class=\"bde-div-136-115-1252-136-1 bde-div bde-div-136-115\">\n  \n  \n\t\n\n\n\n<div class=\"bde-div-136-114-1252-136-1 bde-div bde-div-136-114\">\n  \n  \n\t\n\n\n\n<div class=\"bde-code-block-136-101-1252-136-1 bde-code-block bde-code-block-136-101\">\n\n  <div class=\"star-container\"><img decoding=\"async\" src=\"https:\/\/swisshrmed.ch\/wp-content\/uploads\/star-solid-yellow.svg\" alt=\"star-full\"><img decoding=\"async\" src=\"https:\/\/swisshrmed.ch\/wp-content\/uploads\/star-solid-yellow.svg\" alt=\"star-full\"><img decoding=\"async\" src=\"https:\/\/swisshrmed.ch\/wp-content\/uploads\/star-solid-yellow.svg\" alt=\"star-full\"><img decoding=\"async\" src=\"https:\/\/swisshrmed.ch\/wp-content\/uploads\/star-solid-yellow.svg\" alt=\"star-full\"><img decoding=\"async\" src=\"https:\/\/swisshrmed.ch\/wp-content\/uploads\/star-solid-yellow.svg\" alt=\"star-full\"><\/div>\n\n\n<\/div><a class=\"bde-container-link-136-103-1252-136-1 bde-container-link bde-container-link-136-103 breakdance-link\" href=\"#\" target=\"_self\">\n  \n  \n\t\n\n\n\n<div class=\"bde-text-136-104-1252-136-1 bde-text bde-text-136-104\">\nCustomer\n<\/div>\n\n<\/a><div class=\"bde-text-136-105-1252-136-1 bde-text bde-text-136-105\">\n<p>The collaboration was uncomplicated and transparent. Communication with Brigit is always honest, supportive and fair. She does what she says and is always willing to think along with you<\/p>\n\n<\/div>\n<\/div><div class=\"bde-div-136-106-1252-136-1 bde-div bde-div-136-106\">\n  \n  \n\t\n\n\n\n<div class=\"bde-div-136-110-1252-136-1 bde-div bde-div-136-110\">\n  \n  \n\t\n\n\n\n<div class=\"bde-text-136-107-1252-136-1 bde-text bde-text-136-107\">\n\n<\/div><h6 class=\"bde-heading-136-112-1252-136-1 bde-heading bde-heading-136-112\">\nGerda\n<\/h6><div class=\"bde-text-136-113-1252-136-1 bde-text bde-text-136-113\">\nNursing service management\n<\/div>\n<\/div><div class=\"bde-div-136-111-1252-136-1 bde-div bde-div-136-111\">\n  \n  \n\t\n\n\n\n<div class=\"bde-image-136-109-1252-136-1 bde-image bde-image-136-109\">\n<figure class=\"breakdance-image breakdance-image--1253\">\n\t<div class=\"breakdance-image-container\">\n\t\t<div class=\"breakdance-image-clip\"><img loading=\"lazy\" decoding=\"async\" class=\"breakdance-image-object\" src=\"https:\/\/swisshrmed.ch\/wp-content\/uploads\/Gerda-150x150.jpeg\" width=\"150\" height=\"150\" srcset=\"https:\/\/swisshrmed.ch\/wp-content\/uploads\/Gerda.jpeg 648w, https:\/\/swisshrmed.ch\/wp-content\/uploads\/Gerda-291x300.jpeg 291w, https:\/\/swisshrmed.ch\/wp-content\/uploads\/Gerda-12x12.jpeg 12w\" sizes=\"auto, (max-width: 648px) 100vw, 648px\" alt=\"profile picture\"><\/div>\n\t<\/div><\/figure>\n\n<\/div>\n<\/div>\n<\/div>\n<\/div>\n<\/div>    <\/article>\n    <article class=\"bde-loop-item ee-post\">\n        <div class=\"bde-div-136-100-1330-136-1 bde-div bde-div-136-100\">\n  \n  \n\t\n\n\n\n<div class=\"bde-div-136-115-1330-136-1 bde-div bde-div-136-115\">\n  \n  \n\t\n\n\n\n<div class=\"bde-div-136-114-1330-136-1 bde-div bde-div-136-114\">\n  \n  \n\t\n\n\n\n<div class=\"bde-code-block-136-101-1330-136-1 bde-code-block bde-code-block-136-101\">\n\n  <div class=\"star-container\"><img decoding=\"async\" src=\"https:\/\/swisshrmed.ch\/wp-content\/uploads\/star-solid-yellow.svg\" alt=\"star-full\"><img decoding=\"async\" src=\"https:\/\/swisshrmed.ch\/wp-content\/uploads\/star-solid-yellow.svg\" alt=\"star-full\"><img decoding=\"async\" src=\"https:\/\/swisshrmed.ch\/wp-content\/uploads\/star-solid-yellow.svg\" alt=\"star-full\"><img decoding=\"async\" src=\"https:\/\/swisshrmed.ch\/wp-content\/uploads\/star-solid-yellow.svg\" alt=\"star-full\"><img decoding=\"async\" src=\"https:\/\/swisshrmed.ch\/wp-content\/uploads\/star-solid-yellow.svg\" alt=\"star-full\"><\/div>\n\n\n<\/div><a class=\"bde-container-link-136-103-1330-136-1 bde-container-link bde-container-link-136-103 breakdance-link\" href=\"#\" target=\"_self\">\n  \n  \n\t\n\n\n\n<div class=\"bde-text-136-104-1330-136-1 bde-text bde-text-136-104\">\nCanditidate\n<\/div>\n\n<\/a><div class=\"bde-text-136-105-1330-136-1 bde-text bde-text-136-105\">\n<p>I wish I had found a program like this a few years ago, because it's easier to learn a language from scratch.<\/p>\n\n<\/div>\n<\/div><div class=\"bde-div-136-106-1330-136-1 bde-div bde-div-136-106\">\n  \n  \n\t\n\n\n\n<div class=\"bde-div-136-110-1330-136-1 bde-div bde-div-136-110\">\n  \n  \n\t\n\n\n\n<div class=\"bde-text-136-107-1330-136-1 bde-text bde-text-136-107\">\n\n<\/div><h6 class=\"bde-heading-136-112-1330-136-1 bde-heading bde-heading-136-112\">\nMeritxell\n<\/h6><div class=\"bde-text-136-113-1330-136-1 bde-text bde-text-136-113\">\nParticipants Language concept\n<\/div>\n<\/div><div class=\"bde-div-136-111-1330-136-1 bde-div bde-div-136-111\">\n  \n  \n\t\n\n\n\n<div class=\"bde-image-136-109-1330-136-1 bde-image bde-image-136-109\">\n<figure class=\"breakdance-image breakdance-image--1326\">\n\t<div class=\"breakdance-image-container\">\n\t\t<div class=\"breakdance-image-clip\"><img loading=\"lazy\" decoding=\"async\" class=\"breakdance-image-object\" src=\"https:\/\/swisshrmed.ch\/wp-content\/uploads\/Meritxell-3-150x150.jpg\" width=\"150\" height=\"150\" srcset=\"https:\/\/swisshrmed.ch\/wp-content\/uploads\/Meritxell-3-scaled.jpg 1920w, https:\/\/swisshrmed.ch\/wp-content\/uploads\/Meritxell-3-225x300.jpg 225w, https:\/\/swisshrmed.ch\/wp-content\/uploads\/Meritxell-3-768x1024.jpg 768w, https:\/\/swisshrmed.ch\/wp-content\/uploads\/Meritxell-3-1152x1536.jpg 1152w, https:\/\/swisshrmed.ch\/wp-content\/uploads\/Meritxell-3-1536x2048.jpg 1536w, https:\/\/swisshrmed.ch\/wp-content\/uploads\/Meritxell-3-9x12.jpg 9w\" sizes=\"auto, (max-width: 1920px) 100vw, 1920px\" alt=\"profile picture\"><\/div>\n\t<\/div><\/figure>\n\n<\/div>\n<\/div>\n<\/div>\n<\/div>\n<\/div>    <\/article>\n    <article class=\"bde-loop-item ee-post\">\n        <div class=\"bde-div-136-100-1124-136-1 bde-div bde-div-136-100\">\n  \n  \n\t\n\n\n\n<div class=\"bde-div-136-115-1124-136-1 bde-div bde-div-136-115\">\n  \n  \n\t\n\n\n\n<div class=\"bde-div-136-114-1124-136-1 bde-div bde-div-136-114\">\n  \n  \n\t\n\n\n\n<div class=\"bde-code-block-136-101-1124-136-1 bde-code-block bde-code-block-136-101\">\n\n  <div class=\"star-container\"><img decoding=\"async\" src=\"https:\/\/swisshrmed.ch\/wp-content\/uploads\/star-solid-yellow.svg\" alt=\"star-full\"><img decoding=\"async\" src=\"https:\/\/swisshrmed.ch\/wp-content\/uploads\/star-solid-yellow.svg\" alt=\"star-full\"><img decoding=\"async\" src=\"https:\/\/swisshrmed.ch\/wp-content\/uploads\/star-solid-yellow.svg\" alt=\"star-full\"><img decoding=\"async\" src=\"https:\/\/swisshrmed.ch\/wp-content\/uploads\/star-solid-yellow.svg\" alt=\"star-full\"><img decoding=\"async\" src=\"https:\/\/swisshrmed.ch\/wp-content\/uploads\/star-solid-yellow.svg\" alt=\"star-full\"><\/div>\n\n\n<\/div><a class=\"bde-container-link-136-103-1124-136-1 bde-container-link bde-container-link-136-103 breakdance-link\" href=\"#\" target=\"_self\">\n  \n  \n\t\n\n\n\n<div class=\"bde-text-136-104-1124-136-1 bde-text bde-text-136-104\">\nCanditidate\n<\/div>\n\n<\/a><div class=\"bde-text-136-105-1124-136-1 bde-text bde-text-136-105\">\n<p>I was very worried about how I would start my life here in Switzerland, but I must honestly say that I received a very warm welcome from everyone. First and foremost by Swiss HRmed, who really gave me a sense of security.<\/p>\n\n<\/div>\n<\/div><div class=\"bde-div-136-106-1124-136-1 bde-div bde-div-136-106\">\n  \n  \n\t\n\n\n\n<div class=\"bde-div-136-110-1124-136-1 bde-div bde-div-136-110\">\n  \n  \n\t\n\n\n\n<div class=\"bde-text-136-107-1124-136-1 bde-text bde-text-136-107\">\n\n<\/div><h6 class=\"bde-heading-136-112-1124-136-1 bde-heading bde-heading-136-112\">\nTzina\n<\/h6><div class=\"bde-text-136-113-1124-136-1 bde-text bde-text-136-113\">\nNursing specialist\n<\/div>\n<\/div><div class=\"bde-div-136-111-1124-136-1 bde-div bde-div-136-111\">\n  \n  \n\t\n\n\n\n<div class=\"bde-image-136-109-1124-136-1 bde-image bde-image-136-109\">\n<figure class=\"breakdance-image breakdance-image--1118\">\n\t<div class=\"breakdance-image-container\">\n\t\t<div class=\"breakdance-image-clip\"><img loading=\"lazy\" decoding=\"async\" class=\"breakdance-image-object\" src=\"https:\/\/swisshrmed.ch\/wp-content\/uploads\/image009-1-150x150.jpg\" width=\"150\" height=\"150\" srcset=\"https:\/\/swisshrmed.ch\/wp-content\/uploads\/image009-1.jpg 1440w, https:\/\/swisshrmed.ch\/wp-content\/uploads\/image009-1-240x300.jpg 240w, https:\/\/swisshrmed.ch\/wp-content\/uploads\/image009-1-819x1024.jpg 819w, https:\/\/swisshrmed.ch\/wp-content\/uploads\/image009-1-768x960.jpg 768w, https:\/\/swisshrmed.ch\/wp-content\/uploads\/image009-1-1229x1536.jpg 1229w, https:\/\/swisshrmed.ch\/wp-content\/uploads\/image009-1-10x12.jpg 10w\" sizes=\"auto, (max-width: 1440px) 100vw, 1440px\" alt=\"profile picture\"><\/div>\n\t<\/div><\/figure>\n\n<\/div>\n<\/div>\n<\/div>\n<\/div>\n<\/div>    <\/article>\n<\/div>\r\n<\/div><div class=\"bde-button-325-105-325-1 bde-button bde-button-325-105\">\n    \n                        \n                        \n    \n    \n    \n    \n            \n                    \n            \n            \n\n    \n    \n    \n    \n    \n    <a class=\"breakdance-link button-atom button-atom--text bde-button__button\" href=\"\/en\/stories\/\" target=\"_self\" data-type=\"url\"  >\n\n    \n        <span class=\"button-atom__text\">Read more stories<\/span>\n\n        \n                    \n    <span class=\"button-atom__icon-wrapper\">\n\n        \n            <svg class=\"un-arrow-icon\" xmlns=\"http:\/\/www.w3.org\/2000\/svg\" width=\"32\" height=\"32\" viewbox=\"0 0 32 32\">\n                <g fill=\"none\" stroke-width=\"1.9\" stroke-linejoin=\"round\" stroke-miterlimit=\"10\">\n                    <circle class=\"un-arrow-icon_circle\" cx=\"16\" cy=\"16\" r=\"15.12\"><\/circle>\n                    <path class=\"un-arrow-icon_arrow\" d=\"M16.14 9.93L22.21 16l-6.07 6.07M8.23 16h13.98\"><\/path>\n                <\/g>\n            <\/svg>\n\n        \n    <\/span>\n\n\n        \n                <\/a>\n\n    \n\n\n<\/div><\/div>\n<\/section><\/div>","protected":false},"excerpt":{"rendered":"<p>Services Vermittlung Home Vermittlung f\u00fcr Spit\u00e4ler, Kliniken und Gesundheitsinstitutionen in der Schweiz Schritt f\u00fcr Schritt zu h\u00f6chster Zufriedenheit. Unsere sorgf\u00e4ltige und pers\u00f6nliche Vorgehensweise garantiert eine nachhaltige Besetzung Ihrer offenen Stellen mit dem passenden, kompetenten Fachpersonal. In erster Linie aus dem Ausland, aber auch aus dem Inland. Dabei beschr\u00e4nken wir uns nicht nur auf die reine [&hellip;]<\/p>\n","protected":false},"author":2,"featured_media":828,"parent":0,"menu_order":0,"comment_status":"closed","ping_status":"closed","template":"","meta":{"_acf_changed":false,"_breakdance_hide_in_design_set":false,"_breakdance_tags":"","footnotes":""},"class_list":["post-232","page","type-page","status-publish","has-post-thumbnail","hentry"],"acf":[],"_links":{"self":[{"href":"https:\/\/swisshrmed.ch\/en\/wp-json\/wp\/v2\/pages\/232","targetHints":{"allow":["GET"]}}],"collection":[{"href":"https:\/\/swisshrmed.ch\/en\/wp-json\/wp\/v2\/pages"}],"about":[{"href":"https:\/\/swisshrmed.ch\/en\/wp-json\/wp\/v2\/types\/page"}],"author":[{"embeddable":true,"href":"https:\/\/swisshrmed.ch\/en\/wp-json\/wp\/v2\/users\/2"}],"replies":[{"embeddable":true,"href":"https:\/\/swisshrmed.ch\/en\/wp-json\/wp\/v2\/comments?post=232"}],"version-history":[{"count":15,"href":"https:\/\/swisshrmed.ch\/en\/wp-json\/wp\/v2\/pages\/232\/revisions"}],"predecessor-version":[{"id":898,"href":"https:\/\/swisshrmed.ch\/en\/wp-json\/wp\/v2\/pages\/232\/revisions\/898"}],"wp:featuredmedia":[{"embeddable":true,"href":"https:\/\/swisshrmed.ch\/en\/wp-json\/wp\/v2\/media\/828"}],"wp:attachment":[{"href":"https:\/\/swisshrmed.ch\/en\/wp-json\/wp\/v2\/media?parent=232"}],"curies":[{"name":"WordPress","href":"https:\/\/api.w.org\/{rel}","templated":true}]}}