{"id":1513,"date":"2024-12-11T21:09:39","date_gmt":"2024-12-11T20:09:39","guid":{"rendered":"https:\/\/swisshrmed.ch\/?page_id=1513"},"modified":"2026-02-27T13:43:10","modified_gmt":"2026-02-27T12:43:10","slug":"equipo","status":"publish","type":"page","link":"https:\/\/swisshrmed.ch\/es\/team\/","title":{"rendered":"Equipo"},"content":{"rendered":"<section class=\"bde-section-1513-100 bde-section\">\n              \n  \n  \n\t\n\n\n\n<div class=\"section-container\"><div class=\"bde-div-1513-103 bde-div\">\n              \n  \n  \n\t\n\n  <div class=\"section-background-overlay\"><\/div>\n\n\n<h1 class=\"bde-heading-1513-104 bde-heading\">\nNuestro equipo\n<\/h1>\n<\/div><h2 class=\"bde-heading-1513-133 bde-heading\">\nPersonal, comprometido, transparente\n<\/h2><div class=\"bde-text-1513-105 bde-text\">\nEn SwissHRmed, el apoyo personal y la comunicaci\u00f3n abierta ocupan un lugar central. Creemos en una colaboraci\u00f3n honesta y transparente en la que nos fortalecemos mutuamente y crecemos juntos. Cada miembro del equipo aporta una experiencia y un compromiso \u00fanicos, creando colaboraciones sostenibles y valiosas tanto para los profesionales sanitarios como para las organizaciones sanitarias.\n<\/div><div class=\"bde-button-1513-176 bde-button\">\n    \n                                    \n    \n    \n    \n    \n            \n                    \n            \n            \n\n    \n    \n    \n    \n    \n    <a class=\"breakdance-link button-atom button-atom--primary bde-button__button\" href=\"https:\/\/swisshrmed.ch\/es\/acerca-de-nosotros\/\" target=\"_self\" data-type=\"url\"  >\n\n    \n        <span class=\"button-atom__text\">M\u00e1s informaci\u00f3n sobre Swiss HRmed<\/span>\n\n        \n        \n                <\/a>\n\n    \n\n\n<\/div><\/div>\n<\/section><section class=\"bde-section-1513-106 bde-section\">\n  \n  \n\t\n\n\n\n<div class=\"section-container\"><div class=\"bde-div-1513-115 bde-div\">\n  \n  \n\t\n\n\n\n<div class=\"bde-div-1513-177 bde-div\">\n  \n  \n\t\n\n\n\n<div class=\"bde-div-1513-116 bde-div\">\n  \n  \n\t\n\n\n\n<h1 class=\"bde-heading-1513-117 bde-heading\">\nBrigit\n<\/h1><div class=\"bde-badge-1513-118 bde-badge\">\n<span >DIRECTOR GENERAL<\/span>\n<\/div>\n<\/div><div class=\"bde-div-1513-119 bde-div\">\n  \n  \n\t\n\n\n\n<div class=\"bde-icon-list-1513-134 bde-icon-list bde-icon-list--background\">\n<ul>\n  \n              \n    <li>\n                      \n            \n            \n\n    \n    \n    \n    \n    \n    <a class=\"breakdance-link bde-icon-list__item-wrapper\" href=\"mailto:brigit.friedrich@swisshrmed.ch?subject=Contact via Website&body=\" target=\"_self\" data-type=\"contact\"  >\n\n      \n      <span class='bde-icon-list__icon'>\n        <svg xmlns=\"http:\/\/www.w3.org\/2000\/svg\" viewbox=\"0 0 512 512\"><!-- Font Awesome Free 5.15.1 by @fontawesome - https:\/\/fontawesome.com License - https:\/\/fontawesome.com\/license\/free (Icons: CC BY 4.0, Fonts: SIL OFL 1.1, Code: MIT License) --><path d=\"M502.3 190.8c3.9-3.1 9.7-.2 9.7 4.7V400c0 26.5-21.5 48-48 48H48c-26.5 0-48-21.5-48-48V195.6c0-5 5.7-7.8 9.7-4.7 22.4 17.4 52.1 39.5 154.1 113.6 21.1 15.4 56.7 47.8 92.2 47.6 35.7.3 72-32.8 92.3-47.6 102-74.1 131.6-96.3 154-113.7zM256 320c23.2.4 56.6-29.2 73.4-41.4 132.7-96.3 142.8-104.7 173.4-128.7 5.8-4.5 9.2-11.5 9.2-18.9v-19c0-26.5-21.5-48-48-48H48C21.5 64 0 85.5 0 112v19c0 7.4 3.4 14.3 9.2 18.9 30.6 23.9 40.7 32.4 173.4 128.7 16.8 12.2 50.2 41.8 73.4 41.4z\"\/><\/svg>\n      <\/span>\n      <span class='bde-icon-list__text' >\n      brigit.friedrich@swisshrmed.ch\n      <\/span>\n                  <\/a>\n\n      \n    <\/li>\n\n  \n              \n    <li>\n                      \n            \n            \n\n    \n    \n    \n    \n    \n    <a class=\"breakdance-link bde-icon-list__item-wrapper\" href=\"tel:+41 41 541 50 00\" target=\"_self\" data-type=\"contact\"  >\n\n      \n      <span class='bde-icon-list__icon'>\n        <svg xmlns=\"http:\/\/www.w3.org\/2000\/svg\" id=\"icon-phone\" viewbox=\"0 0 32 32\">\n<path d=\"M22 20c-2 2-2 4-4 4s-4-2-6-4-4-4-4-6 2-2 4-4-4-8-6-8-6 6-6 6c0 4 4.109 12.109 8 16s12 8 16 8c0 0 6-4 6-6s-6-8-8-6z\"\/>\n<\/svg>\n      <\/span>\n      <span class='bde-icon-list__text' >\n       +41 41 541 50 00\n      <\/span>\n                  <\/a>\n\n      \n    <\/li>\n\n  \n              \n    <li>\n                      \n            \n            \n\n    \n    \n    \n    \n    \n    <a class=\"breakdance-link bde-icon-list__item-wrapper\" href=\"https:\/\/www.linkedin.com\/in\/brigit-friedrich-54396017\/\" target=\"_self\" data-type=\"url\" rel=\"noopener noreferrer nofollow\">\n\n      \n      <span class='bde-icon-list__icon'>\n        <svg xmlns=\"http:\/\/www.w3.org\/2000\/svg\" viewbox=\"0 0 448 512\"><!-- Font Awesome Free 5.15.1 by @fontawesome - https:\/\/fontawesome.com License - https:\/\/fontawesome.com\/license\/free (Icons: CC BY 4.0, Fonts: SIL OFL 1.1, Code: MIT License) --><path d=\"M100.28 448H7.4V148.9h92.88zM53.79 108.1C24.09 108.1 0 83.5 0 53.8a53.79 53.79 0 0 1 107.58 0c0 29.7-24.1 54.3-53.79 54.3zM447.9 448h-92.68V302.4c0-34.7-.7-79.2-48.29-79.2-48.29 0-55.69 37.7-55.69 76.7V448h-92.78V148.9h89.08v40.8h1.3c12.4-23.5 42.69-48.3 87.88-48.3 94 0 111.28 61.9 111.28 142.3V448z\"\/><\/svg>\n      <\/span>\n      <span class='bde-icon-list__text' >\n      Con\u00e9ctate conmigo\n      <\/span>\n                  <\/a>\n\n      \n    <\/li>\n\n  <\/ul>\n\n<\/div>\n<\/div>\n<\/div><div class=\"bde-text-1513-178 bde-text\">\nComo directora ejecutiva y empresaria con muchos a\u00f1os de experiencia en el sector sanitario, tanto en Suiza como a escala internacional, puedo ofrecer apoyo y soluciones personalizadas para todos los requisitos de RRHH en el sector sanitario. Colaboro estrechamente con organizaciones sanitarias para identificar las necesidades individuales e implementarlas conjuntamente de forma personalizada y sostenible. Mi objetivo es desarrollar estrategias eficaces que no s\u00f3lo satisfagan los requisitos actuales, sino que tambi\u00e9n contribuyan a mejorar las condiciones de trabajo y la calidad de la asistencia a largo plazo.\n<\/div>\n<\/div><div class=\"bde-div-1513-127 bde-div\">\n  \n  \n\t\n\n\n\n<div class=\"bde-div-1513-179 bde-div\">\n  \n  \n\t\n\n\n\n<div class=\"bde-div-1513-128 bde-div\">\n  \n  \n\t\n\n\n\n<h1 class=\"bde-heading-1513-129 bde-heading\">\nEsmee\n<\/h1><div class=\"bde-badge-1513-130 bde-badge\">\n<span >Reclutamiento<\/span>\n<\/div>\n<\/div><div class=\"bde-div-1513-137 bde-div\">\n  \n  \n\t\n\n\n\n<div class=\"bde-icon-list-1513-138 bde-icon-list bde-icon-list--background\">\n<ul>\n  \n              \n    <li>\n                      \n            \n            \n\n    \n    \n    \n    \n    \n    <a class=\"breakdance-link bde-icon-list__item-wrapper\" href=\"mailto:esmee.kerens@swisshrmed.ch?subject=Contact via Website&body=\" target=\"_self\" data-type=\"contact\"  >\n\n      \n      <span class='bde-icon-list__icon'>\n        <svg xmlns=\"http:\/\/www.w3.org\/2000\/svg\" viewbox=\"0 0 512 512\"><!-- Font Awesome Free 5.15.1 by @fontawesome - https:\/\/fontawesome.com License - https:\/\/fontawesome.com\/license\/free (Icons: CC BY 4.0, Fonts: SIL OFL 1.1, Code: MIT License) --><path d=\"M502.3 190.8c3.9-3.1 9.7-.2 9.7 4.7V400c0 26.5-21.5 48-48 48H48c-26.5 0-48-21.5-48-48V195.6c0-5 5.7-7.8 9.7-4.7 22.4 17.4 52.1 39.5 154.1 113.6 21.1 15.4 56.7 47.8 92.2 47.6 35.7.3 72-32.8 92.3-47.6 102-74.1 131.6-96.3 154-113.7zM256 320c23.2.4 56.6-29.2 73.4-41.4 132.7-96.3 142.8-104.7 173.4-128.7 5.8-4.5 9.2-11.5 9.2-18.9v-19c0-26.5-21.5-48-48-48H48C21.5 64 0 85.5 0 112v19c0 7.4 3.4 14.3 9.2 18.9 30.6 23.9 40.7 32.4 173.4 128.7 16.8 12.2 50.2 41.8 73.4 41.4z\"\/><\/svg>\n      <\/span>\n      <span class='bde-icon-list__text' >\n      esmee.kerens@swisshrmed.ch\n      <\/span>\n                  <\/a>\n\n      \n    <\/li>\n\n  \n              \n    <li>\n                      \n            \n            \n\n    \n    \n    \n    \n    \n    <a class=\"breakdance-link bde-icon-list__item-wrapper\" href=\"tel:+41 41 541 50 00\" target=\"_self\" data-type=\"contact\"  >\n\n      \n      <span class='bde-icon-list__icon'>\n        <svg xmlns=\"http:\/\/www.w3.org\/2000\/svg\" id=\"icon-phone\" viewbox=\"0 0 32 32\">\n<path d=\"M22 20c-2 2-2 4-4 4s-4-2-6-4-4-4-4-6 2-2 4-4-4-8-6-8-6 6-6 6c0 4 4.109 12.109 8 16s12 8 16 8c0 0 6-4 6-6s-6-8-8-6z\"\/>\n<\/svg>\n      <\/span>\n      <span class='bde-icon-list__text' >\n      +41 76 541 95 34\n      <\/span>\n                  <\/a>\n\n      \n    <\/li>\n\n  \n              \n    <li>\n                      \n            \n            \n\n    \n    \n    \n    \n    \n    <a class=\"breakdance-link bde-icon-list__item-wrapper\" href=\"https:\/\/www.linkedin.com\/in\/esmee-kerens\/\" target=\"_self\" data-type=\"url\" rel=\"noopener noreferrer nofollow\">\n\n      \n      <span class='bde-icon-list__icon'>\n        <svg xmlns=\"http:\/\/www.w3.org\/2000\/svg\" viewbox=\"0 0 448 512\"><!-- Font Awesome Free 5.15.1 by @fontawesome - https:\/\/fontawesome.com License - https:\/\/fontawesome.com\/license\/free (Icons: CC BY 4.0, Fonts: SIL OFL 1.1, Code: MIT License) --><path d=\"M100.28 448H7.4V148.9h92.88zM53.79 108.1C24.09 108.1 0 83.5 0 53.8a53.79 53.79 0 0 1 107.58 0c0 29.7-24.1 54.3-53.79 54.3zM447.9 448h-92.68V302.4c0-34.7-.7-79.2-48.29-79.2-48.29 0-55.69 37.7-55.69 76.7V448h-92.78V148.9h89.08v40.8h1.3c12.4-23.5 42.69-48.3 87.88-48.3 94 0 111.28 61.9 111.28 142.3V448z\"\/><\/svg>\n      <\/span>\n      <span class='bde-icon-list__text' >\n      Con\u00e9ctate conmigo\n      <\/span>\n                  <\/a>\n\n      \n    <\/li>\n\n  <\/ul>\n\n<\/div>\n<\/div>\n<\/div><div class=\"bde-text-1513-180 bde-text\">\nComo responsable de la contrataci\u00f3n de profesionales sanitarios de los Pa\u00edses Bajos, apoyo a los clientes en todo el proceso, de la A a la Z, en particular con la integraci\u00f3n y el reconocimiento de los t\u00edtulos por parte de las autoridades suizas. Gracias a mi experiencia personal -yo misma pas\u00e9 por este proceso hace unos a\u00f1os como enfermera titulada y sigo ejerciendo activamente la enfermer\u00eda- puedo ofrecer a los clientes un apoyo aut\u00e9ntico y mostrarles el mejor camino a seguir. Esta combinaci\u00f3n de experiencia profesional y comprensi\u00f3n personal me permite abordar los retos individuales de forma espec\u00edfica y ofrecer soluciones eficaces.\n<\/div>\n<\/div><div class=\"bde-div-1513-121 bde-div\">\n  \n  \n\t\n\n\n\n<div class=\"bde-div-1513-181 bde-div\">\n  \n  \n\t\n\n\n\n<div class=\"bde-div-1513-122 bde-div\">\n  \n  \n\t\n\n\n\n<h1 class=\"bde-heading-1513-123 bde-heading\">\nEva\n<\/h1><div class=\"bde-badge-1513-124 bde-badge\">\n<span >Entrenador de transici\u00f3n<\/span>\n<\/div>\n<\/div><div class=\"bde-div-1513-135 bde-div\">\n  \n  \n\t\n\n\n\n<div class=\"bde-icon-list-1513-136 bde-icon-list bde-icon-list--background\">\n<ul>\n  \n              \n    <li>\n                      \n            \n            \n\n    \n    \n    \n    \n    \n    <a class=\"breakdance-link bde-icon-list__item-wrapper\" href=\"mailto:eva.bachmann@swisshrmed.ch?subject=Contact via Website&body=\" target=\"_self\" data-type=\"contact\"  >\n\n      \n      <span class='bde-icon-list__icon'>\n        <svg xmlns=\"http:\/\/www.w3.org\/2000\/svg\" viewbox=\"0 0 512 512\"><!-- Font Awesome Free 5.15.1 by @fontawesome - https:\/\/fontawesome.com License - https:\/\/fontawesome.com\/license\/free (Icons: CC BY 4.0, Fonts: SIL OFL 1.1, Code: MIT License) --><path d=\"M502.3 190.8c3.9-3.1 9.7-.2 9.7 4.7V400c0 26.5-21.5 48-48 48H48c-26.5 0-48-21.5-48-48V195.6c0-5 5.7-7.8 9.7-4.7 22.4 17.4 52.1 39.5 154.1 113.6 21.1 15.4 56.7 47.8 92.2 47.6 35.7.3 72-32.8 92.3-47.6 102-74.1 131.6-96.3 154-113.7zM256 320c23.2.4 56.6-29.2 73.4-41.4 132.7-96.3 142.8-104.7 173.4-128.7 5.8-4.5 9.2-11.5 9.2-18.9v-19c0-26.5-21.5-48-48-48H48C21.5 64 0 85.5 0 112v19c0 7.4 3.4 14.3 9.2 18.9 30.6 23.9 40.7 32.4 173.4 128.7 16.8 12.2 50.2 41.8 73.4 41.4z\"\/><\/svg>\n      <\/span>\n      <span class='bde-icon-list__text' >\n      eva.bachmann@swisshrmed.ch\n      <\/span>\n                  <\/a>\n\n      \n    <\/li>\n\n  \n              \n    <li>\n                      \n            \n            \n\n    \n    \n    \n    \n    \n    <a class=\"breakdance-link bde-icon-list__item-wrapper\" href=\"tel:+41 41 541 50 00\" target=\"_self\" data-type=\"contact\"  >\n\n      \n      <span class='bde-icon-list__icon'>\n        <svg xmlns=\"http:\/\/www.w3.org\/2000\/svg\" id=\"icon-phone\" viewbox=\"0 0 32 32\">\n<path d=\"M22 20c-2 2-2 4-4 4s-4-2-6-4-4-4-4-6 2-2 4-4-4-8-6-8-6 6-6 6c0 4 4.109 12.109 8 16s12 8 16 8c0 0 6-4 6-6s-6-8-8-6z\"\/>\n<\/svg>\n      <\/span>\n      <span class='bde-icon-list__text' >\n       +41 41 541 50 00\n      <\/span>\n                  <\/a>\n\n      \n    <\/li>\n\n  \n              \n    <li>\n                      \n            \n            \n\n    \n    \n    \n    \n    \n    <a class=\"breakdance-link bde-icon-list__item-wrapper\" href=\"https:\/\/www.linkedin.com\/in\/eva-bachmann-49699b195\/\" target=\"_self\" data-type=\"url\" rel=\"noopener noreferrer nofollow\">\n\n      \n      <span class='bde-icon-list__icon'>\n        <svg xmlns=\"http:\/\/www.w3.org\/2000\/svg\" viewbox=\"0 0 448 512\"><!-- Font Awesome Free 5.15.1 by @fontawesome - https:\/\/fontawesome.com License - https:\/\/fontawesome.com\/license\/free (Icons: CC BY 4.0, Fonts: SIL OFL 1.1, Code: MIT License) --><path d=\"M100.28 448H7.4V148.9h92.88zM53.79 108.1C24.09 108.1 0 83.5 0 53.8a53.79 53.79 0 0 1 107.58 0c0 29.7-24.1 54.3-53.79 54.3zM447.9 448h-92.68V302.4c0-34.7-.7-79.2-48.29-79.2-48.29 0-55.69 37.7-55.69 76.7V448h-92.78V148.9h89.08v40.8h1.3c12.4-23.5 42.69-48.3 87.88-48.3 94 0 111.28 61.9 111.28 142.3V448z\"\/><\/svg>\n      <\/span>\n      <span class='bde-icon-list__text' >\n      Con\u00e9ctate conmigo\n      <\/span>\n                  <\/a>\n\n      \n    <\/li>\n\n  <\/ul>\n\n<\/div>\n<\/div>\n<\/div><div class=\"bde-text-1513-182 bde-text\">\nEn mi funci\u00f3n de coach de transici\u00f3n, utilizo mi experiencia como psic\u00f3loga para ayudar a nuestras instituciones sanitarias a atraer y retener a empleados satisfechos, cualificados y a largo plazo. Combino esta actividad con mi carrera como jugadora de f\u00fatbol en la Superliga Femenina AXA. Puedo incorporar directamente a mis tareas los conocimientos y la experiencia que he adquirido en las \u00e1reas de din\u00e1mica de equipos y motivaci\u00f3n. Esto me permite desarrollar estrategias eficaces para apoyar a los clientes en su transici\u00f3n y promover su integraci\u00f3n en nuevos equipos.\n<\/div>\n<\/div><div class=\"bde-div-1513-110 bde-div\">\n  \n  \n\t\n\n\n\n<div class=\"bde-div-1513-183 bde-div\">\n  \n  \n\t\n\n\n\n<div class=\"bde-div-1513-109 bde-div\">\n  \n  \n\t\n\n\n\n<h1 class=\"bde-heading-1513-112 bde-heading\">\nLeana\n<\/h1><div class=\"bde-badge-1513-113 bde-badge\">\n<span >Entrenador de transici\u00f3n<\/span>\n<\/div>\n<\/div><div class=\"bde-div-1513-139 bde-div\">\n  \n  \n\t\n\n\n\n<div class=\"bde-icon-list-1513-140 bde-icon-list bde-icon-list--background\">\n<ul>\n  \n              \n    <li>\n                      \n            \n            \n\n    \n    \n    \n    \n    \n    <a class=\"breakdance-link bde-icon-list__item-wrapper\" href=\"mailto:leana.zugg@swisshrmed.ch?subject=Contact via Website&body=\" target=\"_self\" data-type=\"contact\"  >\n\n      \n      <span class='bde-icon-list__icon'>\n        <svg xmlns=\"http:\/\/www.w3.org\/2000\/svg\" viewbox=\"0 0 512 512\"><!-- Font Awesome Free 5.15.1 by @fontawesome - https:\/\/fontawesome.com License - https:\/\/fontawesome.com\/license\/free (Icons: CC BY 4.0, Fonts: SIL OFL 1.1, Code: MIT License) --><path d=\"M502.3 190.8c3.9-3.1 9.7-.2 9.7 4.7V400c0 26.5-21.5 48-48 48H48c-26.5 0-48-21.5-48-48V195.6c0-5 5.7-7.8 9.7-4.7 22.4 17.4 52.1 39.5 154.1 113.6 21.1 15.4 56.7 47.8 92.2 47.6 35.7.3 72-32.8 92.3-47.6 102-74.1 131.6-96.3 154-113.7zM256 320c23.2.4 56.6-29.2 73.4-41.4 132.7-96.3 142.8-104.7 173.4-128.7 5.8-4.5 9.2-11.5 9.2-18.9v-19c0-26.5-21.5-48-48-48H48C21.5 64 0 85.5 0 112v19c0 7.4 3.4 14.3 9.2 18.9 30.6 23.9 40.7 32.4 173.4 128.7 16.8 12.2 50.2 41.8 73.4 41.4z\"\/><\/svg>\n      <\/span>\n      <span class='bde-icon-list__text' >\n      leana.zugg@swisshrmed.ch\n      <\/span>\n                  <\/a>\n\n      \n    <\/li>\n\n  \n              \n    <li>\n                      \n            \n            \n\n    \n    \n    \n    \n    \n    <a class=\"breakdance-link bde-icon-list__item-wrapper\" href=\"tel:+41 41 541 50 00\" target=\"_self\" data-type=\"contact\"  >\n\n      \n      <span class='bde-icon-list__icon'>\n        <svg xmlns=\"http:\/\/www.w3.org\/2000\/svg\" id=\"icon-phone\" viewbox=\"0 0 32 32\">\n<path d=\"M22 20c-2 2-2 4-4 4s-4-2-6-4-4-4-4-6 2-2 4-4-4-8-6-8-6 6-6 6c0 4 4.109 12.109 8 16s12 8 16 8c0 0 6-4 6-6s-6-8-8-6z\"\/>\n<\/svg>\n      <\/span>\n      <span class='bde-icon-list__text' >\n       +41 41 541 50 00\n      <\/span>\n                  <\/a>\n\n      \n    <\/li>\n\n  \n              \n    <li>\n                      \n            \n            \n\n    \n    \n    \n    \n    \n    <a class=\"breakdance-link bde-icon-list__item-wrapper\" href=\"https:\/\/www.linkedin.com\/in\/leana-zaugg-65a25a2a0\/\" target=\"_self\" data-type=\"url\" rel=\"noopener noreferrer nofollow\">\n\n      \n      <span class='bde-icon-list__icon'>\n        <svg xmlns=\"http:\/\/www.w3.org\/2000\/svg\" viewbox=\"0 0 448 512\"><!-- Font Awesome Free 5.15.1 by @fontawesome - https:\/\/fontawesome.com License - https:\/\/fontawesome.com\/license\/free (Icons: CC BY 4.0, Fonts: SIL OFL 1.1, Code: MIT License) --><path d=\"M100.28 448H7.4V148.9h92.88zM53.79 108.1C24.09 108.1 0 83.5 0 53.8a53.79 53.79 0 0 1 107.58 0c0 29.7-24.1 54.3-53.79 54.3zM447.9 448h-92.68V302.4c0-34.7-.7-79.2-48.29-79.2-48.29 0-55.69 37.7-55.69 76.7V448h-92.78V148.9h89.08v40.8h1.3c12.4-23.5 42.69-48.3 87.88-48.3 94 0 111.28 61.9 111.28 142.3V448z\"\/><\/svg>\n      <\/span>\n      <span class='bde-icon-list__text' >\n      Con\u00e9ctate conmigo\n      <\/span>\n                  <\/a>\n\n      \n    <\/li>\n\n  <\/ul>\n\n<\/div>\n<\/div>\n<\/div><div class=\"bde-text-1513-184 bde-text\">\nAdem\u00e1s de completar mi m\u00e1ster en Psicolog\u00eda, trabajo como coach de transici\u00f3n para ayudar a los profesionales de la medicina a realizar una transici\u00f3n suave a su nuevo empleador. Compagino esta actividad con mi carrera como jugadora de f\u00fatbol en la AXA Women's Super League, lo que me permite adquirir valiosos conocimientos sobre el trabajo en equipo y el desarrollo personal. Esta experiencia se incorpora a mi trabajo y me ayuda a comprender mejor las necesidades y los retos de mis clientes y a ofrecerles un apoyo espec\u00edfico.\n<\/div>\n<\/div><\/div>\n<\/section><section class=\"bde-section-1513-141 bde-section\">\n  \n  \n\t\n\n\n\n<div class=\"section-container\"><div class=\"bde-columns-1513-142 bde-columns\"><div class=\"bde-column-1513-143 bde-column\">\n  \n  \n\t\n\n\n\n<h3 class=\"bde-heading-1513-145 bde-heading\">\nAs\u00ed es como apoyamos\n<\/h3><div class=\"bde-text-1513-144 bde-text\">\nAlcanzar una nueva meta paso a paso. Para las agencias, principalmente extranjeras, somos el interlocutor adecuado cuando se trata de encontrar empleo a largo plazo para profesionales m\u00e9dicos en el sector sanitario suizo. Siempre nos centramos en la persona que busca un cambio profesional por diversos motivos. No s\u00f3lo les apoyamos en su b\u00fasqueda de un nuevo empleo, sino que tambi\u00e9n les proporcionamos un amplio apoyo cuando se embarcan en un nuevo cap\u00edtulo de sus vidas en Suiza.\n<\/div><div class=\"bde-div-1513-146 bde-div\">\n  \n  \n\t\n\n\n\n<div class=\"bde-div-1513-147 bde-div\">\n  \n  \n\t\n\n\n\n<div class=\"bde-div-1513-148 bde-div\">\n  \n  \n\t\n\n\n\n<div class=\"bde-div-1513-149 bde-div\">\n  \n  \n\t\n\n\n\n<h1 class=\"bde-heading-1513-150 bde-heading\">\n1\n<\/h1>\n<\/div>\n<\/div><div class=\"bde-div-1513-151 bde-div\">\n  \n  \n\t\n\n\n\n<h4 class=\"bde-heading-1513-152 bde-heading\">\nContrataci\u00f3n\n<\/h4><div class=\"bde-text-1513-153 bde-text\">\nSwiss HRmed no contrata por s\u00ed misma, sino que mantiene un estrecho contacto e intercambio con agencias colaboradoras especializadas, la mayor\u00eda de las cuales tienen su sede en el extranjero. Una de estas agencias colaboradoras especializadas se pone en contacto con nosotros y nos env\u00eda el expediente de un profesional sanitario que busca un nuevo empleo en el sector sanitario suizo.\n<\/div>\n<\/div>\n<\/div><div class=\"bde-div-1513-154 bde-div\">\n  \n  \n\t\n\n\n\n<div class=\"bde-div-1513-155 bde-div\">\n  \n  \n\t\n\n\n\n<div class=\"bde-div-1513-156 bde-div\">\n  \n  \n\t\n\n\n\n<h1 class=\"bde-heading-1513-157 bde-heading\">\n2\n<\/h1>\n<\/div>\n<\/div><div class=\"bde-div-1513-158 bde-div\">\n  \n  \n\t\n\n\n\n<h4 class=\"bde-heading-1513-159 bde-heading\">\nConsulte\n<\/h4><div class=\"bde-text-1513-160 bde-text\">\nUna vez estudiado el expediente, nos ponemos en contacto personalmente con el solicitante de empleo y hablamos de sus inquietudes, deseos y condiciones generales para encontrar el nuevo empleo ideal para \u00e9l en el sector sanitario suizo. Sabemos muy bien lo que es importante para las personas que se trasladan a Suiza. Establecemos un contacto estrecho y personal con nuestros clientes y siempre nos centramos en su conciliaci\u00f3n de la vida laboral y familiar, que tambi\u00e9n puede incluir las necesidades de los miembros de su familia.\n<\/div>\n<\/div>\n<\/div><div class=\"bde-div-1513-161 bde-div\">\n  \n  \n\t\n\n\n\n<div class=\"bde-div-1513-162 bde-div\">\n  \n  \n\t\n\n\n\n<div class=\"bde-div-1513-163 bde-div\">\n  \n  \n\t\n\n\n\n<h1 class=\"bde-heading-1513-164 bde-heading\">\n3\n<\/h1>\n<\/div>\n<\/div><div class=\"bde-div-1513-165 bde-div\">\n  \n  \n\t\n\n\n\n<h4 class=\"bde-heading-1513-166 bde-heading\">\nEval\u00fae\n<\/h4><div class=\"bde-text-1513-167 bde-text\">\nBas\u00e1ndonos en nuestra amplia red en el sector sanitario y en la experiencia correspondiente, evaluamos las vacantes adecuadas y las comentamos personalmente con la persona que busca trabajo. A continuaci\u00f3n, establecemos el contacto inicial entre la persona que busca empleo y el proveedor de trabajo para aquellos puestos que le resulten adecuados e interesantes.<br>\n<\/div>\n<\/div>\n<\/div><div class=\"bde-div-1513-168 bde-div\">\n  \n  \n\t\n\n\n\n<div class=\"bde-div-1513-169 bde-div\">\n  \n  \n\t\n\n\n\n<div class=\"bde-div-1513-170 bde-div\">\n  \n  \n\t\n\n\n\n<h1 class=\"bde-heading-1513-171 bde-heading\">\n4\n<\/h1>\n<\/div>\n<\/div><div class=\"bde-div-1513-172 bde-div\">\n  \n  \n\t\n\n\n\n<h4 class=\"bde-heading-1513-173 bde-heading\">\nFirma del contrato\n<\/h4><div class=\"bde-text-1513-174 bde-text\">\nPrestamos un apoyo integral a nuestros interlocutores y tambi\u00e9n estamos a su disposici\u00f3n una vez concluido con \u00e9xito el contrato entre el demandante de empleo y el empresario. Las colocaciones sostenibles y a largo plazo son nuestra m\u00e1xima prioridad. Con esta idea en mente, nuestros clientes pueden seguir acudiendo a nosotros con todo tipo de preocupaciones profesionales y privadas.\n<\/div>\n<\/div>\n<\/div>\n<\/div>\n<\/div><\/div><div class=\"bde-button-1513-175 bde-button\">\n    \n                                    \n    \n    \n    \n    \n            \n                    \n            \n            \n\n    \n    \n    \n    \n    \n    <a class=\"breakdance-link button-atom button-atom--primary bde-button__button\" href=\"https:\/\/swisshrmed.ch\/es\/uber-uns\/\" target=\"_self\" data-type=\"url\">\n\n    \n        <span class=\"button-atom__text\">M\u00e1s informaci\u00f3n sobre Swiss HRmed<\/span>\n\n        \n        \n                <\/a>\n\n    \n\n\n<\/div><\/div>\n<\/section>","protected":false},"excerpt":{"rendered":"<p>Unser Team Pers\u00f6nlich, Engagiert, Transparent Bei SwissHRmed stehen pers\u00f6nliche Betreuung und offene Kommunikation im Mittelpunkt. Wir glauben an eine ehrliche, transparente Zusammenarbeit, bei der wir uns gegenseitig st\u00e4rken und gemeinsam wachsen. Jedes Teammitglied bringt einzigartige Expertise und Engagement mit, wodurch wir nachhaltige und wertvolle Kollaborationen f\u00fcr sowohl Gesundheitsprofessionals als auch Gesundheitsorganisationen schaffen. Mehr \u00fcber Swiss [&hellip;]<\/p>\n","protected":false},"author":4,"featured_media":0,"parent":0,"menu_order":0,"comment_status":"closed","ping_status":"closed","template":"","meta":{"_acf_changed":false,"_breakdance_hide_in_design_set":false,"_breakdance_tags":"","footnotes":""},"class_list":["post-1513","page","type-page","status-publish","hentry"],"acf":[],"_links":{"self":[{"href":"https:\/\/swisshrmed.ch\/es\/wp-json\/wp\/v2\/pages\/1513","targetHints":{"allow":["GET"]}}],"collection":[{"href":"https:\/\/swisshrmed.ch\/es\/wp-json\/wp\/v2\/pages"}],"about":[{"href":"https:\/\/swisshrmed.ch\/es\/wp-json\/wp\/v2\/types\/page"}],"author":[{"embeddable":true,"href":"https:\/\/swisshrmed.ch\/es\/wp-json\/wp\/v2\/users\/4"}],"replies":[{"embeddable":true,"href":"https:\/\/swisshrmed.ch\/es\/wp-json\/wp\/v2\/comments?post=1513"}],"version-history":[{"count":15,"href":"https:\/\/swisshrmed.ch\/es\/wp-json\/wp\/v2\/pages\/1513\/revisions"}],"predecessor-version":[{"id":2275,"href":"https:\/\/swisshrmed.ch\/es\/wp-json\/wp\/v2\/pages\/1513\/revisions\/2275"}],"wp:attachment":[{"href":"https:\/\/swisshrmed.ch\/es\/wp-json\/wp\/v2\/media?parent=1513"}],"curies":[{"name":"wp","href":"https:\/\/api.w.org\/{rel}","templated":true}]}}