{"id":232,"date":"2023-08-11T22:51:32","date_gmt":"2023-08-11T20:51:32","guid":{"rendered":"https:\/\/swisshrmed.ch\/?page_id=232"},"modified":"2023-09-29T20:33:52","modified_gmt":"2023-09-29T18:33:52","slug":"mediacion","status":"publish","type":"page","link":"https:\/\/swisshrmed.ch\/es\/vermittlung\/","title":{"rendered":"Mediaci\u00f3n"},"content":{"rendered":"<section class=\"bde-section-232-100 bde-section\">\n  \n  \n\t\n\n\n\n<div class=\"section-container\"><div class=\"bde-div-232-101 bde-div\">\n              \n  \n  \n\t\n\n  <div class=\"section-background-overlay\"><\/div>\n\n\n<a class=\"bde-container-link-232-102 bde-container-link breakdance-link\" href=\"#\" target=\"_self\">\n  \n  \n\t\n\n\n\n<div class=\"bde-text-232-103 bde-text\">\nServicios<br>\n<\/div>\n\n<\/a><h1 class=\"bde-heading-232-104 bde-heading\">\nMediaci\u00f3n\n<\/h1>\n<\/div><\/div>\n<\/section><section class=\"bde-section-232-105 bde-section\">\n  \n  \n\t\n\n\n\n<div class=\"section-container\"><div class=\"bde-breadcrumbs-232-180 bde-breadcrumbs\"><nav aria-label=\"pan rallado\" class=\"rank-math-breadcrumb\"><p><span class=\"last\">Inicio<\/span><\/p><\/nav><\/div><div class=\"bde-columns-232-115 bde-columns\"><div class=\"bde-column-232-116 bde-column\">\n  \n  \n\t\n\n\n\n<h2 class=\"bde-heading-232-182 bde-heading\">\nMediaci\u00f3n para hospitales, cl\u00ednicas e instituciones sanitarias en Suiza\n<\/h2><div class=\"bde-text-232-117 bde-text\">\nPaso a paso hacia la m\u00e1xima satisfacci\u00f3n. Nuestro enfoque cuidadoso y personalizado garantiza que sus vacantes se cubran con los especialistas adecuados y competentes a largo plazo. Principalmente del extranjero, pero tambi\u00e9n de Suiza. No nos limitamos a la mera colocaci\u00f3n de especialistas, sino que apoyamos a todas las partes implicadas en el sentido de una colaboraci\u00f3n de asesoramiento y acompa\u00f1amiento, mucho m\u00e1s all\u00e1 de la contrataci\u00f3n propiamente dicha.\n<\/div><h2 class=\"bde-heading-232-125 bde-heading\">\nC\u00f3mo mediamos\n<\/h2><div class=\"bde-div-232-153 bde-div\">\n  \n  \n\t\n\n\n\n<div class=\"bde-div-232-138 bde-div\">\n  \n  \n\t\n\n\n\n<div class=\"bde-div-232-140 bde-div\">\n  \n  \n\t\n\n\n\n<div class=\"bde-div-232-141 bde-div\">\n  \n  \n\t\n\n\n\n<h1 class=\"bde-heading-232-142 bde-heading\">\n1\n<\/h1>\n<\/div>\n<\/div><div class=\"bde-div-232-139 bde-div\">\n  \n  \n\t\n\n\n\n<h4 class=\"bde-heading-232-144 bde-heading\">\nAnalice\n<\/h4><div class=\"bde-text-232-145 bde-text\">\nLe conoceremos a usted, a su empresa y sus necesidades de personal espec\u00edficas e individuales en una reuni\u00f3n personal in situ.\n<\/div>\n<\/div>\n<\/div><div class=\"bde-div-232-146 bde-div\">\n  \n  \n\t\n\n\n\n<div class=\"bde-div-232-147 bde-div\">\n  \n  \n\t\n\n\n\n<div class=\"bde-div-232-148 bde-div\">\n  \n  \n\t\n\n\n\n<h1 class=\"bde-heading-232-149 bde-heading\">\n2\n<\/h1>\n<\/div>\n<\/div><div class=\"bde-div-232-150 bde-div\">\n  \n  \n\t\n\n\n\n<h4 class=\"bde-heading-232-151 bde-heading\">\nConcretise\n<\/h4><div class=\"bde-text-232-152 bde-text\">\nA partir de esta conversaci\u00f3n, concretaremos su solicitud y definiremos las condiciones marco pertinentes. Elaboraremos una preselecci\u00f3n de expedientes adecuados a su perfil profesional, que le presentaremos en persona o en l\u00ednea.\n<\/div>\n<\/div>\n<\/div><div class=\"bde-div-232-154 bde-div\">\n  \n  \n\t\n\n\n\n<div class=\"bde-div-232-155 bde-div\">\n  \n  \n\t\n\n\n\n<div class=\"bde-div-232-156 bde-div\">\n  \n  \n\t\n\n\n\n<h1 class=\"bde-heading-232-157 bde-heading\">\n3\n<\/h1>\n<\/div>\n<\/div><div class=\"bde-div-232-158 bde-div\">\n  \n  \n\t\n\n\n\n<h4 class=\"bde-heading-232-159 bde-heading\">\nConectar\n<\/h4><div class=\"bde-text-232-160 bde-text\">\nSi el expediente cumple sus expectativas, estableceremos un primer contacto entre usted y la persona que busca trabajo. Para los siguientes pasos, como concertar una cita para una entrevista, realizar pr\u00e1cticas, etc., podr\u00e1 ponerse en contacto directamente con ellos si lo desea.\n<\/div>\n<\/div>\n<\/div><div class=\"bde-div-232-161 bde-div\">\n  \n  \n\t\n\n\n\n<div class=\"bde-div-232-162 bde-div\">\n  \n  \n\t\n\n\n\n<div class=\"bde-div-232-163 bde-div\">\n  \n  \n\t\n\n\n\n<h1 class=\"bde-heading-232-164 bde-heading\">\n4\n<\/h1>\n<\/div>\n<\/div><div class=\"bde-div-232-165 bde-div\">\n  \n  \n\t\n\n\n\n<h4 class=\"bde-heading-232-166 bde-heading\">\nAcompa\u00f1e a\n<\/h4><div class=\"bde-text-232-167 bde-text\">\nEn aras de una colaboraci\u00f3n agradecida y de confianza, seguiremos estando a su disposici\u00f3n y a la de su nuevo profesional sanitario -y, en caso necesario, a la de sus familiares- como punto de contacto en el futuro y m\u00e1s all\u00e1 de la relaci\u00f3n laboral.\n<\/div>\n<\/div>\n<\/div>\n<\/div>\n<\/div><div class=\"bde-column-232-118 bde-column\">\n  \n  \n\t\n\n\n\n<div class=\"bde-globalblock-232-183 bde-globalblock\"><div class=\"bde-div-590-100-590-1 bde-div bde-div-590-100\">\n  \n  \n\t\n\n\n\n<div class=\"bde-image-590-101-590-1 bde-image bde-image-590-101\">\n<figure class=\"breakdance-image breakdance-image--1520\">\n\t<div class=\"breakdance-image-container\">\n\t\t<div class=\"breakdance-image-clip\"><img loading=\"lazy\" decoding=\"async\" class=\"breakdance-image-object\" src=\"https:\/\/swisshrmed.ch\/wp-content\/uploads\/IMG_9114-Large-768x1024.webp\" width=\"768\" height=\"1024\" srcset=\"https:\/\/swisshrmed.ch\/wp-content\/uploads\/IMG_9114-Large.webp 960w, https:\/\/swisshrmed.ch\/wp-content\/uploads\/IMG_9114-Large-225x300.webp 225w, https:\/\/swisshrmed.ch\/wp-content\/uploads\/IMG_9114-Large-768x1024.webp 768w, https:\/\/swisshrmed.ch\/wp-content\/uploads\/IMG_9114-Large-9x12.webp 9w\" sizes=\"auto, (max-width: 960px) 100vw, 960px\"><\/div>\n\t<\/div><\/figure>\n\n<\/div><div class=\"bde-div-590-102-590-1 bde-div bde-div-590-102\">\n  \n  \n\t\n\n\n\n<h5 class=\"bde-heading-590-103-590-1 bde-heading bde-heading-590-103\">\nConozca a Brigit\n<\/h5><div class=\"bde-text-590-104-590-1 bde-text bde-text-590-104\">\nMis muchos a\u00f1os de experiencia y carrera en el sector sanitario, tanto en Suiza como en el extranjero, me permiten ofrecer apoyo para todas las necesidades de contrataci\u00f3n en el sector sanitario de forma personalizada y sostenible.\n<\/div><div class=\"bde-button-590-105-590-1 bde-button bde-button-590-105\">\n    \n                                    \n    \n    \n    \n    \n            \n                    \n            \n            \n\n    \n    \n    \n    \n    \n    <a class=\"breakdance-link button-atom button-atom--primary bde-button__button\" href=\"\/es\/pongase-en-contacto-con\/\" target=\"_self\" data-type=\"url\"  >\n\n    \n        <span class=\"button-atom__text\">Contacto con Brigit<\/span>\n\n        \n        \n                <\/a>\n\n    \n\n\n<\/div>\n<\/div>\n<\/div><\/div>\n<\/div><\/div><\/div>\n<\/section><section class=\"bde-section-232-168 bde-section\">\n  \n  \n\t\n\n\n\n<div class=\"section-container\"><div class=\"bde-columns-232-169 bde-columns\"><div class=\"bde-column-232-170 bde-column\">\n  \n  \n\t\n\n\n\n<h3 class=\"bde-heading-232-172 bde-heading\">\nSoluci\u00f3n de personal a medida\n<\/h3><div class=\"bde-text-232-173 bde-text\">\nNuestro objetivo es encontrar soluciones de personal individuales y a medida para todas las instalaciones e instituciones del sector m\u00e9dico en Suiza y aliviar as\u00ed la carga de las respectivas organizaciones de RRHH a largo plazo. Cubrir los puestos de forma \u00f3ptima y a largo plazo es valioso, ya que ahorra costes y da un impulso a todo el equipo.\n<\/div>\n<\/div><div class=\"bde-column-232-174 bde-column\">\n  \n  \n\t\n\n\n\n<h3 class=\"bde-heading-232-175 bde-heading\">\nA\u00f1os de experiencia\n<\/h3><div class=\"bde-text-232-176 bde-text\">\nPor un lado, estamos muy familiarizados con las necesidades de las personas procedentes del extranjero que desean trasladarse a Suiza y, por otro, conocemos al detalle su organizaci\u00f3n y sus requisitos. Gracias a nuestra amplia red y a nuestros a\u00f1os de experiencia en Suiza y en el extranjero, encontraremos para usted el especialista adecuado para hospitales, cl\u00ednicas e instituciones sanitarias en Suiza.\n<\/div>\n<\/div><\/div><\/div>\n<\/section><div class=\"bde-globalblock-232-179 bde-globalblock\"><section class=\"bde-section-325-100-325-1 bde-section bde-section-325-100\">\n  \n  \n\t\n\n\n\n<div class=\"section-container\"><a class=\"bde-container-link-325-101-325-1 bde-container-link bde-container-link-325-101 breakdance-link\" href=\"#\" target=\"_self\">\n  \n  \n\t\n\n\n\n<div class=\"bde-text-325-102-325-1 bde-text bde-text-325-102\">\nHistorias\n<\/div>\n\n<\/a><h2 class=\"bde-heading-325-103-325-1 bde-heading bde-heading-325-103\">\nLo que clientes y expertos dicen de nosotros\n<\/h2><div class=\"bde-post-loop-325-104-325-1 bde-post-loop bde-post-loop-325-104\"><div class=\"bde-loop bde-loop-grid ee-posts ee-posts-grid\">    <article class=\"bde-loop-item ee-post\">\n        <div class=\"bde-div-136-100-1153-136-1 bde-div bde-div-136-100\">\n  \n  \n\t\n\n\n\n<div class=\"bde-div-136-115-1153-136-1 bde-div bde-div-136-115\">\n  \n  \n\t\n\n\n\n<div class=\"bde-div-136-114-1153-136-1 bde-div bde-div-136-114\">\n  \n  \n\t\n\n\n\n<div class=\"bde-code-block-136-101-1153-136-1 bde-code-block bde-code-block-136-101\">\n\n  <div class=\"star-container\"><img decoding=\"async\" src=\"https:\/\/swisshrmed.ch\/wp-content\/uploads\/star-solid-yellow.svg\" alt=\"lleno de estrellas\"><img decoding=\"async\" src=\"https:\/\/swisshrmed.ch\/wp-content\/uploads\/star-solid-yellow.svg\" alt=\"lleno de estrellas\"><img decoding=\"async\" src=\"https:\/\/swisshrmed.ch\/wp-content\/uploads\/star-solid-yellow.svg\" alt=\"lleno de estrellas\"><img decoding=\"async\" src=\"https:\/\/swisshrmed.ch\/wp-content\/uploads\/star-solid-yellow.svg\" alt=\"lleno de estrellas\"><img decoding=\"async\" src=\"https:\/\/swisshrmed.ch\/wp-content\/uploads\/star-solid-yellow.svg\" alt=\"lleno de estrellas\"><\/div>\n\n\n<\/div><a class=\"bde-container-link-136-103-1153-136-1 bde-container-link bde-container-link-136-103 breakdance-link\" href=\"#\" target=\"_self\">\n  \n  \n\t\n\n\n\n<div class=\"bde-text-136-104-1153-136-1 bde-text bde-text-136-104\">\nEspecialista\n<\/div>\n\n<\/a><div class=\"bde-text-136-105-1153-136-1 bde-text bde-text-136-105\">\n<p>La contribuci\u00f3n de Swiss HRmed a mi emigraci\u00f3n a Suiza fue muy grande, por lo que llegu\u00e9 a Suiza sin miedo y me sent\u00ed totalmente atendida.<\/p>\n\n<\/div>\n<\/div><div class=\"bde-div-136-106-1153-136-1 bde-div bde-div-136-106\">\n  \n  \n\t\n\n\n\n<div class=\"bde-div-136-110-1153-136-1 bde-div bde-div-136-110\">\n  \n  \n\t\n\n\n\n<div class=\"bde-text-136-107-1153-136-1 bde-text bde-text-136-107\">\n\n<\/div><h6 class=\"bde-heading-136-112-1153-136-1 bde-heading bde-heading-136-112\">\nKatarzyna\n<\/h6><div class=\"bde-text-136-113-1153-136-1 bde-text bde-text-136-113\">\nMTRA\n<\/div>\n<\/div><div class=\"bde-div-136-111-1153-136-1 bde-div bde-div-136-111\">\n  \n  \n\t\n\n\n\n<div class=\"bde-image-136-109-1153-136-1 bde-image bde-image-136-109\">\n<figure class=\"breakdance-image breakdance-image--1149\">\n\t<div class=\"breakdance-image-container\">\n\t\t<div class=\"breakdance-image-clip\"><img loading=\"lazy\" decoding=\"async\" class=\"breakdance-image-object\" src=\"https:\/\/swisshrmed.ch\/wp-content\/uploads\/Katarzyna-Zareba-3-e1713709473458-150x150.jpeg\" width=\"150\" height=\"150\" srcset=\"https:\/\/swisshrmed.ch\/wp-content\/uploads\/Katarzyna-Zareba-3-e1713709473458.jpeg 249w, https:\/\/swisshrmed.ch\/wp-content\/uploads\/Katarzyna-Zareba-3-e1713709473458-150x150.jpeg 150w, https:\/\/swisshrmed.ch\/wp-content\/uploads\/Katarzyna-Zareba-3-e1713709473458-12x12.jpeg 12w\" sizes=\"auto, (max-width: 249px) 100vw, 249px\" alt=\"foto de perfil\"><\/div>\n\t<\/div><\/figure>\n\n<\/div>\n<\/div>\n<\/div>\n<\/div>\n<\/div>    <\/article>\n    <article class=\"bde-loop-item ee-post\">\n        <div class=\"bde-div-136-100-1083-136-1 bde-div bde-div-136-100\">\n  \n  \n\t\n\n\n\n<div class=\"bde-div-136-115-1083-136-1 bde-div bde-div-136-115\">\n  \n  \n\t\n\n\n\n<div class=\"bde-div-136-114-1083-136-1 bde-div bde-div-136-114\">\n  \n  \n\t\n\n\n\n<div class=\"bde-code-block-136-101-1083-136-1 bde-code-block bde-code-block-136-101\">\n\n  <div class=\"star-container\"><img decoding=\"async\" src=\"https:\/\/swisshrmed.ch\/wp-content\/uploads\/star-solid-yellow.svg\" alt=\"lleno de estrellas\"><img decoding=\"async\" src=\"https:\/\/swisshrmed.ch\/wp-content\/uploads\/star-solid-yellow.svg\" alt=\"lleno de estrellas\"><img decoding=\"async\" src=\"https:\/\/swisshrmed.ch\/wp-content\/uploads\/star-solid-yellow.svg\" alt=\"lleno de estrellas\"><img decoding=\"async\" src=\"https:\/\/swisshrmed.ch\/wp-content\/uploads\/star-solid-yellow.svg\" alt=\"lleno de estrellas\"><img decoding=\"async\" src=\"https:\/\/swisshrmed.ch\/wp-content\/uploads\/star-solid-yellow.svg\" alt=\"lleno de estrellas\"><\/div>\n\n\n<\/div><a class=\"bde-container-link-136-103-1083-136-1 bde-container-link bde-container-link-136-103 breakdance-link\" href=\"#\" target=\"_self\">\n  \n  \n\t\n\n\n\n<div class=\"bde-text-136-104-1083-136-1 bde-text bde-text-136-104\">\nEspecialista\n<\/div>\n\n<\/a><div class=\"bde-text-136-105-1083-136-1 bde-text bde-text-136-105\">\n<p>En una reuni\u00f3n personal con Brigit Friedrich, de Swiss HRmed, me informaron muy bien sobre lo que esto significa y lo que hace falta para trasladarse a Suiza.<\/p>\n\n<\/div>\n<\/div><div class=\"bde-div-136-106-1083-136-1 bde-div bde-div-136-106\">\n  \n  \n\t\n\n\n\n<div class=\"bde-div-136-110-1083-136-1 bde-div bde-div-136-110\">\n  \n  \n\t\n\n\n\n<div class=\"bde-text-136-107-1083-136-1 bde-text bde-text-136-107\">\n\n<\/div><h6 class=\"bde-heading-136-112-1083-136-1 bde-heading bde-heading-136-112\">\nMary\n<\/h6><div class=\"bde-text-136-113-1083-136-1 bde-text bde-text-136-113\">\nEspecialista en enfermer\u00eda IPS\n<\/div>\n<\/div><div class=\"bde-div-136-111-1083-136-1 bde-div bde-div-136-111\">\n  \n  \n\t\n\n\n\n<div class=\"bde-image-136-109-1083-136-1 bde-image bde-image-136-109\">\n<figure class=\"breakdance-image breakdance-image--1085\">\n\t<div class=\"breakdance-image-container\">\n\t\t<div class=\"breakdance-image-clip\"><img loading=\"lazy\" decoding=\"async\" class=\"breakdance-image-object\" src=\"https:\/\/swisshrmed.ch\/wp-content\/uploads\/2022_08_23_Frb_Portraitbild-Maria-SANTIROCCO-1983-1.jpg\" width=\"122\" height=\"122\" srcset=\"https:\/\/swisshrmed.ch\/wp-content\/uploads\/2022_08_23_Frb_Portraitbild-Maria-SANTIROCCO-1983-1.jpg 122w, https:\/\/swisshrmed.ch\/wp-content\/uploads\/2022_08_23_Frb_Portraitbild-Maria-SANTIROCCO-1983-1-12x12.jpg 12w\" sizes=\"auto, (max-width: 122px) 100vw, 122px\" alt=\"foto de perfil\"><\/div>\n\t<\/div><\/figure>\n\n<\/div>\n<\/div>\n<\/div>\n<\/div>\n<\/div>    <\/article>\n    <article class=\"bde-loop-item ee-post\">\n        <div class=\"bde-div-136-100-987-136-1 bde-div bde-div-136-100\">\n  \n  \n\t\n\n\n\n<div class=\"bde-div-136-115-987-136-1 bde-div bde-div-136-115\">\n  \n  \n\t\n\n\n\n<div class=\"bde-div-136-114-987-136-1 bde-div bde-div-136-114\">\n  \n  \n\t\n\n\n\n<div class=\"bde-code-block-136-101-987-136-1 bde-code-block bde-code-block-136-101\">\n\n  <div class=\"star-container\"><img decoding=\"async\" src=\"https:\/\/swisshrmed.ch\/wp-content\/uploads\/star-solid-yellow.svg\" alt=\"lleno de estrellas\"><img decoding=\"async\" src=\"https:\/\/swisshrmed.ch\/wp-content\/uploads\/star-solid-yellow.svg\" alt=\"lleno de estrellas\"><img decoding=\"async\" src=\"https:\/\/swisshrmed.ch\/wp-content\/uploads\/star-solid-yellow.svg\" alt=\"lleno de estrellas\"><img decoding=\"async\" src=\"https:\/\/swisshrmed.ch\/wp-content\/uploads\/star-solid-yellow.svg\" alt=\"lleno de estrellas\"><img decoding=\"async\" src=\"https:\/\/swisshrmed.ch\/wp-content\/uploads\/star-solid-yellow.svg\" alt=\"lleno de estrellas\"><\/div>\n\n\n<\/div><a class=\"bde-container-link-136-103-987-136-1 bde-container-link bde-container-link-136-103 breakdance-link\" href=\"#\" target=\"_self\">\n  \n  \n\t\n\n\n\n<div class=\"bde-text-136-104-987-136-1 bde-text bde-text-136-104\">\nEspecialista\n<\/div>\n\n<\/a><div class=\"bde-text-136-105-987-136-1 bde-text bde-text-136-105\">\n<p>Trabajar en un pa\u00eds tan multicultural permite conocer distintas naciones: sus lenguas, mentalidades y formas de comunicarse. Es muy inspirador.<\/p>\n\n<\/div>\n<\/div><div class=\"bde-div-136-106-987-136-1 bde-div bde-div-136-106\">\n  \n  \n\t\n\n\n\n<div class=\"bde-div-136-110-987-136-1 bde-div bde-div-136-110\">\n  \n  \n\t\n\n\n\n<div class=\"bde-text-136-107-987-136-1 bde-text bde-text-136-107\">\n\n<\/div><h6 class=\"bde-heading-136-112-987-136-1 bde-heading bde-heading-136-112\">\nMagdalena\n<\/h6><div class=\"bde-text-136-113-987-136-1 bde-text bde-text-136-113\">\nFarmac\u00e9utico\n<\/div>\n<\/div><div class=\"bde-div-136-111-987-136-1 bde-div bde-div-136-111\">\n  \n  \n\t\n\n\n\n<div class=\"bde-image-136-109-987-136-1 bde-image bde-image-136-109\">\n<figure class=\"breakdance-image breakdance-image--971\">\n\t<div class=\"breakdance-image-container\">\n\t\t<div class=\"breakdance-image-clip\"><img loading=\"lazy\" decoding=\"async\" class=\"breakdance-image-object\" src=\"https:\/\/swisshrmed.ch\/wp-content\/uploads\/20230106_141810-150x150.jpg\" width=\"150\" height=\"150\" srcset=\"https:\/\/swisshrmed.ch\/wp-content\/uploads\/20230106_141810-scaled.jpg 1920w, https:\/\/swisshrmed.ch\/wp-content\/uploads\/20230106_141810-225x300.jpg 225w, https:\/\/swisshrmed.ch\/wp-content\/uploads\/20230106_141810-768x1024.jpg 768w, https:\/\/swisshrmed.ch\/wp-content\/uploads\/20230106_141810-1152x1536.jpg 1152w, https:\/\/swisshrmed.ch\/wp-content\/uploads\/20230106_141810-1536x2048.jpg 1536w, https:\/\/swisshrmed.ch\/wp-content\/uploads\/20230106_141810-9x12.jpg 9w\" sizes=\"auto, (max-width: 1920px) 100vw, 1920px\" alt=\"foto de perfil\"><\/div>\n\t<\/div><\/figure>\n\n<\/div>\n<\/div>\n<\/div>\n<\/div>\n<\/div>    <\/article>\n<\/div>\r\n<\/div><div class=\"bde-button-325-105-325-1 bde-button bde-button-325-105\">\n    \n                        \n                        \n    \n    \n    \n    \n            \n                    \n            \n            \n\n    \n    \n    \n    \n    \n    <a class=\"breakdance-link button-atom button-atom--text bde-button__button\" href=\"\/es\/historias\/\" target=\"_self\" data-type=\"url\"  >\n\n    \n        <span class=\"button-atom__text\">Leer m\u00e1s historias<\/span>\n\n        \n                    \n    <span class=\"button-atom__icon-wrapper\">\n\n        \n            <svg class=\"un-arrow-icon\" xmlns=\"http:\/\/www.w3.org\/2000\/svg\" width=\"32\" height=\"32\" viewbox=\"0 0 32 32\">\n                <g fill=\"none\" stroke-width=\"1.9\" stroke-linejoin=\"round\" stroke-miterlimit=\"10\">\n                    <circle class=\"un-arrow-icon_circle\" cx=\"16\" cy=\"16\" r=\"15.12\"><\/circle>\n                    <path class=\"un-arrow-icon_arrow\" d=\"M16.14 9.93L22.21 16l-6.07 6.07M8.23 16h13.98\"><\/path>\n                <\/g>\n            <\/svg>\n\n        \n    <\/span>\n\n\n        \n                <\/a>\n\n    \n\n\n<\/div><\/div>\n<\/section><\/div>","protected":false},"excerpt":{"rendered":"<p>Services Vermittlung Home Vermittlung f\u00fcr Spit\u00e4ler, Kliniken und Gesundheitsinstitutionen in der Schweiz Schritt f\u00fcr Schritt zu h\u00f6chster Zufriedenheit. Unsere sorgf\u00e4ltige und pers\u00f6nliche Vorgehensweise garantiert eine nachhaltige Besetzung Ihrer offenen Stellen mit dem passenden, kompetenten Fachpersonal. In erster Linie aus dem Ausland, aber auch aus dem Inland. Dabei beschr\u00e4nken wir uns nicht nur auf die reine [&hellip;]<\/p>\n","protected":false},"author":2,"featured_media":828,"parent":0,"menu_order":0,"comment_status":"closed","ping_status":"closed","template":"","meta":{"_acf_changed":false,"_breakdance_hide_in_design_set":false,"_breakdance_tags":"","footnotes":""},"class_list":["post-232","page","type-page","status-publish","has-post-thumbnail","hentry"],"acf":[],"_links":{"self":[{"href":"https:\/\/swisshrmed.ch\/es\/wp-json\/wp\/v2\/pages\/232","targetHints":{"allow":["GET"]}}],"collection":[{"href":"https:\/\/swisshrmed.ch\/es\/wp-json\/wp\/v2\/pages"}],"about":[{"href":"https:\/\/swisshrmed.ch\/es\/wp-json\/wp\/v2\/types\/page"}],"author":[{"embeddable":true,"href":"https:\/\/swisshrmed.ch\/es\/wp-json\/wp\/v2\/users\/2"}],"replies":[{"embeddable":true,"href":"https:\/\/swisshrmed.ch\/es\/wp-json\/wp\/v2\/comments?post=232"}],"version-history":[{"count":15,"href":"https:\/\/swisshrmed.ch\/es\/wp-json\/wp\/v2\/pages\/232\/revisions"}],"predecessor-version":[{"id":898,"href":"https:\/\/swisshrmed.ch\/es\/wp-json\/wp\/v2\/pages\/232\/revisions\/898"}],"wp:featuredmedia":[{"embeddable":true,"href":"https:\/\/swisshrmed.ch\/es\/wp-json\/wp\/v2\/media\/828"}],"wp:attachment":[{"href":"https:\/\/swisshrmed.ch\/es\/wp-json\/wp\/v2\/media?parent=232"}],"curies":[{"name":"wp","href":"https:\/\/api.w.org\/{rel}","templated":true}]}}