{"id":29,"date":"2023-08-10T13:19:31","date_gmt":"2023-08-10T11:19:31","guid":{"rendered":"https:\/\/swisshrmed.ch\/?page_id=29"},"modified":"2023-09-29T20:33:03","modified_gmt":"2023-09-29T18:33:03","slug":"concepto-de-lengua","status":"publish","type":"page","link":"https:\/\/swisshrmed.ch\/es\/sprachkonzept\/","title":{"rendered":"Concepto de lengua"},"content":{"rendered":"<section class=\"bde-section-29-100 bde-section\">\n  \n  \n\t\n\n\n\n<div class=\"section-container\"><div class=\"bde-div-29-101 bde-div\">\n              \n  \n  \n\t\n\n  <div class=\"section-background-overlay\"><\/div>\n\n\n<a class=\"bde-container-link-29-102 bde-container-link breakdance-link\" href=\"#\" target=\"_self\">\n  \n  \n\t\n\n\n\n<div class=\"bde-text-29-103 bde-text\">\nServicios<br>\n<\/div>\n\n<\/a><h1 class=\"bde-heading-29-104 bde-heading\">\nConcepto de lengua\n<\/h1>\n<\/div><\/div>\n<\/section><section class=\"bde-section-29-105 bde-section\">\n  \n  \n\t\n\n\n\n<div class=\"section-container\"><div class=\"bde-breadcrumbs-29-106 bde-breadcrumbs\"><nav aria-label=\"pan rallado\" class=\"rank-math-breadcrumb\"><p><span class=\"last\">Inicio<\/span><\/p><\/nav><\/div><div class=\"bde-columns-29-107 bde-columns\"><div class=\"bde-column-29-108 bde-column\">\n  \n  \n\t\n\n\n\n<h2 class=\"bde-heading-29-109 bde-heading\">\nEl concepto ling\u00fc\u00edstico Lingua garantiza la contrataci\u00f3n continua, a medio y largo plazo, de profesionales m\u00e9dicos altamente cualificados\n<\/h2><div class=\"bde-text-29-110 bde-text\">\nEl concepto ling\u00fc\u00edstico de Swiss HRmed Lingua es la soluci\u00f3n a largo plazo para sus problemas de personal. Gracias a nuestros muchos a\u00f1os de experiencia en la contrataci\u00f3n y colocaci\u00f3n de profesionales m\u00e9dicos altamente cualificados, principalmente del extranjero, podemos ayudarle de forma innovadora a estabilizar su planificaci\u00f3n de personal, fomentar la satisfacci\u00f3n de los empleados y garantizar la calidad de su tratamiento.<br><br>Adem\u00e1s, el concepto ling\u00fc\u00edstico de Swiss HRmed Lingua reduce los costes de contrataci\u00f3n, ya que garantiza inversiones asequibles y predecibles y asegura que los empleados leales contratados de este modo trabajar\u00e1n y permanecer\u00e1n en su organizaci\u00f3n durante mucho tiempo.<br>\n<\/div><h3 class=\"bde-heading-29-111 bde-heading\">\nC\u00f3mo contratamos y trabajamos\n<\/h3><div class=\"bde-div-29-112 bde-div\">\n  \n  \n\t\n\n\n\n<div class=\"bde-div-29-113 bde-div\">\n  \n  \n\t\n\n\n\n<div class=\"bde-div-29-114 bde-div\">\n  \n  \n\t\n\n\n\n<div class=\"bde-div-29-115 bde-div\">\n  \n  \n\t\n\n\n\n<h1 class=\"bde-heading-29-116 bde-heading\">\n1\n<\/h1>\n<\/div>\n<\/div><div class=\"bde-div-29-117 bde-div\">\n  \n  \n\t\n\n\n\n<h4 class=\"bde-heading-29-118 bde-heading\">\nContrataci\u00f3n\n<\/h4><div class=\"bde-text-29-119 bde-text\">\nTras la selecci\u00f3n inicial por parte de nuestras agencias asociadas, nos ponemos en contacto con los candidatos personalmente y hablamos de sus inquietudes individuales, sus deseos y las condiciones generales del concepto ling\u00fc\u00edstico. Si hay inter\u00e9s mutuo, se invita a los candidatos al viaje informativo a su organizaci\u00f3n. \n<\/div>\n<\/div>\n<\/div><div class=\"bde-div-29-120 bde-div\">\n  \n  \n\t\n\n\n\n<div class=\"bde-div-29-121 bde-div\">\n  \n  \n\t\n\n\n\n<div class=\"bde-div-29-122 bde-div\">\n  \n  \n\t\n\n\n\n<h1 class=\"bde-heading-29-123 bde-heading\">\n2\n<\/h1>\n<\/div>\n<\/div><div class=\"bde-div-29-124 bde-div\">\n  \n  \n\t\n\n\n\n<h4 class=\"bde-heading-29-125 bde-heading\">\nViaje informativo a su organizaci\u00f3n\n<\/h4><div class=\"bde-text-29-126 bde-text\">\nEl viaje informativo permite conocerse mejor. Los candidatos se llevan una buena impresi\u00f3n del posible nuevo lugar de trabajo, lo que aumenta considerablemente su motivaci\u00f3n para formar parte de su equipo. Adem\u00e1s, como empresa, obtendr\u00e1 una buena primera impresi\u00f3n de los candidatos, adem\u00e1s de las entrevistas que tambi\u00e9n tendr\u00e1n lugar durante este programa de un d\u00eda.\n<\/div>\n<\/div>\n<\/div><div class=\"bde-div-29-127 bde-div\">\n  \n  \n\t\n\n\n\n<div class=\"bde-div-29-128 bde-div\">\n  \n  \n\t\n\n\n\n<div class=\"bde-div-29-129 bde-div\">\n  \n  \n\t\n\n\n\n<h1 class=\"bde-heading-29-130 bde-heading\">\n3\n<\/h1>\n<\/div>\n<\/div><div class=\"bde-div-29-131 bde-div\">\n  \n  \n\t\n\n\n\n<h4 class=\"bde-heading-29-132 bde-heading\">\nCursos de idiomas en Alemania\n<\/h4><div class=\"bde-text-29-133 bde-text\">\nTras el acuerdo mutuo y las formalidades contractuales, los candidatos realizar\u00e1n un curso de idiomas en Alemania. Aqu\u00ed, el apoyo y el progreso lo organiza un socio de confianza de Suiza, por lo que usted, como empresa, permanece estrechamente implicado. El examen de idioma se completa con un certificado reconocido de alem\u00e1n B2, que tambi\u00e9n es necesario para el reconocimiento SRC y el reconocimiento MEBEKO.\n<\/div>\n<\/div>\n<\/div><div class=\"bde-div-29-134 bde-div\">\n  \n  \n\t\n\n\n\n<div class=\"bde-div-29-135 bde-div\">\n  \n  \n\t\n\n\n\n<div class=\"bde-div-29-136 bde-div\">\n  \n  \n\t\n\n\n\n<h1 class=\"bde-heading-29-137 bde-heading\">\n4\n<\/h1>\n<\/div>\n<\/div><div class=\"bde-div-29-138 bde-div\">\n  \n  \n\t\n\n\n\n<h4 class=\"bde-heading-29-139 bde-heading\">\nInicio de los trabajos\n<\/h4><div class=\"bde-text-29-140 bde-text\">\n\u00a1Los candidatos est\u00e1n listos para trabajar! Adem\u00e1s de conocimientos cualitativos, sus nuevos empleados tambi\u00e9n tienen ahora conocimientos suficientes de alem\u00e1n para iniciar una relaci\u00f3n laboral atractiva. Esto beneficia el proceso de iniciaci\u00f3n y familiarizaci\u00f3n, mantiene alta la calidad del trabajo en su empresa y su planificaci\u00f3n de personal es estable a largo plazo.<br>\n<\/div>\n<\/div>\n<\/div>\n<\/div>\n<\/div><div class=\"bde-column-29-141 bde-column\">\n  \n  \n\t\n\n\n\n<div class=\"bde-globalblock-29-142 bde-globalblock\"><div class=\"bde-div-590-100-590-1 bde-div bde-div-590-100\">\n  \n  \n\t\n\n\n\n<div class=\"bde-image-590-101-590-1 bde-image bde-image-590-101\">\n<figure class=\"breakdance-image breakdance-image--1520\">\n\t<div class=\"breakdance-image-container\">\n\t\t<div class=\"breakdance-image-clip\"><img loading=\"lazy\" decoding=\"async\" class=\"breakdance-image-object\" src=\"https:\/\/swisshrmed.ch\/wp-content\/uploads\/IMG_9114-Large-768x1024.webp\" width=\"768\" height=\"1024\" srcset=\"https:\/\/swisshrmed.ch\/wp-content\/uploads\/IMG_9114-Large.webp 960w, https:\/\/swisshrmed.ch\/wp-content\/uploads\/IMG_9114-Large-225x300.webp 225w, https:\/\/swisshrmed.ch\/wp-content\/uploads\/IMG_9114-Large-768x1024.webp 768w, https:\/\/swisshrmed.ch\/wp-content\/uploads\/IMG_9114-Large-9x12.webp 9w\" sizes=\"auto, (max-width: 960px) 100vw, 960px\"><\/div>\n\t<\/div><\/figure>\n\n<\/div><div class=\"bde-div-590-102-590-1 bde-div bde-div-590-102\">\n  \n  \n\t\n\n\n\n<h5 class=\"bde-heading-590-103-590-1 bde-heading bde-heading-590-103\">\nConozca a Brigit\n<\/h5><div class=\"bde-text-590-104-590-1 bde-text bde-text-590-104\">\nMis muchos a\u00f1os de experiencia y carrera en el sector sanitario, tanto en Suiza como en el extranjero, me permiten ofrecer apoyo para todas las necesidades de contrataci\u00f3n en el sector sanitario de forma personalizada y sostenible.\n<\/div><div class=\"bde-button-590-105-590-1 bde-button bde-button-590-105\">\n    \n                                    \n    \n    \n    \n    \n            \n                    \n            \n            \n\n    \n    \n    \n    \n    \n    <a class=\"breakdance-link button-atom button-atom--primary bde-button__button\" href=\"\/es\/pongase-en-contacto-con\/\" target=\"_self\" data-type=\"url\"  >\n\n    \n        <span class=\"button-atom__text\">Contacto con Brigit<\/span>\n\n        \n        \n                <\/a>\n\n    \n\n\n<\/div>\n<\/div>\n<\/div><\/div>\n<\/div><\/div><\/div>\n<\/section><section class=\"bde-section-29-143 bde-section\">\n  \n  \n\t\n\n\n\n<div class=\"section-container\"><div class=\"bde-columns-29-144 bde-columns\"><div class=\"bde-column-29-145 bde-column\">\n  \n  \n\t\n\n\n\n<h3 class=\"bde-heading-29-146 bde-heading\">\nMayor estabilidad de la mano de obra\n<\/h3><div class=\"bde-text-29-147 bde-text\">\nCon el concepto ling\u00fc\u00edstico de Lingua, conseguir\u00e1 estabilidad del personal a medio y largo plazo, con una menor rotaci\u00f3n de personal y empleados m\u00e1s satisfechos gracias a equipos completos y estables. El concepto ling\u00fc\u00edstico tambi\u00e9n garantiza un crecimiento continuo, predecible y a largo plazo de la plantilla.\n<\/div>\n<\/div><div class=\"bde-column-29-148 bde-column\">\n  \n  \n\t\n\n\n\n<h3 class=\"bde-heading-29-149 bde-heading\">\nMayor calidad del tratamiento\n<\/h3><div class=\"bde-text-29-150 bde-text\">\nUna plantilla estable asegura y aumenta la calidad del tratamiento en su organizaci\u00f3n. El concepto ling\u00fc\u00edstico de Lingua garantiza que los empleados leales permanezcan con usted durante m\u00e1s tiempo, de modo que no se pierda la experiencia y se garantice el tratamiento por personal especializado altamente cualificado. Todo ello redunda directamente en una mayor satisfacci\u00f3n del cliente.\n<\/div>\n<\/div><\/div><\/div>\n<\/section><section class=\"bde-section-29-151 bde-section\">\n  \n  \n\t\n\n\n\n<div class=\"section-container\"><a class=\"bde-container-link-29-152 bde-container-link breakdance-link\" href=\"#\" target=\"_self\">\n  \n  \n\t\n\n\n\n<div class=\"bde-text-29-153 bde-text\">\nHistorias\n<\/div>\n\n<\/a><h2 class=\"bde-heading-29-154 bde-heading\">\nLo que clientes y expertos dicen de nosotros\n<\/h2><div class=\"bde-post-loop-29-155 bde-post-loop\"><div class=\"bde-loop bde-loop-grid ee-posts ee-posts-grid\">    <article class=\"bde-loop-item ee-post\">\n        <div class=\"bde-div-136-100-2390-136-1 bde-div bde-div-136-100\">\n  \n  \n\t\n\n\n\n<div class=\"bde-div-136-115-2390-136-1 bde-div bde-div-136-115\">\n  \n  \n\t\n\n\n\n<div class=\"bde-div-136-114-2390-136-1 bde-div bde-div-136-114\">\n  \n  \n\t\n\n\n\n<div class=\"bde-code-block-136-101-2390-136-1 bde-code-block bde-code-block-136-101\">\n\n  <div class=\"star-container\"><img decoding=\"async\" src=\"https:\/\/swisshrmed.ch\/wp-content\/uploads\/star-solid-yellow.svg\" alt=\"lleno de estrellas\"><img decoding=\"async\" src=\"https:\/\/swisshrmed.ch\/wp-content\/uploads\/star-solid-yellow.svg\" alt=\"lleno de estrellas\"><img decoding=\"async\" src=\"https:\/\/swisshrmed.ch\/wp-content\/uploads\/star-solid-yellow.svg\" alt=\"lleno de estrellas\"><img decoding=\"async\" src=\"https:\/\/swisshrmed.ch\/wp-content\/uploads\/star-solid-yellow.svg\" alt=\"lleno de estrellas\"><img decoding=\"async\" src=\"https:\/\/swisshrmed.ch\/wp-content\/uploads\/star-solid-yellow.svg\" alt=\"lleno de estrellas\"><\/div>\n\n\n<\/div><a class=\"bde-container-link-136-103-2390-136-1 bde-container-link bde-container-link-136-103 breakdance-link\" href=\"#\" target=\"_self\">\n  \n  \n\t\n\n\n\n<div class=\"bde-text-136-104-2390-136-1 bde-text bde-text-136-104\">\nEspecialista\n<\/div>\n\n<\/a><div class=\"bde-text-136-105-2390-136-1 bde-text bde-text-136-105\">\n<p>Brigit von Swiss HRmed encontr\u00f3 el hospital adecuado de manera muy espec\u00edfica seg\u00fan mis deseos, \u00a1y funcion\u00f3 a la primera!<\/p>\n\n<\/div>\n<\/div><div class=\"bde-div-136-106-2390-136-1 bde-div bde-div-136-106\">\n  \n  \n\t\n\n\n\n<div class=\"bde-div-136-110-2390-136-1 bde-div bde-div-136-110\">\n  \n  \n\t\n\n\n\n<div class=\"bde-text-136-107-2390-136-1 bde-text bde-text-136-107\">\n\n<\/div><h6 class=\"bde-heading-136-112-2390-136-1 bde-heading bde-heading-136-112\">\nNicole\n<\/h6><div class=\"bde-text-136-113-2390-136-1 bde-text bde-text-136-113\">\nEspecialista certificado en radiolog\u00eda\n<\/div>\n<\/div><div class=\"bde-div-136-111-2390-136-1 bde-div bde-div-136-111\">\n  \n  \n\t\n\n\n\n<div class=\"bde-image-136-109-2390-136-1 bde-image bde-image-136-109\">\n<figure class=\"breakdance-image breakdance-image--2382\">\n\t<div class=\"breakdance-image-container\">\n\t\t<div class=\"breakdance-image-clip\"><img loading=\"lazy\" decoding=\"async\" class=\"breakdance-image-object\" src=\"https:\/\/swisshrmed.ch\/wp-content\/uploads\/Interview-SwissHR-med-Nicole-2-150x150.jpeg\" width=\"150\" height=\"150\" srcset=\"https:\/\/swisshrmed.ch\/wp-content\/uploads\/Interview-SwissHR-med-Nicole-2.jpeg 1205w, https:\/\/swisshrmed.ch\/wp-content\/uploads\/Interview-SwissHR-med-Nicole-2-200x300.jpeg 200w, https:\/\/swisshrmed.ch\/wp-content\/uploads\/Interview-SwissHR-med-Nicole-2-683x1024.jpeg 683w, https:\/\/swisshrmed.ch\/wp-content\/uploads\/Interview-SwissHR-med-Nicole-2-768x1152.jpeg 768w, https:\/\/swisshrmed.ch\/wp-content\/uploads\/Interview-SwissHR-med-Nicole-2-1024x1536.jpeg 1024w, https:\/\/swisshrmed.ch\/wp-content\/uploads\/Interview-SwissHR-med-Nicole-2-8x12.jpeg 8w\" sizes=\"auto, (max-width: 1205px) 100vw, 1205px\" alt=\"foto de perfil\"><\/div>\n\t<\/div><\/figure>\n\n<\/div>\n<\/div>\n<\/div>\n<\/div>\n<\/div>    <\/article>\n    <article class=\"bde-loop-item ee-post\">\n        <div class=\"bde-div-136-100-2241-136-1 bde-div bde-div-136-100\">\n  \n  \n\t\n\n\n\n<div class=\"bde-div-136-115-2241-136-1 bde-div bde-div-136-115\">\n  \n  \n\t\n\n\n\n<div class=\"bde-div-136-114-2241-136-1 bde-div bde-div-136-114\">\n  \n  \n\t\n\n\n\n<div class=\"bde-code-block-136-101-2241-136-1 bde-code-block bde-code-block-136-101\">\n\n  <div class=\"star-container\"><img decoding=\"async\" src=\"https:\/\/swisshrmed.ch\/wp-content\/uploads\/star-solid-yellow.svg\" alt=\"lleno de estrellas\"><img decoding=\"async\" src=\"https:\/\/swisshrmed.ch\/wp-content\/uploads\/star-solid-yellow.svg\" alt=\"lleno de estrellas\"><img decoding=\"async\" src=\"https:\/\/swisshrmed.ch\/wp-content\/uploads\/star-solid-yellow.svg\" alt=\"lleno de estrellas\"><img decoding=\"async\" src=\"https:\/\/swisshrmed.ch\/wp-content\/uploads\/star-solid-yellow.svg\" alt=\"lleno de estrellas\"><img decoding=\"async\" src=\"https:\/\/swisshrmed.ch\/wp-content\/uploads\/star-solid-yellow.svg\" alt=\"lleno de estrellas\"><\/div>\n\n\n<\/div><a class=\"bde-container-link-136-103-2241-136-1 bde-container-link bde-container-link-136-103 breakdance-link\" href=\"#\" target=\"_self\">\n  \n  \n\t\n\n\n\n<div class=\"bde-text-136-104-2241-136-1 bde-text bde-text-136-104\">\nEspecialista\n<\/div>\n\n<\/a><div class=\"bde-text-136-105-2241-136-1 bde-text bde-text-136-105\">\n<p>Quiero dar las gracias a Swiss HRmed por su gran cooperaci\u00f3n. Su paciencia, su motivaci\u00f3n y su humanidad fueron un gran apoyo para m\u00ed.<\/p>\n\n<\/div>\n<\/div><div class=\"bde-div-136-106-2241-136-1 bde-div bde-div-136-106\">\n  \n  \n\t\n\n\n\n<div class=\"bde-div-136-110-2241-136-1 bde-div bde-div-136-110\">\n  \n  \n\t\n\n\n\n<div class=\"bde-text-136-107-2241-136-1 bde-text bde-text-136-107\">\n\n<\/div><h6 class=\"bde-heading-136-112-2241-136-1 bde-heading bde-heading-136-112\">\nEric\n<\/h6><div class=\"bde-text-136-113-2241-136-1 bde-text bde-text-136-113\">\nEspecialista en radiolog\u00eda\n<\/div>\n<\/div><div class=\"bde-div-136-111-2241-136-1 bde-div bde-div-136-111\">\n  \n  \n\t\n\n\n\n<div class=\"bde-image-136-109-2241-136-1 bde-image bde-image-136-109\">\n<figure class=\"breakdance-image breakdance-image--2242\">\n\t<div class=\"breakdance-image-container\">\n\t\t<div class=\"breakdance-image-clip\"><img loading=\"lazy\" decoding=\"async\" class=\"breakdance-image-object\" src=\"https:\/\/swisshrmed.ch\/wp-content\/uploads\/2025_10_14_Kee_Portraitbild-Eric-LINONGI-1994-150x150.jpg\" width=\"150\" height=\"150\" srcset=\"https:\/\/swisshrmed.ch\/wp-content\/uploads\/2025_10_14_Kee_Portraitbild-Eric-LINONGI-1994.jpg 928w, https:\/\/swisshrmed.ch\/wp-content\/uploads\/2025_10_14_Kee_Portraitbild-Eric-LINONGI-1994-174x300.jpg 174w, https:\/\/swisshrmed.ch\/wp-content\/uploads\/2025_10_14_Kee_Portraitbild-Eric-LINONGI-1994-594x1024.jpg 594w, https:\/\/swisshrmed.ch\/wp-content\/uploads\/2025_10_14_Kee_Portraitbild-Eric-LINONGI-1994-768x1324.jpg 768w, https:\/\/swisshrmed.ch\/wp-content\/uploads\/2025_10_14_Kee_Portraitbild-Eric-LINONGI-1994-891x1536.jpg 891w, https:\/\/swisshrmed.ch\/wp-content\/uploads\/2025_10_14_Kee_Portraitbild-Eric-LINONGI-1994-7x12.jpg 7w\" sizes=\"auto, (max-width: 928px) 100vw, 928px\" alt=\"foto de perfil\"><\/div>\n\t<\/div><\/figure>\n\n<\/div>\n<\/div>\n<\/div>\n<\/div>\n<\/div>    <\/article>\n    <article class=\"bde-loop-item ee-post\">\n        <div class=\"bde-div-136-100-1617-136-1 bde-div bde-div-136-100\">\n  \n  \n\t\n\n\n\n<div class=\"bde-div-136-115-1617-136-1 bde-div bde-div-136-115\">\n  \n  \n\t\n\n\n\n<div class=\"bde-div-136-114-1617-136-1 bde-div bde-div-136-114\">\n  \n  \n\t\n\n\n\n<div class=\"bde-code-block-136-101-1617-136-1 bde-code-block bde-code-block-136-101\">\n\n  <div class=\"star-container\"><img decoding=\"async\" src=\"https:\/\/swisshrmed.ch\/wp-content\/uploads\/star-solid-yellow.svg\" alt=\"lleno de estrellas\"><img decoding=\"async\" src=\"https:\/\/swisshrmed.ch\/wp-content\/uploads\/star-solid-yellow.svg\" alt=\"lleno de estrellas\"><img decoding=\"async\" src=\"https:\/\/swisshrmed.ch\/wp-content\/uploads\/star-solid-yellow.svg\" alt=\"lleno de estrellas\"><img decoding=\"async\" src=\"https:\/\/swisshrmed.ch\/wp-content\/uploads\/star-solid-yellow.svg\" alt=\"lleno de estrellas\"><img decoding=\"async\" src=\"https:\/\/swisshrmed.ch\/wp-content\/uploads\/star-solid-yellow.svg\" alt=\"lleno de estrellas\"><\/div>\n\n\n<\/div><a class=\"bde-container-link-136-103-1617-136-1 bde-container-link bde-container-link-136-103 breakdance-link\" href=\"#\" target=\"_self\">\n  \n  \n\t\n\n\n\n<div class=\"bde-text-136-104-1617-136-1 bde-text bde-text-136-104\">\nEspecialista\n<\/div>\n\n<\/a><div class=\"bde-text-136-105-1617-136-1 bde-text bde-text-136-105\">\n<p>Swiss HRmed me ayud\u00f3 mucho en mi b\u00fasqueda de empleo. El equipo es profesional, amable y eficiente. Tienen buenos contactos con hospitales y con su ayuda encontr\u00e9 trabajo r\u00e1pidamente. Recomiendo encarecidamente a Swiss HRmed.<\/p>\n\n<\/div>\n<\/div><div class=\"bde-div-136-106-1617-136-1 bde-div bde-div-136-106\">\n  \n  \n\t\n\n\n\n<div class=\"bde-div-136-110-1617-136-1 bde-div bde-div-136-110\">\n  \n  \n\t\n\n\n\n<div class=\"bde-text-136-107-1617-136-1 bde-text bde-text-136-107\">\n\n<\/div><h6 class=\"bde-heading-136-112-1617-136-1 bde-heading bde-heading-136-112\">\nNiina\n<\/h6><div class=\"bde-text-136-113-1617-136-1 bde-text bde-text-136-113\">\nCuidador\n<\/div>\n<\/div><div class=\"bde-div-136-111-1617-136-1 bde-div bde-div-136-111\">\n  \n  \n\t\n\n\n\n<div class=\"bde-image-136-109-1617-136-1 bde-image bde-image-136-109\">\n<figure class=\"breakdance-image breakdance-image--1618\">\n\t<div class=\"breakdance-image-container\">\n\t\t<div class=\"breakdance-image-clip\"><img loading=\"lazy\" decoding=\"async\" class=\"breakdance-image-object\" src=\"https:\/\/swisshrmed.ch\/wp-content\/uploads\/image-150x150.webp\" width=\"150\" height=\"150\" srcset=\"https:\/\/swisshrmed.ch\/wp-content\/uploads\/image.webp 331w, https:\/\/swisshrmed.ch\/wp-content\/uploads\/image-296x300.webp 296w, https:\/\/swisshrmed.ch\/wp-content\/uploads\/image-12x12.webp 12w\" sizes=\"auto, (max-width: 331px) 100vw, 331px\" alt=\"foto de perfil\"><\/div>\n\t<\/div><\/figure>\n\n<\/div>\n<\/div>\n<\/div>\n<\/div>\n<\/div>    <\/article>\n<\/div>\r\n<\/div><div class=\"bde-button-29-156 bde-button\">\n    \n                        \n                        \n    \n    \n    \n    \n            \n                    \n            \n            \n\n    \n    \n    \n    \n    \n    <a class=\"breakdance-link button-atom button-atom--text bde-button__button\" href=\"\/es\/historias\/\" target=\"_self\" data-type=\"url\"  >\n\n    \n        <span class=\"button-atom__text\">Leer m\u00e1s historias<\/span>\n\n        \n                    \n    <span class=\"button-atom__icon-wrapper\">\n\n        \n            <svg class=\"un-arrow-icon\" xmlns=\"http:\/\/www.w3.org\/2000\/svg\" width=\"32\" height=\"32\" viewbox=\"0 0 32 32\">\n                <g fill=\"none\" stroke-width=\"1.9\" stroke-linejoin=\"round\" stroke-miterlimit=\"10\">\n                    <circle class=\"un-arrow-icon_circle\" cx=\"16\" cy=\"16\" r=\"15.12\"><\/circle>\n                    <path class=\"un-arrow-icon_arrow\" d=\"M16.14 9.93L22.21 16l-6.07 6.07M8.23 16h13.98\"><\/path>\n                <\/g>\n            <\/svg>\n\n        \n    <\/span>\n\n\n        \n                <\/a>\n\n    \n\n\n<\/div><\/div>\n<\/section>","protected":false},"excerpt":{"rendered":"<p>Services Sprachkonzept Home Das Sprachkonzept Lingua sorgt f\u00fcr kontinuierliche, mittel -und langfristige Personalgewinnung von hoch qualifiziertem, medizinischem Fachpersonal Das Swiss HRmed Sprachkonzept Lingua ist die langfristige L\u00f6sung f\u00fcr Ihr Personalproblem. Durch unsere jahrelange Erfahrung in der Rekrutierung und Vermittlung von hoch qualifiziertem, medizinischem Fachpersonal, mehrheitlich aus dem Ausland, helfen wir innovativ, Ihre Personalplanung zu stabilisieren, [&hellip;]<\/p>\n","protected":false},"author":1,"featured_media":741,"parent":0,"menu_order":0,"comment_status":"closed","ping_status":"closed","template":"","meta":{"_acf_changed":false,"_breakdance_hide_in_design_set":false,"_breakdance_tags":"","footnotes":""},"class_list":["post-29","page","type-page","status-publish","has-post-thumbnail","hentry"],"acf":[],"_links":{"self":[{"href":"https:\/\/swisshrmed.ch\/es\/wp-json\/wp\/v2\/pages\/29","targetHints":{"allow":["GET"]}}],"collection":[{"href":"https:\/\/swisshrmed.ch\/es\/wp-json\/wp\/v2\/pages"}],"about":[{"href":"https:\/\/swisshrmed.ch\/es\/wp-json\/wp\/v2\/types\/page"}],"author":[{"embeddable":true,"href":"https:\/\/swisshrmed.ch\/es\/wp-json\/wp\/v2\/users\/1"}],"replies":[{"embeddable":true,"href":"https:\/\/swisshrmed.ch\/es\/wp-json\/wp\/v2\/comments?post=29"}],"version-history":[{"count":11,"href":"https:\/\/swisshrmed.ch\/es\/wp-json\/wp\/v2\/pages\/29\/revisions"}],"predecessor-version":[{"id":895,"href":"https:\/\/swisshrmed.ch\/es\/wp-json\/wp\/v2\/pages\/29\/revisions\/895"}],"wp:featuredmedia":[{"embeddable":true,"href":"https:\/\/swisshrmed.ch\/es\/wp-json\/wp\/v2\/media\/741"}],"wp:attachment":[{"href":"https:\/\/swisshrmed.ch\/es\/wp-json\/wp\/v2\/media?parent=29"}],"curies":[{"name":"wp","href":"https:\/\/api.w.org\/{rel}","templated":true}]}}