{"id":361,"date":"2023-08-13T15:09:58","date_gmt":"2023-08-13T13:09:58","guid":{"rendered":"https:\/\/swisshrmed.ch\/?page_id=361"},"modified":"2024-08-21T10:17:20","modified_gmt":"2024-08-21T08:17:20","slug":"consultoria-de-rrhh","status":"publish","type":"page","link":"https:\/\/swisshrmed.ch\/es\/hr-beratung\/","title":{"rendered":"Consultor\u00eda de RRHH para profesionales de la medicina"},"content":{"rendered":"<section class=\"bde-section-361-100 bde-section\">\n  \n  \n\t\n\n\n\n<div class=\"section-container\"><div class=\"bde-div-361-101 bde-div\">\n              \n  \n  \n\t\n\n  <div class=\"section-background-overlay\"><\/div>\n\n\n<a class=\"bde-container-link-361-102 bde-container-link breakdance-link\" href=\"#\" target=\"_self\">\n  \n  \n\t\n\n\n\n<div class=\"bde-text-361-103 bde-text\">\nServicios<br>\n<\/div>\n\n<\/a><h1 class=\"bde-heading-361-104 bde-heading\">\nConsultor\u00eda de RRHH\n<\/h1>\n<\/div><\/div>\n<\/section><section class=\"bde-section-361-105 bde-section\">\n  \n  \n\t\n\n\n\n<div class=\"section-container\"><div class=\"bde-breadcrumbs-361-106 bde-breadcrumbs\"><nav aria-label=\"pan rallado\" class=\"rank-math-breadcrumb\"><p><span class=\"last\">Inicio<\/span><\/p><\/nav><\/div><div class=\"bde-columns-361-107 bde-columns\"><div class=\"bde-column-361-108 bde-column\">\n  \n  \n\t\n\n\n\n<h2 class=\"bde-heading-361-162 bde-heading\">\nConsultor\u00eda de RRHH para profesionales de la medicina\n<\/h2><div class=\"bde-text-361-109 bde-text\">\nTambi\u00e9n estamos a tu disposici\u00f3n para asesorarte en materia de recursos humanos. Despu\u00e9s de una colocaci\u00f3n exitosa, tambi\u00e9n le proporcionaremos un amplio apoyo en el camino hacia su nueva fase de vida en Suiza. Bas\u00e1ndose en a\u00f1os de experiencia, Swiss HRmed conoce los requisitos oficiales y las leyes relativas a la contrataci\u00f3n de personal especializado procedente del extranjero y permanecer\u00e1 en contacto con usted despu\u00e9s de la contrataci\u00f3n para apoyarle en el proceso de RRHH e inmigraci\u00f3n.<br><br>Nuestro objetivo es ofrecerle el mejor comienzo organizado posible para su nueva etapa de la vida. Por ello, tambi\u00e9n estamos a su disposici\u00f3n si tiene alguna pregunta sobre los siguientes temas y podemos recurrir a nuestra red profesional.<br><br>\n<\/div><h3 class=\"bde-heading-361-110 bde-heading\">\nAsesoramos sobre\n<\/h3><div class=\"bde-div-361-111 bde-div\">\n  \n  \n\t\n\n\n\n<div class=\"bde-div-361-112 bde-div\">\n  \n  \n\t\n\n\n\n<div class=\"bde-div-361-113 bde-div\">\n  \n  \n\t\n\n\n\n<div class=\"bde-div-361-114 bde-div\">\n  \n  \n\t\n\n\n\n<h1 class=\"bde-heading-361-115 bde-heading\">\n1\n<\/h1>\n<\/div>\n<\/div><div class=\"bde-div-361-116 bde-div\">\n  \n  \n\t\n\n\n\n<h4 class=\"bde-heading-361-117 bde-heading\">\nInmigraci\u00f3n y permiso de residencia\/trabajo\n<\/h4><div class=\"bde-text-361-118 bde-text\">\nLa inmigraci\u00f3n a Suiza conlleva las obligaciones necesarias. Swiss HRmed le gu\u00eda paso a paso por este procedimiento y le ayuda a solicitar el permiso de residencia\/trabajo correcto.\n<\/div>\n<\/div>\n<\/div><div class=\"bde-div-361-119 bde-div\">\n  \n  \n\t\n\n\n\n<div class=\"bde-div-361-120 bde-div\">\n  \n  \n\t\n\n\n\n<div class=\"bde-div-361-121 bde-div\">\n  \n  \n\t\n\n\n\n<h1 class=\"bde-heading-361-122 bde-heading\">\n2\n<\/h1>\n<\/div>\n<\/div><div class=\"bde-div-361-123 bde-div\">\n  \n  \n\t\n\n\n\n<h4 class=\"bde-heading-361-124 bde-heading\">\nEncontrar alojamiento e inscribirse en el registro municipal\n<\/h4><div class=\"bde-text-361-125 bde-text\">\nHay varias maneras de encontrar alojamiento en Suiza en los primeros meses. Swiss HRmed le ayudar\u00e1 con los primeros pasos y le proporcionar\u00e1 la informaci\u00f3n y los consejos necesarios para aumentar sus posibilidades en el mercado inmobiliario.\n<\/div>\n<\/div>\n<\/div><div class=\"bde-div-361-126 bde-div\">\n  \n  \n\t\n\n\n\n<div class=\"bde-div-361-127 bde-div\">\n  \n  \n\t\n\n\n\n<div class=\"bde-div-361-128 bde-div\">\n  \n  \n\t\n\n\n\n<h1 class=\"bde-heading-361-129 bde-heading\">\n3\n<\/h1>\n<\/div>\n<\/div><div class=\"bde-div-361-130 bde-div\">\n  \n  \n\t\n\n\n\n<h4 class=\"bde-heading-361-131 bde-heading\">\nSeguros obligatorios y recomendados\n<\/h4><div class=\"bde-text-361-132 bde-text\">\nEl seguro de enfermedad tambi\u00e9n es obligatorio en Suiza. Adem\u00e1s, cada situaci\u00f3n personal requiere un seguro recomendado, como el seguro del hogar, el seguro de responsabilidad civil y\/o el seguro del autom\u00f3vil. Para evitar un exceso de seguros, Swiss HRmed recurre a nuestra red para ofrecerle asesoramiento especializado tambi\u00e9n en este \u00e1mbito.\n<\/div>\n<\/div>\n<\/div><div class=\"bde-div-361-133 bde-div\">\n  \n  \n\t\n\n\n\n<div class=\"bde-div-361-134 bde-div\">\n  \n  \n\t\n\n\n\n<div class=\"bde-div-361-135 bde-div\">\n  \n  \n\t\n\n\n\n<h1 class=\"bde-heading-361-136 bde-heading\">\n4\n<\/h1>\n<\/div>\n<\/div><div class=\"bde-div-361-137 bde-div\">\n  \n  \n\t\n\n\n\n<h4 class=\"bde-heading-361-138 bde-heading\">\nVarios temas de RRHH\n<\/h4><div class=\"bde-text-361-139 bde-text\">\nEsto podr\u00eda incluir la revisi\u00f3n conjunta de tu contrato de trabajo para que sepas lo que est\u00e1s firmando. Tambi\u00e9n tenemos mucha experiencia en ayudarle a obtener el reconocimiento de su t\u00edtulo por parte de la SRC (Cruz Roja Suiza) y la MEBEKO (Comisi\u00f3n de Profesiones M\u00e9dicas). Estos organismos exigen varios documentos, con o sin traducci\u00f3n jurada, lo que puede llevar mucho tiempo. Para acelerar este proceso, comprobamos juntos si dispone de todos los documentos requeridos y aclaramos con usted cualquier cuesti\u00f3n pendiente.\n<\/div>\n<\/div>\n<\/div>\n<\/div>\n<\/div><div class=\"bde-column-361-140 bde-column\">\n  \n  \n\t\n\n\n\n<div class=\"bde-globalblock-361-164 bde-globalblock\"><div class=\"bde-div-590-100-590-1 bde-div bde-div-590-100\">\n  \n  \n\t\n\n\n\n<div class=\"bde-image-590-101-590-1 bde-image bde-image-590-101\">\n<figure class=\"breakdance-image breakdance-image--1520\">\n\t<div class=\"breakdance-image-container\">\n\t\t<div class=\"breakdance-image-clip\"><img loading=\"lazy\" decoding=\"async\" class=\"breakdance-image-object\" src=\"https:\/\/swisshrmed.ch\/wp-content\/uploads\/IMG_9114-Large-768x1024.webp\" width=\"768\" height=\"1024\" srcset=\"https:\/\/swisshrmed.ch\/wp-content\/uploads\/IMG_9114-Large.webp 960w, https:\/\/swisshrmed.ch\/wp-content\/uploads\/IMG_9114-Large-225x300.webp 225w, https:\/\/swisshrmed.ch\/wp-content\/uploads\/IMG_9114-Large-768x1024.webp 768w, https:\/\/swisshrmed.ch\/wp-content\/uploads\/IMG_9114-Large-9x12.webp 9w\" sizes=\"auto, (max-width: 960px) 100vw, 960px\"><\/div>\n\t<\/div><\/figure>\n\n<\/div><div class=\"bde-div-590-102-590-1 bde-div bde-div-590-102\">\n  \n  \n\t\n\n\n\n<h5 class=\"bde-heading-590-103-590-1 bde-heading bde-heading-590-103\">\nConozca a Brigit\n<\/h5><div class=\"bde-text-590-104-590-1 bde-text bde-text-590-104\">\nMis muchos a\u00f1os de experiencia y carrera en el sector sanitario, tanto en Suiza como en el extranjero, me permiten ofrecer apoyo para todas las necesidades de contrataci\u00f3n en el sector sanitario de forma personalizada y sostenible.\n<\/div><div class=\"bde-button-590-105-590-1 bde-button bde-button-590-105\">\n    \n                                    \n    \n    \n    \n    \n            \n                    \n            \n            \n\n    \n    \n    \n    \n    \n    <a class=\"breakdance-link button-atom button-atom--primary bde-button__button\" href=\"\/es\/pongase-en-contacto-con\/\" target=\"_self\" data-type=\"url\"  >\n\n    \n        <span class=\"button-atom__text\">Contacto con Brigit<\/span>\n\n        \n        \n                <\/a>\n\n    \n\n\n<\/div>\n<\/div>\n<\/div><\/div>\n<\/div><\/div><\/div>\n<\/section><section class=\"bde-section-361-147 bde-section\">\n  \n  \n\t\n\n\n\n<div class=\"section-container\"><div class=\"bde-columns-361-148 bde-columns\"><div class=\"bde-column-361-149 bde-column\">\n  \n  \n\t\n\n\n\n<h3 class=\"bde-heading-361-150 bde-heading\">\nReagrupaci\u00f3n familiar\n<\/h3><div class=\"bde-text-361-151 bde-text\">\nSwiss HRmed tambi\u00e9n est\u00e1 a su disposici\u00f3n si viene a Suiza con su familia. Tambi\u00e9n asesoramos a las parejas, por ejemplo, en la preparaci\u00f3n de CV y otros documentos y en la solicitud de puestos de trabajo en \u00e1mbitos no m\u00e9dicos. Tambi\u00e9n podemos asesorarle, por ejemplo, sobre guarder\u00edas, prestaciones familiares u otras prestaciones a las que pueda tener derecho.<br>\n<\/div>\n<\/div><div class=\"bde-column-361-152 bde-column\">\n  \n  \n\t\n\n\n\n<h3 class=\"bde-heading-361-153 bde-heading\">\nConsultor\u00eda de RRHH sin mediaci\u00f3n previa\n<\/h3><div class=\"bde-text-361-154 bde-text\">\nSi desea asesoramiento en materia de RRHH sin mediaci\u00f3n previa o si su pregunta no est\u00e1 relacionada con los temas enumerados anteriormente, Swiss HRmed tambi\u00e9n est\u00e1 a su disposici\u00f3n y le invitamos a ponerse en contacto con nosotros con cualquier duda que pueda tener.<br>\n<\/div>\n<\/div><\/div><\/div>\n<\/section><div class=\"bde-globalblock-361-163 bde-globalblock\"><section class=\"bde-section-325-100-325-1 bde-section bde-section-325-100\">\n  \n  \n\t\n\n\n\n<div class=\"section-container\"><a class=\"bde-container-link-325-101-325-1 bde-container-link bde-container-link-325-101 breakdance-link\" href=\"#\" target=\"_self\">\n  \n  \n\t\n\n\n\n<div class=\"bde-text-325-102-325-1 bde-text bde-text-325-102\">\nHistorias\n<\/div>\n\n<\/a><h2 class=\"bde-heading-325-103-325-1 bde-heading bde-heading-325-103\">\nLo que clientes y expertos dicen de nosotros\n<\/h2><div class=\"bde-post-loop-325-104-325-1 bde-post-loop bde-post-loop-325-104\"><div class=\"bde-loop bde-loop-grid ee-posts ee-posts-grid\">    <article class=\"bde-loop-item ee-post\">\n        <div class=\"bde-div-136-100-164-136-1 bde-div bde-div-136-100\">\n  \n  \n\t\n\n\n\n<div class=\"bde-div-136-115-164-136-1 bde-div bde-div-136-115\">\n  \n  \n\t\n\n\n\n<div class=\"bde-div-136-114-164-136-1 bde-div bde-div-136-114\">\n  \n  \n\t\n\n\n\n<div class=\"bde-code-block-136-101-164-136-1 bde-code-block bde-code-block-136-101\">\n\n  <div class=\"star-container\"><img decoding=\"async\" src=\"https:\/\/swisshrmed.ch\/wp-content\/uploads\/star-solid-yellow.svg\" alt=\"lleno de estrellas\"><img decoding=\"async\" src=\"https:\/\/swisshrmed.ch\/wp-content\/uploads\/star-solid-yellow.svg\" alt=\"lleno de estrellas\"><img decoding=\"async\" src=\"https:\/\/swisshrmed.ch\/wp-content\/uploads\/star-solid-yellow.svg\" alt=\"lleno de estrellas\"><img decoding=\"async\" src=\"https:\/\/swisshrmed.ch\/wp-content\/uploads\/star-solid-yellow.svg\" alt=\"lleno de estrellas\"><img decoding=\"async\" src=\"https:\/\/swisshrmed.ch\/wp-content\/uploads\/star-solid-yellow.svg\" alt=\"lleno de estrellas\"><\/div>\n\n\n<\/div><a class=\"bde-container-link-136-103-164-136-1 bde-container-link bde-container-link-136-103 breakdance-link\" href=\"#\" target=\"_self\">\n  \n  \n\t\n\n\n\n<div class=\"bde-text-136-104-164-136-1 bde-text bde-text-136-104\">\nCliente\n<\/div>\n\n<\/a><div class=\"bde-text-136-105-164-136-1 bde-text bde-text-136-105\">\n<p>Lo que m\u00e1s aprecio de Swiss HRmed es el apoyo personal, amable y basado en la confianza. El hecho de que Brigit conozca tanto nuestra profesi\u00f3n como nuestra cl\u00ednica por experiencia propia marca la diferencia para m\u00ed.<\/p>\n\n<\/div>\n<\/div><div class=\"bde-div-136-106-164-136-1 bde-div bde-div-136-106\">\n  \n  \n\t\n\n\n\n<div class=\"bde-div-136-110-164-136-1 bde-div bde-div-136-110\">\n  \n  \n\t\n\n\n\n<div class=\"bde-text-136-107-164-136-1 bde-text bde-text-136-107\">\n\n<\/div><h6 class=\"bde-heading-136-112-164-136-1 bde-heading bde-heading-136-112\">\nBettina\n<\/h6><div class=\"bde-text-136-113-164-136-1 bde-text bde-text-136-113\">\nJefe de Radiolog\u00eda Balgrist\n<\/div>\n<\/div><div class=\"bde-div-136-111-164-136-1 bde-div bde-div-136-111\">\n  \n  \n\t\n\n\n\n<div class=\"bde-image-136-109-164-136-1 bde-image bde-image-136-109\">\n<figure class=\"breakdance-image breakdance-image--718\">\n\t<div class=\"breakdance-image-container\">\n\t\t<div class=\"breakdance-image-clip\"><img loading=\"lazy\" decoding=\"async\" class=\"breakdance-image-object\" src=\"https:\/\/swisshrmed.ch\/wp-content\/uploads\/Bettina-150x150.jpg\" width=\"150\" height=\"150\" srcset=\"https:\/\/swisshrmed.ch\/wp-content\/uploads\/Bettina.jpg 320w, https:\/\/swisshrmed.ch\/wp-content\/uploads\/Bettina-300x300.jpg 300w, https:\/\/swisshrmed.ch\/wp-content\/uploads\/Bettina-150x150.jpg 150w, https:\/\/swisshrmed.ch\/wp-content\/uploads\/Bettina-12x12.jpg 12w\" sizes=\"auto, (max-width: 320px) 100vw, 320px\" alt=\"foto de perfil\"><\/div>\n\t<\/div><\/figure>\n\n<\/div>\n<\/div>\n<\/div>\n<\/div>\n<\/div>    <\/article>\n    <article class=\"bde-loop-item ee-post\">\n        <div class=\"bde-div-136-100-165-136-1 bde-div bde-div-136-100\">\n  \n  \n\t\n\n\n\n<div class=\"bde-div-136-115-165-136-1 bde-div bde-div-136-115\">\n  \n  \n\t\n\n\n\n<div class=\"bde-div-136-114-165-136-1 bde-div bde-div-136-114\">\n  \n  \n\t\n\n\n\n<div class=\"bde-code-block-136-101-165-136-1 bde-code-block bde-code-block-136-101\">\n\n  <div class=\"star-container\"><img decoding=\"async\" src=\"https:\/\/swisshrmed.ch\/wp-content\/uploads\/star-solid-yellow.svg\" alt=\"lleno de estrellas\"><img decoding=\"async\" src=\"https:\/\/swisshrmed.ch\/wp-content\/uploads\/star-solid-yellow.svg\" alt=\"lleno de estrellas\"><img decoding=\"async\" src=\"https:\/\/swisshrmed.ch\/wp-content\/uploads\/star-solid-yellow.svg\" alt=\"lleno de estrellas\"><img decoding=\"async\" src=\"https:\/\/swisshrmed.ch\/wp-content\/uploads\/star-solid-yellow.svg\" alt=\"lleno de estrellas\"><img decoding=\"async\" src=\"https:\/\/swisshrmed.ch\/wp-content\/uploads\/star-solid-yellow.svg\" alt=\"lleno de estrellas\"><\/div>\n\n\n<\/div><a class=\"bde-container-link-136-103-165-136-1 bde-container-link bde-container-link-136-103 breakdance-link\" href=\"#\" target=\"_self\">\n  \n  \n\t\n\n\n\n<div class=\"bde-text-136-104-165-136-1 bde-text bde-text-136-104\">\nEspecialista\n<\/div>\n\n<\/a><div class=\"bde-text-136-105-165-136-1 bde-text bde-text-136-105\">\n<p>Incluso despu\u00e9s de m\u00e1s de 6 a\u00f1os, casi todos los fines de semana parecen unas minivacaciones. Esto se debe a las muchas y atractivas actividades (al aire libre) que se pueden hacer aqu\u00ed y a la belleza del entorno. Nunca resulta aburrido.<\/p>\n\n<\/div>\n<\/div><div class=\"bde-div-136-106-165-136-1 bde-div bde-div-136-106\">\n  \n  \n\t\n\n\n\n<div class=\"bde-div-136-110-165-136-1 bde-div bde-div-136-110\">\n  \n  \n\t\n\n\n\n<div class=\"bde-text-136-107-165-136-1 bde-text bde-text-136-107\">\n\n<\/div><h6 class=\"bde-heading-136-112-165-136-1 bde-heading bde-heading-136-112\">\nVera\n<\/h6><div class=\"bde-text-136-113-165-136-1 bde-text bde-text-136-113\">\nEspecialista certificado en radiolog\u00eda\n<\/div>\n<\/div><div class=\"bde-div-136-111-165-136-1 bde-div bde-div-136-111\">\n  \n  \n\t\n\n\n\n<div class=\"bde-image-136-109-165-136-1 bde-image bde-image-136-109\">\n<figure class=\"breakdance-image breakdance-image--717\">\n\t<div class=\"breakdance-image-container\">\n\t\t<div class=\"breakdance-image-clip\"><img loading=\"lazy\" decoding=\"async\" class=\"breakdance-image-object\" src=\"https:\/\/swisshrmed.ch\/wp-content\/uploads\/Vera-150x150.jpg\" width=\"150\" height=\"150\" srcset=\"https:\/\/swisshrmed.ch\/wp-content\/uploads\/Vera.jpg 800w, https:\/\/swisshrmed.ch\/wp-content\/uploads\/Vera-300x300.jpg 300w, https:\/\/swisshrmed.ch\/wp-content\/uploads\/Vera-150x150.jpg 150w, https:\/\/swisshrmed.ch\/wp-content\/uploads\/Vera-768x768.jpg 768w, https:\/\/swisshrmed.ch\/wp-content\/uploads\/Vera-12x12.jpg 12w\" sizes=\"auto, (max-width: 800px) 100vw, 800px\" alt=\"foto de perfil\"><\/div>\n\t<\/div><\/figure>\n\n<\/div>\n<\/div>\n<\/div>\n<\/div>\n<\/div>    <\/article>\n    <article class=\"bde-loop-item ee-post\">\n        <div class=\"bde-div-136-100-907-136-1 bde-div bde-div-136-100\">\n  \n  \n\t\n\n\n\n<div class=\"bde-div-136-115-907-136-1 bde-div bde-div-136-115\">\n  \n  \n\t\n\n\n\n<div class=\"bde-div-136-114-907-136-1 bde-div bde-div-136-114\">\n  \n  \n\t\n\n\n\n<div class=\"bde-code-block-136-101-907-136-1 bde-code-block bde-code-block-136-101\">\n\n  <div class=\"star-container\"><img decoding=\"async\" src=\"https:\/\/swisshrmed.ch\/wp-content\/uploads\/star-solid-yellow.svg\" alt=\"lleno de estrellas\"><img decoding=\"async\" src=\"https:\/\/swisshrmed.ch\/wp-content\/uploads\/star-solid-yellow.svg\" alt=\"lleno de estrellas\"><img decoding=\"async\" src=\"https:\/\/swisshrmed.ch\/wp-content\/uploads\/star-solid-yellow.svg\" alt=\"lleno de estrellas\"><img decoding=\"async\" src=\"https:\/\/swisshrmed.ch\/wp-content\/uploads\/star-solid-yellow.svg\" alt=\"lleno de estrellas\"><img decoding=\"async\" src=\"https:\/\/swisshrmed.ch\/wp-content\/uploads\/star-solid-yellow.svg\" alt=\"lleno de estrellas\"><\/div>\n\n\n<\/div><a class=\"bde-container-link-136-103-907-136-1 bde-container-link bde-container-link-136-103 breakdance-link\" href=\"#\" target=\"_self\">\n  \n  \n\t\n\n\n\n<div class=\"bde-text-136-104-907-136-1 bde-text bde-text-136-104\">\nEspecialista\n<\/div>\n\n<\/a><div class=\"bde-text-136-105-907-136-1 bde-text bde-text-136-105\">\n<p>Estoy encantada con toda la ayuda que Swiss HRmed me ha prestado. Me guiaron en cada paso del proceso de inmigraci\u00f3n.<\/p>\n\n<\/div>\n<\/div><div class=\"bde-div-136-106-907-136-1 bde-div bde-div-136-106\">\n  \n  \n\t\n\n\n\n<div class=\"bde-div-136-110-907-136-1 bde-div bde-div-136-110\">\n  \n  \n\t\n\n\n\n<div class=\"bde-text-136-107-907-136-1 bde-text bde-text-136-107\">\n\n<\/div><h6 class=\"bde-heading-136-112-907-136-1 bde-heading bde-heading-136-112\">\nDjenaba\n<\/h6><div class=\"bde-text-136-113-907-136-1 bde-text bde-text-136-113\">\nCuidador\n<\/div>\n<\/div><div class=\"bde-div-136-111-907-136-1 bde-div bde-div-136-111\">\n  \n  \n\t\n\n\n\n<div class=\"bde-image-136-109-907-136-1 bde-image bde-image-136-109\">\n<figure class=\"breakdance-image breakdance-image--908\">\n\t<div class=\"breakdance-image-container\">\n\t\t<div class=\"breakdance-image-clip\"><img loading=\"lazy\" decoding=\"async\" class=\"breakdance-image-object\" src=\"https:\/\/swisshrmed.ch\/wp-content\/uploads\/foto-cv-150x150.jpg\" width=\"150\" height=\"150\" srcset=\"https:\/\/swisshrmed.ch\/wp-content\/uploads\/foto-cv-scaled.jpg 1920w, https:\/\/swisshrmed.ch\/wp-content\/uploads\/foto-cv-225x300.jpg 225w, https:\/\/swisshrmed.ch\/wp-content\/uploads\/foto-cv-768x1024.jpg 768w, https:\/\/swisshrmed.ch\/wp-content\/uploads\/foto-cv-1152x1536.jpg 1152w, https:\/\/swisshrmed.ch\/wp-content\/uploads\/foto-cv-1536x2048.jpg 1536w, https:\/\/swisshrmed.ch\/wp-content\/uploads\/foto-cv-9x12.jpg 9w\" sizes=\"auto, (max-width: 1920px) 100vw, 1920px\" alt=\"foto de perfil\"><\/div>\n\t<\/div><\/figure>\n\n<\/div>\n<\/div>\n<\/div>\n<\/div>\n<\/div>    <\/article>\n<\/div>\r\n<\/div><div class=\"bde-button-325-105-325-1 bde-button bde-button-325-105\">\n    \n                        \n                        \n    \n    \n    \n    \n            \n                    \n            \n            \n\n    \n    \n    \n    \n    \n    <a class=\"breakdance-link button-atom button-atom--text bde-button__button\" href=\"\/es\/historias\/\" target=\"_self\" data-type=\"url\"  >\n\n    \n        <span class=\"button-atom__text\">Leer m\u00e1s historias<\/span>\n\n        \n                    \n    <span class=\"button-atom__icon-wrapper\">\n\n        \n            <svg class=\"un-arrow-icon\" xmlns=\"http:\/\/www.w3.org\/2000\/svg\" width=\"32\" height=\"32\" viewbox=\"0 0 32 32\">\n                <g fill=\"none\" stroke-width=\"1.9\" stroke-linejoin=\"round\" stroke-miterlimit=\"10\">\n                    <circle class=\"un-arrow-icon_circle\" cx=\"16\" cy=\"16\" r=\"15.12\"><\/circle>\n                    <path class=\"un-arrow-icon_arrow\" d=\"M16.14 9.93L22.21 16l-6.07 6.07M8.23 16h13.98\"><\/path>\n                <\/g>\n            <\/svg>\n\n        \n    <\/span>\n\n\n        \n                <\/a>\n\n    \n\n\n<\/div><\/div>\n<\/section><\/div>","protected":false},"excerpt":{"rendered":"<p>Services HR Beratung Home HR Beratung f\u00fcr medizinisches Fachpersonal Auch f\u00fcr HR Beratung sind wir f\u00fcr Sie da! Nach erfolgreicher Vermittlung begleiten wir Sie auch umfassend auf dem Weg in ihren neuen Lebensabschnitt in der Schweiz. Basierend auf jahrelangen Erfahrung kennt Swiss HRmed die beh\u00f6rdigen Vorgaben und Gesetze bei der Anstellung von Fachpersonal aus dem [&hellip;]<\/p>\n","protected":false},"author":2,"featured_media":826,"parent":0,"menu_order":0,"comment_status":"closed","ping_status":"closed","template":"","meta":{"_acf_changed":false,"_breakdance_hide_in_design_set":false,"_breakdance_tags":"","footnotes":""},"class_list":["post-361","page","type-page","status-publish","has-post-thumbnail","hentry"],"acf":[],"_links":{"self":[{"href":"https:\/\/swisshrmed.ch\/es\/wp-json\/wp\/v2\/pages\/361","targetHints":{"allow":["GET"]}}],"collection":[{"href":"https:\/\/swisshrmed.ch\/es\/wp-json\/wp\/v2\/pages"}],"about":[{"href":"https:\/\/swisshrmed.ch\/es\/wp-json\/wp\/v2\/types\/page"}],"author":[{"embeddable":true,"href":"https:\/\/swisshrmed.ch\/es\/wp-json\/wp\/v2\/users\/2"}],"replies":[{"embeddable":true,"href":"https:\/\/swisshrmed.ch\/es\/wp-json\/wp\/v2\/comments?post=361"}],"version-history":[{"count":15,"href":"https:\/\/swisshrmed.ch\/es\/wp-json\/wp\/v2\/pages\/361\/revisions"}],"predecessor-version":[{"id":1305,"href":"https:\/\/swisshrmed.ch\/es\/wp-json\/wp\/v2\/pages\/361\/revisions\/1305"}],"wp:featuredmedia":[{"embeddable":true,"href":"https:\/\/swisshrmed.ch\/es\/wp-json\/wp\/v2\/media\/826"}],"wp:attachment":[{"href":"https:\/\/swisshrmed.ch\/es\/wp-json\/wp\/v2\/media?parent=361"}],"curies":[{"name":"wp","href":"https:\/\/api.w.org\/{rel}","templated":true}]}}