{"id":1513,"date":"2024-12-11T21:09:39","date_gmt":"2024-12-11T20:09:39","guid":{"rendered":"https:\/\/swisshrmed.ch\/?page_id=1513"},"modified":"2026-02-27T13:43:10","modified_gmt":"2026-02-27T12:43:10","slug":"equipe","status":"publish","type":"page","link":"https:\/\/swisshrmed.ch\/fr\/team\/","title":{"rendered":"\u00c9quipe"},"content":{"rendered":"<section class=\"bde-section-1513-100 bde-section\">\n              \n  \n  \n\t\n\n\n\n<div class=\"section-container\"><div class=\"bde-div-1513-103 bde-div\">\n              \n  \n  \n\t\n\n  <div class=\"section-background-overlay\"><\/div>\n\n\n<h1 class=\"bde-heading-1513-104 bde-heading\">\nNotre \u00e9quipe\n<\/h1>\n<\/div><h2 class=\"bde-heading-1513-133 bde-heading\">\nPersonnel, Engag\u00e9, Transparent\n<\/h2><div class=\"bde-text-1513-105 bde-text\">\nChez SwissHRmed, le suivi personnel et la communication ouverte sont au centre de nos pr\u00e9occupations. Nous croyons en une collaboration honn\u00eate et transparente, dans laquelle nous nous renfor\u00e7ons mutuellement et grandissons ensemble. Chaque membre de l'\u00e9quipe apporte une expertise et un engagement uniques, ce qui nous permet de cr\u00e9er des collaborations durables et pr\u00e9cieuses tant pour les professionnels de la sant\u00e9 que pour les organisations de sant\u00e9.\n<\/div><div class=\"bde-button-1513-176 bde-button\">\n    \n                                    \n    \n    \n    \n    \n            \n                    \n            \n            \n\n    \n    \n    \n    \n    \n    <a class=\"breakdance-link button-atom button-atom--primary bde-button__button\" href=\"https:\/\/swisshrmed.ch\/fr\/a-propos-de-nous\/\" target=\"_self\" data-type=\"url\"  >\n\n    \n        <span class=\"button-atom__text\">En savoir plus sur Swiss HRmed<\/span>\n\n        \n        \n                <\/a>\n\n    \n\n\n<\/div><\/div>\n<\/section><section class=\"bde-section-1513-106 bde-section\">\n  \n  \n\t\n\n\n\n<div class=\"section-container\"><div class=\"bde-div-1513-115 bde-div\">\n  \n  \n\t\n\n\n\n<div class=\"bde-div-1513-177 bde-div\">\n  \n  \n\t\n\n\n\n<div class=\"bde-div-1513-116 bde-div\">\n  \n  \n\t\n\n\n\n<h1 class=\"bde-heading-1513-117 bde-heading\">\nBrigit\n<\/h1><div class=\"bde-badge-1513-118 bde-badge\">\n<span >PDG<\/span>\n<\/div>\n<\/div><div class=\"bde-div-1513-119 bde-div\">\n  \n  \n\t\n\n\n\n<div class=\"bde-icon-list-1513-134 bde-icon-list bde-icon-list--background\">\n<ul>\n  \n              \n    <li>\n                      \n            \n            \n\n    \n    \n    \n    \n    \n    <a class=\"breakdance-link bde-icon-list__item-wrapper\" href=\"mailto:brigit.friedrich@swisshrmed.ch?subject=Contact via Website&body=\" target=\"_self\" data-type=\"contact\"  >\n\n      \n      <span class='bde-icon-list__icon'>\n        <svg xmlns=\"http:\/\/www.w3.org\/2000\/svg\" viewbox=\"0 0 512 512\"><!-- Font Awesome Free 5.15.1 by @fontawesome - https:\/\/fontawesome.com License - https:\/\/fontawesome.com\/license\/free (Icons: CC BY 4.0, Fonts: SIL OFL 1.1, Code: MIT License) --><path d=\"M502.3 190.8c3.9-3.1 9.7-.2 9.7 4.7V400c0 26.5-21.5 48-48 48H48c-26.5 0-48-21.5-48-48V195.6c0-5 5.7-7.8 9.7-4.7 22.4 17.4 52.1 39.5 154.1 113.6 21.1 15.4 56.7 47.8 92.2 47.6 35.7.3 72-32.8 92.3-47.6 102-74.1 131.6-96.3 154-113.7zM256 320c23.2.4 56.6-29.2 73.4-41.4 132.7-96.3 142.8-104.7 173.4-128.7 5.8-4.5 9.2-11.5 9.2-18.9v-19c0-26.5-21.5-48-48-48H48C21.5 64 0 85.5 0 112v19c0 7.4 3.4 14.3 9.2 18.9 30.6 23.9 40.7 32.4 173.4 128.7 16.8 12.2 50.2 41.8 73.4 41.4z\"\/><\/svg>\n      <\/span>\n      <span class='bde-icon-list__text' >\n      brigit.friedrich@swisshrmed.ch\n      <\/span>\n                  <\/a>\n\n      \n    <\/li>\n\n  \n              \n    <li>\n                      \n            \n            \n\n    \n    \n    \n    \n    \n    <a class=\"breakdance-link bde-icon-list__item-wrapper\" href=\"tel:+41 41 541 50 00\" target=\"_self\" data-type=\"contact\"  >\n\n      \n      <span class='bde-icon-list__icon'>\n        <svg xmlns=\"http:\/\/www.w3.org\/2000\/svg\" id=\"icon-phone\" viewbox=\"0 0 32 32\">\n<path d=\"M22 20c-2 2-2 4-4 4s-4-2-6-4-4-4-4-6 2-2 4-4-4-8-6-8-6 6-6 6c0 4 4.109 12.109 8 16s12 8 16 8c0 0 6-4 6-6s-6-8-8-6z\"\/>\n<\/svg>\n      <\/span>\n      <span class='bde-icon-list__text' >\n       +41 41 541 50 00\n      <\/span>\n                  <\/a>\n\n      \n    <\/li>\n\n  \n              \n    <li>\n                      \n            \n            \n\n    \n    \n    \n    \n    \n    <a class=\"breakdance-link bde-icon-list__item-wrapper\" href=\"https:\/\/www.linkedin.com\/in\/brigit-friedrich-54396017\/\" target=\"_self\" data-type=\"url\" rel=\"noopener noreferrer nofollow\">\n\n      \n      <span class='bde-icon-list__icon'>\n        <svg xmlns=\"http:\/\/www.w3.org\/2000\/svg\" viewbox=\"0 0 448 512\"><!-- Font Awesome Free 5.15.1 by @fontawesome - https:\/\/fontawesome.com License - https:\/\/fontawesome.com\/license\/free (Icons: CC BY 4.0, Fonts: SIL OFL 1.1, Code: MIT License) --><path d=\"M100.28 448H7.4V148.9h92.88zM53.79 108.1C24.09 108.1 0 83.5 0 53.8a53.79 53.79 0 0 1 107.58 0c0 29.7-24.1 54.3-53.79 54.3zM447.9 448h-92.68V302.4c0-34.7-.7-79.2-48.29-79.2-48.29 0-55.69 37.7-55.69 76.7V448h-92.78V148.9h89.08v40.8h1.3c12.4-23.5 42.69-48.3 87.88-48.3 94 0 111.28 61.9 111.28 142.3V448z\"\/><\/svg>\n      <\/span>\n      <span class='bde-icon-list__text' >\n      Se connecter avec moi\n      <\/span>\n                  <\/a>\n\n      \n    <\/li>\n\n  <\/ul>\n\n<\/div>\n<\/div>\n<\/div><div class=\"bde-text-1513-178 bde-text\">\nEn tant que CEO et entrepreneur avec une longue exp\u00e9rience dans le secteur de la sant\u00e9, tant en Suisse qu'\u00e0 l'international, je suis en mesure d'offrir un soutien et des solutions sur mesure pour toutes les exigences en mati\u00e8re de ressources humaines dans le secteur de la sant\u00e9. Je travaille en \u00e9troite collaboration avec les institutions de sant\u00e9 afin d'identifier les besoins individuels et de les mettre en \u0153uvre ensemble de mani\u00e8re personnalis\u00e9e et durable. Mon objectif est de d\u00e9velopper des strat\u00e9gies efficaces qui non seulement r\u00e9pondent aux exigences actuelles, mais qui contribuent \u00e9galement \u00e0 l'am\u00e9lioration des conditions de travail et de la qualit\u00e9 des soins \u00e0 long terme.\n<\/div>\n<\/div><div class=\"bde-div-1513-127 bde-div\">\n  \n  \n\t\n\n\n\n<div class=\"bde-div-1513-179 bde-div\">\n  \n  \n\t\n\n\n\n<div class=\"bde-div-1513-128 bde-div\">\n  \n  \n\t\n\n\n\n<h1 class=\"bde-heading-1513-129 bde-heading\">\nEsmee\n<\/h1><div class=\"bde-badge-1513-130 bde-badge\">\n<span >Recrutement<\/span>\n<\/div>\n<\/div><div class=\"bde-div-1513-137 bde-div\">\n  \n  \n\t\n\n\n\n<div class=\"bde-icon-list-1513-138 bde-icon-list bde-icon-list--background\">\n<ul>\n  \n              \n    <li>\n                      \n            \n            \n\n    \n    \n    \n    \n    \n    <a class=\"breakdance-link bde-icon-list__item-wrapper\" href=\"mailto:esmee.kerens@swisshrmed.ch?subject=Contact via Website&body=\" target=\"_self\" data-type=\"contact\"  >\n\n      \n      <span class='bde-icon-list__icon'>\n        <svg xmlns=\"http:\/\/www.w3.org\/2000\/svg\" viewbox=\"0 0 512 512\"><!-- Font Awesome Free 5.15.1 by @fontawesome - https:\/\/fontawesome.com License - https:\/\/fontawesome.com\/license\/free (Icons: CC BY 4.0, Fonts: SIL OFL 1.1, Code: MIT License) --><path d=\"M502.3 190.8c3.9-3.1 9.7-.2 9.7 4.7V400c0 26.5-21.5 48-48 48H48c-26.5 0-48-21.5-48-48V195.6c0-5 5.7-7.8 9.7-4.7 22.4 17.4 52.1 39.5 154.1 113.6 21.1 15.4 56.7 47.8 92.2 47.6 35.7.3 72-32.8 92.3-47.6 102-74.1 131.6-96.3 154-113.7zM256 320c23.2.4 56.6-29.2 73.4-41.4 132.7-96.3 142.8-104.7 173.4-128.7 5.8-4.5 9.2-11.5 9.2-18.9v-19c0-26.5-21.5-48-48-48H48C21.5 64 0 85.5 0 112v19c0 7.4 3.4 14.3 9.2 18.9 30.6 23.9 40.7 32.4 173.4 128.7 16.8 12.2 50.2 41.8 73.4 41.4z\"\/><\/svg>\n      <\/span>\n      <span class='bde-icon-list__text' >\n      esmee.kerens@swisshrmed.ch\n      <\/span>\n                  <\/a>\n\n      \n    <\/li>\n\n  \n              \n    <li>\n                      \n            \n            \n\n    \n    \n    \n    \n    \n    <a class=\"breakdance-link bde-icon-list__item-wrapper\" href=\"tel:+41 41 541 50 00\" target=\"_self\" data-type=\"contact\"  >\n\n      \n      <span class='bde-icon-list__icon'>\n        <svg xmlns=\"http:\/\/www.w3.org\/2000\/svg\" id=\"icon-phone\" viewbox=\"0 0 32 32\">\n<path d=\"M22 20c-2 2-2 4-4 4s-4-2-6-4-4-4-4-6 2-2 4-4-4-8-6-8-6 6-6 6c0 4 4.109 12.109 8 16s12 8 16 8c0 0 6-4 6-6s-6-8-8-6z\"\/>\n<\/svg>\n      <\/span>\n      <span class='bde-icon-list__text' >\n      +41 76 541 95 34\n      <\/span>\n                  <\/a>\n\n      \n    <\/li>\n\n  \n              \n    <li>\n                      \n            \n            \n\n    \n    \n    \n    \n    \n    <a class=\"breakdance-link bde-icon-list__item-wrapper\" href=\"https:\/\/www.linkedin.com\/in\/esmee-kerens\/\" target=\"_self\" data-type=\"url\" rel=\"noopener noreferrer nofollow\">\n\n      \n      <span class='bde-icon-list__icon'>\n        <svg xmlns=\"http:\/\/www.w3.org\/2000\/svg\" viewbox=\"0 0 448 512\"><!-- Font Awesome Free 5.15.1 by @fontawesome - https:\/\/fontawesome.com License - https:\/\/fontawesome.com\/license\/free (Icons: CC BY 4.0, Fonts: SIL OFL 1.1, Code: MIT License) --><path d=\"M100.28 448H7.4V148.9h92.88zM53.79 108.1C24.09 108.1 0 83.5 0 53.8a53.79 53.79 0 0 1 107.58 0c0 29.7-24.1 54.3-53.79 54.3zM447.9 448h-92.68V302.4c0-34.7-.7-79.2-48.29-79.2-48.29 0-55.69 37.7-55.69 76.7V448h-92.78V148.9h89.08v40.8h1.3c12.4-23.5 42.69-48.3 87.88-48.3 94 0 111.28 61.9 111.28 142.3V448z\"\/><\/svg>\n      <\/span>\n      <span class='bde-icon-list__text' >\n      Se connecter avec moi\n      <\/span>\n                  <\/a>\n\n      \n    <\/li>\n\n  <\/ul>\n\n<\/div>\n<\/div>\n<\/div><div class=\"bde-text-1513-180 bde-text\">\nDans le cadre de ma responsabilit\u00e9 dans le recrutement de personnel m\u00e9dical sp\u00e9cialis\u00e9 en provenance des Pays-Bas, je soutiens les client(e)s tout au long du processus, de A \u00e0 Z, notamment en ce qui concerne l'int\u00e9gration et la reconnaissance des dipl\u00f4mes aupr\u00e8s des autorit\u00e9s suisses. Gr\u00e2ce \u00e0 mon exp\u00e9rience personnelle - j'ai moi-m\u00eame suivi ce parcours il y a quelques ann\u00e9es en tant qu'infirmi\u00e8re dipl\u00f4m\u00e9e et je continue \u00e0 travailler activement dans le domaine des soins - je parviens \u00e0 accompagner les clients\/clientes de mani\u00e8re authentique et \u00e0 leur indiquer la voie optimale pour leur avenir. Cette combinaison d'expertise professionnelle et de compr\u00e9hension personnelle me permet d'aborder les d\u00e9fis individuels de mani\u00e8re cibl\u00e9e et de proposer des solutions efficaces.\n<\/div>\n<\/div><div class=\"bde-div-1513-121 bde-div\">\n  \n  \n\t\n\n\n\n<div class=\"bde-div-1513-181 bde-div\">\n  \n  \n\t\n\n\n\n<div class=\"bde-div-1513-122 bde-div\">\n  \n  \n\t\n\n\n\n<h1 class=\"bde-heading-1513-123 bde-heading\">\nEva\n<\/h1><div class=\"bde-badge-1513-124 bde-badge\">\n<span >Coach de transition<\/span>\n<\/div>\n<\/div><div class=\"bde-div-1513-135 bde-div\">\n  \n  \n\t\n\n\n\n<div class=\"bde-icon-list-1513-136 bde-icon-list bde-icon-list--background\">\n<ul>\n  \n              \n    <li>\n                      \n            \n            \n\n    \n    \n    \n    \n    \n    <a class=\"breakdance-link bde-icon-list__item-wrapper\" href=\"mailto:eva.bachmann@swisshrmed.ch?subject=Contact via Website&body=\" target=\"_self\" data-type=\"contact\"  >\n\n      \n      <span class='bde-icon-list__icon'>\n        <svg xmlns=\"http:\/\/www.w3.org\/2000\/svg\" viewbox=\"0 0 512 512\"><!-- Font Awesome Free 5.15.1 by @fontawesome - https:\/\/fontawesome.com License - https:\/\/fontawesome.com\/license\/free (Icons: CC BY 4.0, Fonts: SIL OFL 1.1, Code: MIT License) --><path d=\"M502.3 190.8c3.9-3.1 9.7-.2 9.7 4.7V400c0 26.5-21.5 48-48 48H48c-26.5 0-48-21.5-48-48V195.6c0-5 5.7-7.8 9.7-4.7 22.4 17.4 52.1 39.5 154.1 113.6 21.1 15.4 56.7 47.8 92.2 47.6 35.7.3 72-32.8 92.3-47.6 102-74.1 131.6-96.3 154-113.7zM256 320c23.2.4 56.6-29.2 73.4-41.4 132.7-96.3 142.8-104.7 173.4-128.7 5.8-4.5 9.2-11.5 9.2-18.9v-19c0-26.5-21.5-48-48-48H48C21.5 64 0 85.5 0 112v19c0 7.4 3.4 14.3 9.2 18.9 30.6 23.9 40.7 32.4 173.4 128.7 16.8 12.2 50.2 41.8 73.4 41.4z\"\/><\/svg>\n      <\/span>\n      <span class='bde-icon-list__text' >\n      eva.bachmann@swisshrmed.ch\n      <\/span>\n                  <\/a>\n\n      \n    <\/li>\n\n  \n              \n    <li>\n                      \n            \n            \n\n    \n    \n    \n    \n    \n    <a class=\"breakdance-link bde-icon-list__item-wrapper\" href=\"tel:+41 41 541 50 00\" target=\"_self\" data-type=\"contact\"  >\n\n      \n      <span class='bde-icon-list__icon'>\n        <svg xmlns=\"http:\/\/www.w3.org\/2000\/svg\" id=\"icon-phone\" viewbox=\"0 0 32 32\">\n<path d=\"M22 20c-2 2-2 4-4 4s-4-2-6-4-4-4-4-6 2-2 4-4-4-8-6-8-6 6-6 6c0 4 4.109 12.109 8 16s12 8 16 8c0 0 6-4 6-6s-6-8-8-6z\"\/>\n<\/svg>\n      <\/span>\n      <span class='bde-icon-list__text' >\n       +41 41 541 50 00\n      <\/span>\n                  <\/a>\n\n      \n    <\/li>\n\n  \n              \n    <li>\n                      \n            \n            \n\n    \n    \n    \n    \n    \n    <a class=\"breakdance-link bde-icon-list__item-wrapper\" href=\"https:\/\/www.linkedin.com\/in\/eva-bachmann-49699b195\/\" target=\"_self\" data-type=\"url\" rel=\"noopener noreferrer nofollow\">\n\n      \n      <span class='bde-icon-list__icon'>\n        <svg xmlns=\"http:\/\/www.w3.org\/2000\/svg\" viewbox=\"0 0 448 512\"><!-- Font Awesome Free 5.15.1 by @fontawesome - https:\/\/fontawesome.com License - https:\/\/fontawesome.com\/license\/free (Icons: CC BY 4.0, Fonts: SIL OFL 1.1, Code: MIT License) --><path d=\"M100.28 448H7.4V148.9h92.88zM53.79 108.1C24.09 108.1 0 83.5 0 53.8a53.79 53.79 0 0 1 107.58 0c0 29.7-24.1 54.3-53.79 54.3zM447.9 448h-92.68V302.4c0-34.7-.7-79.2-48.29-79.2-48.29 0-55.69 37.7-55.69 76.7V448h-92.78V148.9h89.08v40.8h1.3c12.4-23.5 42.69-48.3 87.88-48.3 94 0 111.28 61.9 111.28 142.3V448z\"\/><\/svg>\n      <\/span>\n      <span class='bde-icon-list__text' >\n      Se connecter avec moi\n      <\/span>\n                  <\/a>\n\n      \n    <\/li>\n\n  <\/ul>\n\n<\/div>\n<\/div>\n<\/div><div class=\"bde-text-1513-182 bde-text\">\nDans mon r\u00f4le de coach de transition, j'utilise mon exp\u00e9rience de psychologue pour aider nos institutions de sant\u00e9 \u00e0 attirer et \u00e0 conserver des collaborateurs\/trices satisfaits, qualifi\u00e9s et durables. Je combine cette activit\u00e9 avec ma carri\u00e8re de joueuse de football dans la AXA Women's Super League. Les connaissances et l'exp\u00e9rience que j'ai acquises dans ce contexte dans les domaines de la dynamique d'\u00e9quipe et de la motivation peuvent \u00eatre directement int\u00e9gr\u00e9es dans mes t\u00e2ches. Cela me permet de d\u00e9velopper des strat\u00e9gies efficaces pour soutenir les clients dans leur transition et favoriser leur int\u00e9gration dans de nouvelles \u00e9quipes.\n<\/div>\n<\/div><div class=\"bde-div-1513-110 bde-div\">\n  \n  \n\t\n\n\n\n<div class=\"bde-div-1513-183 bde-div\">\n  \n  \n\t\n\n\n\n<div class=\"bde-div-1513-109 bde-div\">\n  \n  \n\t\n\n\n\n<h1 class=\"bde-heading-1513-112 bde-heading\">\nLeana\n<\/h1><div class=\"bde-badge-1513-113 bde-badge\">\n<span >Coach de transition<\/span>\n<\/div>\n<\/div><div class=\"bde-div-1513-139 bde-div\">\n  \n  \n\t\n\n\n\n<div class=\"bde-icon-list-1513-140 bde-icon-list bde-icon-list--background\">\n<ul>\n  \n              \n    <li>\n                      \n            \n            \n\n    \n    \n    \n    \n    \n    <a class=\"breakdance-link bde-icon-list__item-wrapper\" href=\"mailto:leana.zugg@swisshrmed.ch?subject=Contact via Website&body=\" target=\"_self\" data-type=\"contact\"  >\n\n      \n      <span class='bde-icon-list__icon'>\n        <svg xmlns=\"http:\/\/www.w3.org\/2000\/svg\" viewbox=\"0 0 512 512\"><!-- Font Awesome Free 5.15.1 by @fontawesome - https:\/\/fontawesome.com License - https:\/\/fontawesome.com\/license\/free (Icons: CC BY 4.0, Fonts: SIL OFL 1.1, Code: MIT License) --><path d=\"M502.3 190.8c3.9-3.1 9.7-.2 9.7 4.7V400c0 26.5-21.5 48-48 48H48c-26.5 0-48-21.5-48-48V195.6c0-5 5.7-7.8 9.7-4.7 22.4 17.4 52.1 39.5 154.1 113.6 21.1 15.4 56.7 47.8 92.2 47.6 35.7.3 72-32.8 92.3-47.6 102-74.1 131.6-96.3 154-113.7zM256 320c23.2.4 56.6-29.2 73.4-41.4 132.7-96.3 142.8-104.7 173.4-128.7 5.8-4.5 9.2-11.5 9.2-18.9v-19c0-26.5-21.5-48-48-48H48C21.5 64 0 85.5 0 112v19c0 7.4 3.4 14.3 9.2 18.9 30.6 23.9 40.7 32.4 173.4 128.7 16.8 12.2 50.2 41.8 73.4 41.4z\"\/><\/svg>\n      <\/span>\n      <span class='bde-icon-list__text' >\n      leana.zugg@swisshrmed.ch\n      <\/span>\n                  <\/a>\n\n      \n    <\/li>\n\n  \n              \n    <li>\n                      \n            \n            \n\n    \n    \n    \n    \n    \n    <a class=\"breakdance-link bde-icon-list__item-wrapper\" href=\"tel:+41 41 541 50 00\" target=\"_self\" data-type=\"contact\"  >\n\n      \n      <span class='bde-icon-list__icon'>\n        <svg xmlns=\"http:\/\/www.w3.org\/2000\/svg\" id=\"icon-phone\" viewbox=\"0 0 32 32\">\n<path d=\"M22 20c-2 2-2 4-4 4s-4-2-6-4-4-4-4-6 2-2 4-4-4-8-6-8-6 6-6 6c0 4 4.109 12.109 8 16s12 8 16 8c0 0 6-4 6-6s-6-8-8-6z\"\/>\n<\/svg>\n      <\/span>\n      <span class='bde-icon-list__text' >\n       +41 41 541 50 00\n      <\/span>\n                  <\/a>\n\n      \n    <\/li>\n\n  \n              \n    <li>\n                      \n            \n            \n\n    \n    \n    \n    \n    \n    <a class=\"breakdance-link bde-icon-list__item-wrapper\" href=\"https:\/\/www.linkedin.com\/in\/leana-zaugg-65a25a2a0\/\" target=\"_self\" data-type=\"url\" rel=\"noopener noreferrer nofollow\">\n\n      \n      <span class='bde-icon-list__icon'>\n        <svg xmlns=\"http:\/\/www.w3.org\/2000\/svg\" viewbox=\"0 0 448 512\"><!-- Font Awesome Free 5.15.1 by @fontawesome - https:\/\/fontawesome.com License - https:\/\/fontawesome.com\/license\/free (Icons: CC BY 4.0, Fonts: SIL OFL 1.1, Code: MIT License) --><path d=\"M100.28 448H7.4V148.9h92.88zM53.79 108.1C24.09 108.1 0 83.5 0 53.8a53.79 53.79 0 0 1 107.58 0c0 29.7-24.1 54.3-53.79 54.3zM447.9 448h-92.68V302.4c0-34.7-.7-79.2-48.29-79.2-48.29 0-55.69 37.7-55.69 76.7V448h-92.78V148.9h89.08v40.8h1.3c12.4-23.5 42.69-48.3 87.88-48.3 94 0 111.28 61.9 111.28 142.3V448z\"\/><\/svg>\n      <\/span>\n      <span class='bde-icon-list__text' >\n      Se connecter avec moi\n      <\/span>\n                  <\/a>\n\n      \n    <\/li>\n\n  <\/ul>\n\n<\/div>\n<\/div>\n<\/div><div class=\"bde-text-1513-184 bde-text\">\nParall\u00e8lement \u00e0 l'obtention de mon master en psychologie, je travaille comme coach de transition pour aider les professionnels de la sant\u00e9 \u00e0 effectuer une transition en douceur vers leur nouvel employeur. Je combine cette activit\u00e9 avec ma carri\u00e8re de joueuse de football dans la AXA Women's Super League, ce qui me permet d'acqu\u00e9rir de pr\u00e9cieuses connaissances sur le travail d'\u00e9quipe et le d\u00e9veloppement personnel. Ces exp\u00e9riences sont int\u00e9gr\u00e9es dans mon travail et m'aident \u00e0 mieux comprendre les besoins et les d\u00e9fis de mes clients\/clientes et \u00e0 leur apporter un soutien cibl\u00e9.\n<\/div>\n<\/div><\/div>\n<\/section><section class=\"bde-section-1513-141 bde-section\">\n  \n  \n\t\n\n\n\n<div class=\"section-container\"><div class=\"bde-columns-1513-142 bde-columns\"><div class=\"bde-column-1513-143 bde-column\">\n  \n  \n\t\n\n\n\n<h3 class=\"bde-heading-1513-145 bde-heading\">\nNous soutenons ainsi\n<\/h3><div class=\"bde-text-1513-144 bde-text\">\nAtteindre un nouvel objectif pas \u00e0 pas. Pour les agences, principalement \u00e9trang\u00e8res, nous sommes le bon interlocuteur lorsqu'il s'agit de trouver un emploi \u00e0 long terme pour du personnel m\u00e9dical sp\u00e9cialis\u00e9 dans le secteur suisse de la sant\u00e9. La personne qui souhaite changer de profession pour diverses raisons est toujours au centre de nos pr\u00e9occupations. Nous ne nous contentons pas de l'aider \u00e0 trouver un nouvel emploi, mais l'accompagnons de mani\u00e8re globale sur le chemin d'une nouvelle \u00e9tape de sa vie en Suisse.\n<\/div><div class=\"bde-div-1513-146 bde-div\">\n  \n  \n\t\n\n\n\n<div class=\"bde-div-1513-147 bde-div\">\n  \n  \n\t\n\n\n\n<div class=\"bde-div-1513-148 bde-div\">\n  \n  \n\t\n\n\n\n<div class=\"bde-div-1513-149 bde-div\">\n  \n  \n\t\n\n\n\n<h1 class=\"bde-heading-1513-150 bde-heading\">\n1\n<\/h1>\n<\/div>\n<\/div><div class=\"bde-div-1513-151 bde-div\">\n  \n  \n\t\n\n\n\n<h4 class=\"bde-heading-1513-152 bde-heading\">\nRecrutement\n<\/h4><div class=\"bde-text-1513-153 bde-text\">\nSwiss HRmed ne recrute pas elle-m\u00eame, mais entretient des contacts et des \u00e9changes \u00e9troits avec des agences partenaires sp\u00e9cialis\u00e9es, dont la plupart sont bas\u00e9es \u00e0 l'\u00e9tranger. Une telle agence partenaire sp\u00e9cialis\u00e9e prend contact avec nous et nous envoie le dossier d'un professionnel de la sant\u00e9 \u00e0 la recherche d'un nouvel emploi dans le secteur suisse de la sant\u00e9.\n<\/div>\n<\/div>\n<\/div><div class=\"bde-div-1513-154 bde-div\">\n  \n  \n\t\n\n\n\n<div class=\"bde-div-1513-155 bde-div\">\n  \n  \n\t\n\n\n\n<div class=\"bde-div-1513-156 bde-div\">\n  \n  \n\t\n\n\n\n<h1 class=\"bde-heading-1513-157 bde-heading\">\n2\n<\/h1>\n<\/div>\n<\/div><div class=\"bde-div-1513-158 bde-div\">\n  \n  \n\t\n\n\n\n<h4 class=\"bde-heading-1513-159 bde-heading\">\nV\u00e9rification\n<\/h4><div class=\"bde-text-1513-160 bde-text\">\nApr\u00e8s avoir \u00e9tudi\u00e9 le dossier, nous prenons personnellement contact avec la personne \u00e0 la recherche d'un emploi et discutons de ses pr\u00e9occupations individuelles, de ses souhaits et des conditions-cadres afin de trouver le nouvel emploi optimal pour elle dans le secteur suisse de la sant\u00e9. Nous savons tr\u00e8s bien ce \u00e0 quoi les personnes qui transf\u00e8rent leur centre de vie en Suisse attachent de l'importance. Nous \u00e9tablissons un contact \u00e9troit et personnel avec nos clients et nous nous concentrons toujours sur leur \u00e9quilibre global entre vie professionnelle et vie priv\u00e9e, ce qui peut \u00e9galement inclure les besoins des membres de leur famille.\n<\/div>\n<\/div>\n<\/div><div class=\"bde-div-1513-161 bde-div\">\n  \n  \n\t\n\n\n\n<div class=\"bde-div-1513-162 bde-div\">\n  \n  \n\t\n\n\n\n<div class=\"bde-div-1513-163 bde-div\">\n  \n  \n\t\n\n\n\n<h1 class=\"bde-heading-1513-164 bde-heading\">\n3\n<\/h1>\n<\/div>\n<\/div><div class=\"bde-div-1513-165 bde-div\">\n  \n  \n\t\n\n\n\n<h4 class=\"bde-heading-1513-166 bde-heading\">\n\u00c9valuer\n<\/h4><div class=\"bde-text-1513-167 bde-text\">\nGr\u00e2ce \u00e0 notre vaste r\u00e9seau dans le secteur de la sant\u00e9 et \u00e0 notre savoir-faire, nous \u00e9valuons les offres d'emploi appropri\u00e9es et en discutons personnellement avec la personne \u00e0 la recherche d'un emploi. Pour les postes qui entrent en ligne de compte et qui int\u00e9ressent la personne \u00e0 la recherche d'un emploi, nous \u00e9tablissons ensuite le premier contact entre celle-ci et l'employeur.<br>\n<\/div>\n<\/div>\n<\/div><div class=\"bde-div-1513-168 bde-div\">\n  \n  \n\t\n\n\n\n<div class=\"bde-div-1513-169 bde-div\">\n  \n  \n\t\n\n\n\n<div class=\"bde-div-1513-170 bde-div\">\n  \n  \n\t\n\n\n\n<h1 class=\"bde-heading-1513-171 bde-heading\">\n4\n<\/h1>\n<\/div>\n<\/div><div class=\"bde-div-1513-172 bde-div\">\n  \n  \n\t\n\n\n\n<h4 class=\"bde-heading-1513-173 bde-heading\">\nSignature du contrat\n<\/h4><div class=\"bde-text-1513-174 bde-text\">\nNous accompagnons nos parties prenantes de mani\u00e8re globale et restons \u00e0 leur disposition m\u00eame apr\u00e8s la conclusion d'un contrat entre le demandeur d'emploi et l'employeur. Notre objectif principal est de pourvoir les postes de mani\u00e8re durable et \u00e0 long terme. Dans ce sens, notre client\u00e8le peut continuer \u00e0 s'adresser \u00e0 nous pour toutes sortes de demandes, de nature professionnelle ou priv\u00e9e.\n<\/div>\n<\/div>\n<\/div>\n<\/div>\n<\/div><\/div><div class=\"bde-button-1513-175 bde-button\">\n    \n                                    \n    \n    \n    \n    \n            \n                    \n            \n            \n\n    \n    \n    \n    \n    \n    <a class=\"breakdance-link button-atom button-atom--primary bde-button__button\" href=\"https:\/\/swisshrmed.ch\/fr\/uber-uns\/\" target=\"_self\" data-type=\"url\">\n\n    \n        <span class=\"button-atom__text\">En savoir plus sur Swiss HRmed<\/span>\n\n        \n        \n                <\/a>\n\n    \n\n\n<\/div><\/div>\n<\/section>","protected":false},"excerpt":{"rendered":"<p>Unser Team Pers\u00f6nlich, Engagiert, Transparent Bei SwissHRmed stehen pers\u00f6nliche Betreuung und offene Kommunikation im Mittelpunkt. Wir glauben an eine ehrliche, transparente Zusammenarbeit, bei der wir uns gegenseitig st\u00e4rken und gemeinsam wachsen. Jedes Teammitglied bringt einzigartige Expertise und Engagement mit, wodurch wir nachhaltige und wertvolle Kollaborationen f\u00fcr sowohl Gesundheitsprofessionals als auch Gesundheitsorganisationen schaffen. Mehr \u00fcber Swiss [&hellip;]<\/p>\n","protected":false},"author":4,"featured_media":0,"parent":0,"menu_order":0,"comment_status":"closed","ping_status":"closed","template":"","meta":{"_acf_changed":false,"_breakdance_hide_in_design_set":false,"_breakdance_tags":"","footnotes":""},"class_list":["post-1513","page","type-page","status-publish","hentry"],"acf":[],"_links":{"self":[{"href":"https:\/\/swisshrmed.ch\/fr\/wp-json\/wp\/v2\/pages\/1513","targetHints":{"allow":["GET"]}}],"collection":[{"href":"https:\/\/swisshrmed.ch\/fr\/wp-json\/wp\/v2\/pages"}],"about":[{"href":"https:\/\/swisshrmed.ch\/fr\/wp-json\/wp\/v2\/types\/page"}],"author":[{"embeddable":true,"href":"https:\/\/swisshrmed.ch\/fr\/wp-json\/wp\/v2\/users\/4"}],"replies":[{"embeddable":true,"href":"https:\/\/swisshrmed.ch\/fr\/wp-json\/wp\/v2\/comments?post=1513"}],"version-history":[{"count":15,"href":"https:\/\/swisshrmed.ch\/fr\/wp-json\/wp\/v2\/pages\/1513\/revisions"}],"predecessor-version":[{"id":2275,"href":"https:\/\/swisshrmed.ch\/fr\/wp-json\/wp\/v2\/pages\/1513\/revisions\/2275"}],"wp:attachment":[{"href":"https:\/\/swisshrmed.ch\/fr\/wp-json\/wp\/v2\/media?parent=1513"}],"curies":[{"name":"wp","href":"https:\/\/api.w.org\/{rel}","templated":true}]}}