{"id":232,"date":"2023-08-11T22:51:32","date_gmt":"2023-08-11T20:51:32","guid":{"rendered":"https:\/\/swisshrmed.ch\/?page_id=232"},"modified":"2023-09-29T20:33:52","modified_gmt":"2023-09-29T18:33:52","slug":"placement","status":"publish","type":"page","link":"https:\/\/swisshrmed.ch\/fr\/vermittlung\/","title":{"rendered":"Op\u00e9rateur"},"content":{"rendered":"<section class=\"bde-section-232-100 bde-section\">\n  \n  \n\t\n\n\n\n<div class=\"section-container\"><div class=\"bde-div-232-101 bde-div\">\n              \n  \n  \n\t\n\n  <div class=\"section-background-overlay\"><\/div>\n\n\n<a class=\"bde-container-link-232-102 bde-container-link breakdance-link\" href=\"#\" target=\"_self\">\n  \n  \n\t\n\n\n\n<div class=\"bde-text-232-103 bde-text\">\nServices<br>\n<\/div>\n\n<\/a><h1 class=\"bde-heading-232-104 bde-heading\">\nOp\u00e9rateur\n<\/h1>\n<\/div><\/div>\n<\/section><section class=\"bde-section-232-105 bde-section\">\n  \n  \n\t\n\n\n\n<div class=\"section-container\"><div class=\"bde-breadcrumbs-232-180 bde-breadcrumbs\"><nav aria-label=\"breadcrumbs\" class=\"rank-math-breadcrumb\"><p><span class=\"last\">Accueil<\/span><\/p><\/nav><\/div><div class=\"bde-columns-232-115 bde-columns\"><div class=\"bde-column-232-116 bde-column\">\n  \n  \n\t\n\n\n\n<h2 class=\"bde-heading-232-182 bde-heading\">\nM\u00e9diation pour les h\u00f4pitaux, cliniques et institutions de sant\u00e9 en Suisse\n<\/h2><div class=\"bde-text-232-117 bde-text\">\nPas \u00e0 pas vers une satisfaction maximale. Notre approche minutieuse et personnalis\u00e9e garantit que vos postes vacants seront durablement pourvus par le personnel qualifi\u00e9 et comp\u00e9tent qui convient. En premier lieu de l'\u00e9tranger, mais aussi de l'int\u00e9rieur du pays. Nous ne nous limitons pas au simple placement de sp\u00e9cialistes, mais soutenons toutes les parties impliqu\u00e9es dans le sens d'un partenariat de conseil et d'accompagnement, bien au-del\u00e0 de l'embauche proprement dite.\n<\/div><h2 class=\"bde-heading-232-125 bde-heading\">\nAinsi, nous transmettons\n<\/h2><div class=\"bde-div-232-153 bde-div\">\n  \n  \n\t\n\n\n\n<div class=\"bde-div-232-138 bde-div\">\n  \n  \n\t\n\n\n\n<div class=\"bde-div-232-140 bde-div\">\n  \n  \n\t\n\n\n\n<div class=\"bde-div-232-141 bde-div\">\n  \n  \n\t\n\n\n\n<h1 class=\"bde-heading-232-142 bde-heading\">\n1\n<\/h1>\n<\/div>\n<\/div><div class=\"bde-div-232-139 bde-div\">\n  \n  \n\t\n\n\n\n<h4 class=\"bde-heading-232-144 bde-heading\">\nAnalyser\n<\/h4><div class=\"bde-text-232-145 bde-text\">\nLors d'un entretien personnel sur place, nous apprenons \u00e0 vous conna\u00eetre, \u00e0 conna\u00eetre votre entreprise et vos besoins sp\u00e9cifiques et individuels en mati\u00e8re de personnel.\n<\/div>\n<\/div>\n<\/div><div class=\"bde-div-232-146 bde-div\">\n  \n  \n\t\n\n\n\n<div class=\"bde-div-232-147 bde-div\">\n  \n  \n\t\n\n\n\n<div class=\"bde-div-232-148 bde-div\">\n  \n  \n\t\n\n\n\n<h1 class=\"bde-heading-232-149 bde-heading\">\n2\n<\/h1>\n<\/div>\n<\/div><div class=\"bde-div-232-150 bde-div\">\n  \n  \n\t\n\n\n\n<h4 class=\"bde-heading-232-151 bde-heading\">\nConcr\u00e9tiser\n<\/h4><div class=\"bde-text-232-152 bde-text\">\nSur la base de cet entretien, nous concr\u00e9tisons votre demande et d\u00e9finissons les conditions-cadres pertinentes. En fonction du profil du poste, nous \u00e9tablissons pour vous une pr\u00e9s\u00e9lection de dossiers correspondants que nous vous pr\u00e9sentons personnellement sur place ou en ligne.\n<\/div>\n<\/div>\n<\/div><div class=\"bde-div-232-154 bde-div\">\n  \n  \n\t\n\n\n\n<div class=\"bde-div-232-155 bde-div\">\n  \n  \n\t\n\n\n\n<div class=\"bde-div-232-156 bde-div\">\n  \n  \n\t\n\n\n\n<h1 class=\"bde-heading-232-157 bde-heading\">\n3\n<\/h1>\n<\/div>\n<\/div><div class=\"bde-div-232-158 bde-div\">\n  \n  \n\t\n\n\n\n<h4 class=\"bde-heading-232-159 bde-heading\">\nRelier\n<\/h4><div class=\"bde-text-232-160 bde-text\">\nSi un dossier correspond \u00e0 vos attentes, nous \u00e9tablissons un premier contact entre vous et la personne \u00e0 la recherche d'un emploi. Pour les \u00e9tapes suivantes, telles que la prise de rendez-vous pour un entretien d'embauche, un stage d'observation, etc., vous prenez ensuite - si vous le souhaitez - directement contact avec elle.\n<\/div>\n<\/div>\n<\/div><div class=\"bde-div-232-161 bde-div\">\n  \n  \n\t\n\n\n\n<div class=\"bde-div-232-162 bde-div\">\n  \n  \n\t\n\n\n\n<div class=\"bde-div-232-163 bde-div\">\n  \n  \n\t\n\n\n\n<h1 class=\"bde-heading-232-164 bde-heading\">\n4\n<\/h1>\n<\/div>\n<\/div><div class=\"bde-div-232-165 bde-div\">\n  \n  \n\t\n\n\n\n<h4 class=\"bde-heading-232-166 bde-heading\">\nAccompagner\n<\/h4><div class=\"bde-text-232-167 bde-text\">\nDans l'esprit d'un partenariat respectueux et bas\u00e9 sur la confiance, nous restons \u00e0 votre disposition et \u00e0 celle de votre nouveau professionnel de la sant\u00e9 - et, si la situation l'exige, \u00e0 celle de ses proches - en tant que personne de contact \u00e0 l'avenir et au-del\u00e0 de la relation d'emploi.\n<\/div>\n<\/div>\n<\/div>\n<\/div>\n<\/div><div class=\"bde-column-232-118 bde-column\">\n  \n  \n\t\n\n\n\n<div class=\"bde-globalblock-232-183 bde-globalblock\"><div class=\"bde-div-590-100-590-1 bde-div bde-div-590-100\">\n  \n  \n\t\n\n\n\n<div class=\"bde-image-590-101-590-1 bde-image bde-image-590-101\">\n<figure class=\"breakdance-image breakdance-image--1520\">\n\t<div class=\"breakdance-image-container\">\n\t\t<div class=\"breakdance-image-clip\"><img loading=\"lazy\" decoding=\"async\" class=\"breakdance-image-object\" src=\"https:\/\/swisshrmed.ch\/wp-content\/uploads\/IMG_9114-Large-768x1024.webp\" width=\"768\" height=\"1024\" srcset=\"https:\/\/swisshrmed.ch\/wp-content\/uploads\/IMG_9114-Large.webp 960w, https:\/\/swisshrmed.ch\/wp-content\/uploads\/IMG_9114-Large-225x300.webp 225w, https:\/\/swisshrmed.ch\/wp-content\/uploads\/IMG_9114-Large-768x1024.webp 768w, https:\/\/swisshrmed.ch\/wp-content\/uploads\/IMG_9114-Large-9x12.webp 9w\" sizes=\"auto, (max-width: 960px) 100vw, 960px\"><\/div>\n\t<\/div><\/figure>\n\n<\/div><div class=\"bde-div-590-102-590-1 bde-div bde-div-590-102\">\n  \n  \n\t\n\n\n\n<h5 class=\"bde-heading-590-103-590-1 bde-heading bde-heading-590-103\">\nFaites connaissance avec Brigit\n<\/h5><div class=\"bde-text-590-104-590-1 bde-text bde-text-590-104\">\nMa longue exp\u00e9rience et ma carri\u00e8re dans le secteur de la sant\u00e9, tant en Suisse qu'\u00e0 l'\u00e9tranger, me permettent d'offrir un soutien pour tous les besoins en recrutement dans le secteur de la sant\u00e9, de mani\u00e8re personnalis\u00e9e et durable.\n<\/div><div class=\"bde-button-590-105-590-1 bde-button bde-button-590-105\">\n    \n                                    \n    \n    \n    \n    \n            \n                    \n            \n            \n\n    \n    \n    \n    \n    \n    <a class=\"breakdance-link button-atom button-atom--primary bde-button__button\" href=\"\/fr\/contact\/\" target=\"_self\" data-type=\"url\"  >\n\n    \n        <span class=\"button-atom__text\">Contacter Brigit<\/span>\n\n        \n        \n                <\/a>\n\n    \n\n\n<\/div>\n<\/div>\n<\/div><\/div>\n<\/div><\/div><\/div>\n<\/section><section class=\"bde-section-232-168 bde-section\">\n  \n  \n\t\n\n\n\n<div class=\"section-container\"><div class=\"bde-columns-232-169 bde-columns\"><div class=\"bde-column-232-170 bde-column\">\n  \n  \n\t\n\n\n\n<h3 class=\"bde-heading-232-172 bde-heading\">\nSolution de personnel sur mesure\n<\/h3><div class=\"bde-text-232-173 bde-text\">\nNotre objectif est de trouver des solutions individuelles et sur mesure en mati\u00e8re de personnel pour tous les \u00e9tablissements et institutions du secteur m\u00e9dical en Suisse et de d\u00e9charger ainsi durablement les organisations RH concern\u00e9es. Pourvoir des postes de mani\u00e8re optimale et \u00e0 long terme est pr\u00e9cieux, car cela permet de r\u00e9duire les co\u00fbts et de donner un coup de pouce \u00e0 toute l'\u00e9quipe.\n<\/div>\n<\/div><div class=\"bde-column-232-174 bde-column\">\n  \n  \n\t\n\n\n\n<h3 class=\"bde-heading-232-175 bde-heading\">\nDes ann\u00e9es d'exp\u00e9rience\n<\/h3><div class=\"bde-text-232-176 bde-text\">\nD'une part, nous connaissons tr\u00e8s bien les besoins des personnes venant de l'\u00e9tranger qui souhaitent transf\u00e9rer leur emploi en Suisse et, d'autre part, nous apprenons \u00e0 conna\u00eetre pr\u00e9cis\u00e9ment votre \u00e9tablissement et vos besoins. Gr\u00e2ce \u00e0 notre vaste r\u00e9seau et \u00e0 notre longue exp\u00e9rience en Suisse et \u00e0 l'\u00e9tranger, nous trouvons pour vous le sp\u00e9cialiste qu'il vous faut pour les h\u00f4pitaux, les cliniques et les institutions de sant\u00e9 en Suisse.\n<\/div>\n<\/div><\/div><\/div>\n<\/section><div class=\"bde-globalblock-232-179 bde-globalblock\"><section class=\"bde-section-325-100-325-1 bde-section bde-section-325-100\">\n  \n  \n\t\n\n\n\n<div class=\"section-container\"><a class=\"bde-container-link-325-101-325-1 bde-container-link bde-container-link-325-101 breakdance-link\" href=\"#\" target=\"_self\">\n  \n  \n\t\n\n\n\n<div class=\"bde-text-325-102-325-1 bde-text bde-text-325-102\">\nHistoires\n<\/div>\n\n<\/a><h2 class=\"bde-heading-325-103-325-1 bde-heading bde-heading-325-103\">\nCe que les clients et les professionnels disent de nous\n<\/h2><div class=\"bde-post-loop-325-104-325-1 bde-post-loop bde-post-loop-325-104\"><div class=\"bde-loop bde-loop-grid ee-posts ee-posts-grid\">    <article class=\"bde-loop-item ee-post\">\n        <div class=\"bde-div-136-100-1170-136-1 bde-div bde-div-136-100\">\n  \n  \n\t\n\n\n\n<div class=\"bde-div-136-115-1170-136-1 bde-div bde-div-136-115\">\n  \n  \n\t\n\n\n\n<div class=\"bde-div-136-114-1170-136-1 bde-div bde-div-136-114\">\n  \n  \n\t\n\n\n\n<div class=\"bde-code-block-136-101-1170-136-1 bde-code-block bde-code-block-136-101\">\n\n  <div class=\"star-container\"><img decoding=\"async\" src=\"https:\/\/swisshrmed.ch\/wp-content\/uploads\/star-solid-yellow.svg\" alt=\"star-full\"><img decoding=\"async\" src=\"https:\/\/swisshrmed.ch\/wp-content\/uploads\/star-solid-yellow.svg\" alt=\"star-full\"><img decoding=\"async\" src=\"https:\/\/swisshrmed.ch\/wp-content\/uploads\/star-solid-yellow.svg\" alt=\"star-full\"><img decoding=\"async\" src=\"https:\/\/swisshrmed.ch\/wp-content\/uploads\/star-solid-yellow.svg\" alt=\"star-full\"><img decoding=\"async\" src=\"https:\/\/swisshrmed.ch\/wp-content\/uploads\/star-solid-yellow.svg\" alt=\"star-full\"><\/div>\n\n\n<\/div><a class=\"bde-container-link-136-103-1170-136-1 bde-container-link bde-container-link-136-103 breakdance-link\" href=\"#\" target=\"_self\">\n  \n  \n\t\n\n\n\n<div class=\"bde-text-136-104-1170-136-1 bde-text bde-text-136-104\">\nSp\u00e9cialiste\n<\/div>\n\n<\/a><div class=\"bde-text-136-105-1170-136-1 bde-text bde-text-136-105\">\n<p>Swiss HRmed ne m'a pas seulement aid\u00e9 (et avec beaucoup de succ\u00e8s) \u00e0 trouver un nouvel emploi en Suisse. Ils sont all\u00e9s bien au-del\u00e0 de leur mission : Ils ont toujours \u00e9t\u00e9 l\u00e0 pour me soutenir et m'aider quand j'en avais besoin.<\/p>\n\n<\/div>\n<\/div><div class=\"bde-div-136-106-1170-136-1 bde-div bde-div-136-106\">\n  \n  \n\t\n\n\n\n<div class=\"bde-div-136-110-1170-136-1 bde-div bde-div-136-110\">\n  \n  \n\t\n\n\n\n<div class=\"bde-text-136-107-1170-136-1 bde-text bde-text-136-107\">\n\n<\/div><h6 class=\"bde-heading-136-112-1170-136-1 bde-heading bde-heading-136-112\">\nAlvaro\n<\/h6><div class=\"bde-text-136-113-1170-136-1 bde-text bde-text-136-113\">\nPharmacien\n<\/div>\n<\/div><div class=\"bde-div-136-111-1170-136-1 bde-div bde-div-136-111\">\n  \n  \n\t\n\n\n\n<div class=\"bde-image-136-109-1170-136-1 bde-image bde-image-136-109\">\n<figure class=\"breakdance-image breakdance-image--1163\">\n\t<div class=\"breakdance-image-container\">\n\t\t<div class=\"breakdance-image-clip\"><img loading=\"lazy\" decoding=\"async\" class=\"breakdance-image-object\" src=\"https:\/\/swisshrmed.ch\/wp-content\/uploads\/Foto-de-Carnet-150x150.jpg\" width=\"150\" height=\"150\" srcset=\"https:\/\/swisshrmed.ch\/wp-content\/uploads\/Foto-de-Carnet.jpg 379w, https:\/\/swisshrmed.ch\/wp-content\/uploads\/Foto-de-Carnet-217x300.jpg 217w, https:\/\/swisshrmed.ch\/wp-content\/uploads\/Foto-de-Carnet-9x12.jpg 9w\" sizes=\"auto, (max-width: 379px) 100vw, 379px\" alt=\"profil image\"><\/div>\n\t<\/div><\/figure>\n\n<\/div>\n<\/div>\n<\/div>\n<\/div>\n<\/div>    <\/article>\n    <article class=\"bde-loop-item ee-post\">\n        <div class=\"bde-div-136-100-1617-136-1 bde-div bde-div-136-100\">\n  \n  \n\t\n\n\n\n<div class=\"bde-div-136-115-1617-136-1 bde-div bde-div-136-115\">\n  \n  \n\t\n\n\n\n<div class=\"bde-div-136-114-1617-136-1 bde-div bde-div-136-114\">\n  \n  \n\t\n\n\n\n<div class=\"bde-code-block-136-101-1617-136-1 bde-code-block bde-code-block-136-101\">\n\n  <div class=\"star-container\"><img decoding=\"async\" src=\"https:\/\/swisshrmed.ch\/wp-content\/uploads\/star-solid-yellow.svg\" alt=\"star-full\"><img decoding=\"async\" src=\"https:\/\/swisshrmed.ch\/wp-content\/uploads\/star-solid-yellow.svg\" alt=\"star-full\"><img decoding=\"async\" src=\"https:\/\/swisshrmed.ch\/wp-content\/uploads\/star-solid-yellow.svg\" alt=\"star-full\"><img decoding=\"async\" src=\"https:\/\/swisshrmed.ch\/wp-content\/uploads\/star-solid-yellow.svg\" alt=\"star-full\"><img decoding=\"async\" src=\"https:\/\/swisshrmed.ch\/wp-content\/uploads\/star-solid-yellow.svg\" alt=\"star-full\"><\/div>\n\n\n<\/div><a class=\"bde-container-link-136-103-1617-136-1 bde-container-link bde-container-link-136-103 breakdance-link\" href=\"#\" target=\"_self\">\n  \n  \n\t\n\n\n\n<div class=\"bde-text-136-104-1617-136-1 bde-text bde-text-136-104\">\nSp\u00e9cialiste\n<\/div>\n\n<\/a><div class=\"bde-text-136-105-1617-136-1 bde-text bde-text-136-105\">\n<p>Swiss HRmed m'a beaucoup aid\u00e9 dans ma recherche d'emploi. L'\u00e9quipe est professionnelle, sympathique et efficace. Ils ont de bons contacts avec les h\u00f4pitaux et avec leur aide, j'ai rapidement trouv\u00e9 un emploi. Je recommande vivement Swiss HRmed.<\/p>\n\n<\/div>\n<\/div><div class=\"bde-div-136-106-1617-136-1 bde-div bde-div-136-106\">\n  \n  \n\t\n\n\n\n<div class=\"bde-div-136-110-1617-136-1 bde-div bde-div-136-110\">\n  \n  \n\t\n\n\n\n<div class=\"bde-text-136-107-1617-136-1 bde-text bde-text-136-107\">\n\n<\/div><h6 class=\"bde-heading-136-112-1617-136-1 bde-heading bde-heading-136-112\">\nNiina\n<\/h6><div class=\"bde-text-136-113-1617-136-1 bde-text bde-text-136-113\">\nInfirmi\u00e8re\n<\/div>\n<\/div><div class=\"bde-div-136-111-1617-136-1 bde-div bde-div-136-111\">\n  \n  \n\t\n\n\n\n<div class=\"bde-image-136-109-1617-136-1 bde-image bde-image-136-109\">\n<figure class=\"breakdance-image breakdance-image--1618\">\n\t<div class=\"breakdance-image-container\">\n\t\t<div class=\"breakdance-image-clip\"><img loading=\"lazy\" decoding=\"async\" class=\"breakdance-image-object\" src=\"https:\/\/swisshrmed.ch\/wp-content\/uploads\/image-150x150.webp\" width=\"150\" height=\"150\" srcset=\"https:\/\/swisshrmed.ch\/wp-content\/uploads\/image.webp 331w, https:\/\/swisshrmed.ch\/wp-content\/uploads\/image-296x300.webp 296w, https:\/\/swisshrmed.ch\/wp-content\/uploads\/image-12x12.webp 12w\" sizes=\"auto, (max-width: 331px) 100vw, 331px\" alt=\"profil image\"><\/div>\n\t<\/div><\/figure>\n\n<\/div>\n<\/div>\n<\/div>\n<\/div>\n<\/div>    <\/article>\n    <article class=\"bde-loop-item ee-post\">\n        <div class=\"bde-div-136-100-1083-136-1 bde-div bde-div-136-100\">\n  \n  \n\t\n\n\n\n<div class=\"bde-div-136-115-1083-136-1 bde-div bde-div-136-115\">\n  \n  \n\t\n\n\n\n<div class=\"bde-div-136-114-1083-136-1 bde-div bde-div-136-114\">\n  \n  \n\t\n\n\n\n<div class=\"bde-code-block-136-101-1083-136-1 bde-code-block bde-code-block-136-101\">\n\n  <div class=\"star-container\"><img decoding=\"async\" src=\"https:\/\/swisshrmed.ch\/wp-content\/uploads\/star-solid-yellow.svg\" alt=\"star-full\"><img decoding=\"async\" src=\"https:\/\/swisshrmed.ch\/wp-content\/uploads\/star-solid-yellow.svg\" alt=\"star-full\"><img decoding=\"async\" src=\"https:\/\/swisshrmed.ch\/wp-content\/uploads\/star-solid-yellow.svg\" alt=\"star-full\"><img decoding=\"async\" src=\"https:\/\/swisshrmed.ch\/wp-content\/uploads\/star-solid-yellow.svg\" alt=\"star-full\"><img decoding=\"async\" src=\"https:\/\/swisshrmed.ch\/wp-content\/uploads\/star-solid-yellow.svg\" alt=\"star-full\"><\/div>\n\n\n<\/div><a class=\"bde-container-link-136-103-1083-136-1 bde-container-link bde-container-link-136-103 breakdance-link\" href=\"#\" target=\"_self\">\n  \n  \n\t\n\n\n\n<div class=\"bde-text-136-104-1083-136-1 bde-text bde-text-136-104\">\nSp\u00e9cialiste\n<\/div>\n\n<\/a><div class=\"bde-text-136-105-1083-136-1 bde-text bde-text-136-105\">\n<p>Lors d'un entretien personnel avec Brigit Friedrich de Swiss HRmed, j'ai \u00e9t\u00e9 tr\u00e8s bien inform\u00e9e de ce que cela signifiait et de ce qu'il fallait faire pour r\u00e9ussir \u00e0 passer en Suisse.<\/p>\n\n<\/div>\n<\/div><div class=\"bde-div-136-106-1083-136-1 bde-div bde-div-136-106\">\n  \n  \n\t\n\n\n\n<div class=\"bde-div-136-110-1083-136-1 bde-div bde-div-136-110\">\n  \n  \n\t\n\n\n\n<div class=\"bde-text-136-107-1083-136-1 bde-text bde-text-136-107\">\n\n<\/div><h6 class=\"bde-heading-136-112-1083-136-1 bde-heading bde-heading-136-112\">\nMaria\n<\/h6><div class=\"bde-text-136-113-1083-136-1 bde-text bde-text-136-113\">\nIPS Infirmi\u00e8re\n<\/div>\n<\/div><div class=\"bde-div-136-111-1083-136-1 bde-div bde-div-136-111\">\n  \n  \n\t\n\n\n\n<div class=\"bde-image-136-109-1083-136-1 bde-image bde-image-136-109\">\n<figure class=\"breakdance-image breakdance-image--1085\">\n\t<div class=\"breakdance-image-container\">\n\t\t<div class=\"breakdance-image-clip\"><img loading=\"lazy\" decoding=\"async\" class=\"breakdance-image-object\" src=\"https:\/\/swisshrmed.ch\/wp-content\/uploads\/2022_08_23_Frb_Portraitbild-Maria-SANTIROCCO-1983-1.jpg\" width=\"122\" height=\"122\" srcset=\"https:\/\/swisshrmed.ch\/wp-content\/uploads\/2022_08_23_Frb_Portraitbild-Maria-SANTIROCCO-1983-1.jpg 122w, https:\/\/swisshrmed.ch\/wp-content\/uploads\/2022_08_23_Frb_Portraitbild-Maria-SANTIROCCO-1983-1-12x12.jpg 12w\" sizes=\"auto, (max-width: 122px) 100vw, 122px\" alt=\"profil image\"><\/div>\n\t<\/div><\/figure>\n\n<\/div>\n<\/div>\n<\/div>\n<\/div>\n<\/div>    <\/article>\n<\/div>\r\n<\/div><div class=\"bde-button-325-105-325-1 bde-button bde-button-325-105\">\n    \n                        \n                        \n    \n    \n    \n    \n            \n                    \n            \n            \n\n    \n    \n    \n    \n    \n    <a class=\"breakdance-link button-atom button-atom--text bde-button__button\" href=\"\/fr\/stories\/\" target=\"_self\" data-type=\"url\"  >\n\n    \n        <span class=\"button-atom__text\">Lire plus de stories<\/span>\n\n        \n                    \n    <span class=\"button-atom__icon-wrapper\">\n\n        \n            <svg class=\"un-arrow-icon\" xmlns=\"http:\/\/www.w3.org\/2000\/svg\" width=\"32\" height=\"32\" viewbox=\"0 0 32 32\">\n                <g fill=\"none\" stroke-width=\"1.9\" stroke-linejoin=\"round\" stroke-miterlimit=\"10\">\n                    <circle class=\"un-arrow-icon_circle\" cx=\"16\" cy=\"16\" r=\"15.12\"><\/circle>\n                    <path class=\"un-arrow-icon_arrow\" d=\"M16.14 9.93L22.21 16l-6.07 6.07M8.23 16h13.98\"><\/path>\n                <\/g>\n            <\/svg>\n\n        \n    <\/span>\n\n\n        \n                <\/a>\n\n    \n\n\n<\/div><\/div>\n<\/section><\/div>","protected":false},"excerpt":{"rendered":"<p>Services Vermittlung Home Vermittlung f\u00fcr Spit\u00e4ler, Kliniken und Gesundheitsinstitutionen in der Schweiz Schritt f\u00fcr Schritt zu h\u00f6chster Zufriedenheit. Unsere sorgf\u00e4ltige und pers\u00f6nliche Vorgehensweise garantiert eine nachhaltige Besetzung Ihrer offenen Stellen mit dem passenden, kompetenten Fachpersonal. In erster Linie aus dem Ausland, aber auch aus dem Inland. Dabei beschr\u00e4nken wir uns nicht nur auf die reine [&hellip;]<\/p>\n","protected":false},"author":2,"featured_media":828,"parent":0,"menu_order":0,"comment_status":"closed","ping_status":"closed","template":"","meta":{"_acf_changed":false,"_breakdance_hide_in_design_set":false,"_breakdance_tags":"","footnotes":""},"class_list":["post-232","page","type-page","status-publish","has-post-thumbnail","hentry"],"acf":[],"_links":{"self":[{"href":"https:\/\/swisshrmed.ch\/fr\/wp-json\/wp\/v2\/pages\/232","targetHints":{"allow":["GET"]}}],"collection":[{"href":"https:\/\/swisshrmed.ch\/fr\/wp-json\/wp\/v2\/pages"}],"about":[{"href":"https:\/\/swisshrmed.ch\/fr\/wp-json\/wp\/v2\/types\/page"}],"author":[{"embeddable":true,"href":"https:\/\/swisshrmed.ch\/fr\/wp-json\/wp\/v2\/users\/2"}],"replies":[{"embeddable":true,"href":"https:\/\/swisshrmed.ch\/fr\/wp-json\/wp\/v2\/comments?post=232"}],"version-history":[{"count":15,"href":"https:\/\/swisshrmed.ch\/fr\/wp-json\/wp\/v2\/pages\/232\/revisions"}],"predecessor-version":[{"id":898,"href":"https:\/\/swisshrmed.ch\/fr\/wp-json\/wp\/v2\/pages\/232\/revisions\/898"}],"wp:featuredmedia":[{"embeddable":true,"href":"https:\/\/swisshrmed.ch\/fr\/wp-json\/wp\/v2\/media\/828"}],"wp:attachment":[{"href":"https:\/\/swisshrmed.ch\/fr\/wp-json\/wp\/v2\/media?parent=232"}],"curies":[{"name":"wp","href":"https:\/\/api.w.org\/{rel}","templated":true}]}}