{"id":27,"date":"2023-08-10T13:19:12","date_gmt":"2023-08-10T11:19:12","guid":{"rendered":"https:\/\/swisshrmed.ch\/?page_id=27"},"modified":"2026-03-23T14:32:37","modified_gmt":"2026-03-23T13:32:37","slug":"contact","status":"publish","type":"page","link":"https:\/\/swisshrmed.ch\/fr\/kontakt\/","title":{"rendered":"Contact Swiss HRmed"},"content":{"rendered":"<section class=\"bde-section-27-100 bde-section\">\n  \n  \n\t\n\n\n\n<div class=\"section-container\"><h1 class=\"bde-heading-27-101 bde-heading\">\nKontakt Swiss HRmed\n<\/h1><div class=\"bde-text-27-102 bde-text\">\nUnsere fundierte Ausbildung und berufliche Hintergrund im Schweizer und internationalen Gesundheitssystem bilden die Grundlage f\u00fcr fachkundige Unterst\u00fctzung bei der Vermittlung von medizinischen Fachkr\u00e4ften.\n<\/div><div class=\"bde-columns-27-103 bde-columns\"><div class=\"bde-column-27-104 bde-column\">\n  \n  \n\t\n\n\n\n<h3 class=\"bde-heading-27-106 bde-heading\">\nBitte schicken Sie uns eine Nachricht\n<\/h3><div class=\"bde-text-27-107 bde-text\">\nWir antworten normalerweise innerhalb von zwei Werktagen. Bei dringenden Anliegen k\u00f6nnen Sie uns jederzeit anrufen.\n<\/div><div class=\"bde-form-builder-27-108 bde-form-builder\">\n\n<form id=\"contact-form108\" class=\"breakdance-form breakdance-form--vertical\" data-options=\"{&quot;slug&quot;:&quot;custom&quot;,&quot;name&quot;:&quot;Contact Form&quot;,&quot;ajaxUrl&quot;:&quot;https:\\\/\\\/swisshrmed.ch\\\/wp-admin\\\/admin-ajax.php&quot;,&quot;clearOnSuccess&quot;:true,&quot;hideOnSuccess&quot;:true,&quot;successMessage&quot;:&quot; Ihre Nachricht wurde empfangen!&quot;,&quot;errorMessage&quot;:&quot; Etwas ist schiefgegangen&quot;,&quot;redirect&quot;:false,&quot;redirectUrl&quot;:&quot;&quot;,&quot;customJavaScript&quot;:&quot;&quot;,&quot;recaptcha&quot;:{&quot;key&quot;:&quot;&quot;,&quot;enabled&quot;:false},&quot;honeypot_enabled&quot;:true,&quot;popupsOnSuccess&quot;:[],&quot;popupsOnError&quot;:[]}\" data-steps=\"0\" >\n  \n  \n  \n<div class=\"breakdance-form-field breakdance-form-field--text\" >\n    \n    \n            <label class=\"breakdance-form-field__label\" for=\"name\">\n            Vorname<span class=\"breakdance-form-field__required\">*<\/span>\n        <\/label>\n    \n    <input\n    class=\"breakdance-form-field__input\"\n    id=\"name\"\n    aria-describedby=\"name\"\n    type=\"text\"\n    name=\"fields[name]\"\n    placeholder=\" Ihr Vorname\"\n    value=\"\"\n                \n        \n        \n    required\n    \n    \n    \n>\n\n\n    \n    \n<\/div>\n\n\n<div class=\"breakdance-form-field breakdance-form-field--text\" >\n    \n    \n            <label class=\"breakdance-form-field__label\" for=\"osizir\">\n            Nachname<span class=\"breakdance-form-field__required\">*<\/span>\n        <\/label>\n    \n    <input\n    class=\"breakdance-form-field__input\"\n    id=\"osizir\"\n    aria-describedby=\"osizir\"\n    type=\"text\"\n    name=\"fields[osizir]\"\n    placeholder=\" Ihr Nachname\"\n    value=\"\"\n                \n        \n        \n    required\n    \n    \n    \n>\n\n\n    \n    \n<\/div>\n\n\n<div class=\"breakdance-form-field breakdance-form-field--tel\" >\n    \n    \n            <label class=\"breakdance-form-field__label\" for=\"bdsbol\">\n             Telefonnummer<span class=\"breakdance-form-field__required\">*<\/span>\n        <\/label>\n    \n    <input\n    class=\"breakdance-form-field__input\"\n    id=\"bdsbol\"\n    aria-describedby=\"bdsbol\"\n    type=\"tel\"\n    name=\"fields[bdsbol]\"\n    placeholder=\" Ihre Telefonnummer\"\n    value=\"\"\n                \n        \n        \n    required\n    \n    \n    \n>\n\n\n    \n    \n<\/div>\n\n\n<div class=\"breakdance-form-field breakdance-form-field--select\" >\n    \n    \n            <label class=\"breakdance-form-field__label\" for=\"dydesk\">\n            Land<span class=\"breakdance-form-field__required\">*<\/span>\n        <\/label>\n    \n    <select\n    class=\"breakdance-form-field__input\"\n    id=\"dydesk\"\n    name=\"fields[dydesk]\"\n    required\n    \n        >\n      <option value=\"\">Select...<\/option>\n          <option value=\"Albania\" >Albania<\/option>\n        <option value=\"Andorra\" >Andorra<\/option>\n        <option value=\"Austria\" >Austria<\/option>\n        <option value=\"Belarus\" >Belarus<\/option>\n        <option value=\"Belgium\" >Belgium<\/option>\n        <option value=\"Bosnia and Herzegovina\" >Bosnia and Herzegovina<\/option>\n        <option value=\"Bulgaria\" >Bulgaria<\/option>\n        <option value=\"Croatia\" >Croatia<\/option>\n        <option value=\"Czech Republic\" >Czech Republic<\/option>\n        <option value=\"Denmark\" >Denmark<\/option>\n        <option value=\"Estonia\" >Estonia<\/option>\n        <option value=\"\tFinland\" >\tFinland<\/option>\n        <option value=\"France\" >France<\/option>\n        <option value=\"Germany\" >Germany<\/option>\n        <option value=\"Greece\" >Greece<\/option>\n        <option value=\"Hungary\" >Hungary<\/option>\n        <option value=\"Iceland\" >Iceland<\/option>\n        <option value=\"Ireland\" >Ireland<\/option>\n        <option value=\"Italy\" >Italy<\/option>\n        <option value=\"Latvia\" >Latvia<\/option>\n        <option value=\"Liechtenstein\" >Liechtenstein<\/option>\n        <option value=\"Lithuania\" >Lithuania<\/option>\n        <option value=\"Luxembourg\" >Luxembourg<\/option>\n        <option value=\"Malta\" >Malta<\/option>\n        <option value=\"Moldova\" >Moldova<\/option>\n        <option value=\"Monaco\" >Monaco<\/option>\n        <option value=\"Montenegro\" >Montenegro<\/option>\n        <option value=\"Netherlands\" >Netherlands<\/option>\n        <option value=\"North Macedonia\" >North Macedonia<\/option>\n        <option value=\"\tNorway\" >\tNorway<\/option>\n        <option value=\"Poland\" >Poland<\/option>\n        <option value=\"Portugal\" >Portugal<\/option>\n        <option value=\"Romania\" >Romania<\/option>\n        <option value=\"Russia\" >Russia<\/option>\n        <option value=\"San Marino\" >San Marino<\/option>\n        <option value=\"Serbia\" >Serbia<\/option>\n        <option value=\"Slovakia\" >Slovakia<\/option>\n        <option value=\"Slovenia\" >Slovenia<\/option>\n        <option value=\"Spain\" >Spain<\/option>\n        <option value=\"Sweden\" >Sweden<\/option>\n        <option value=\"Switzerland\" selected>Switzerland<\/option>\n        <option value=\"Ukraine\" >Ukraine<\/option>\n        <option value=\"United Kingdom\" >United Kingdom<\/option>\n        <option value=\"United States of America\" >United States of America<\/option>\n        <option value=\"other\" >- other<\/option>\n  <\/select>\n\n\n    \n    \n<\/div>\n\n\n<div class=\"breakdance-form-field breakdance-form-field--email\" >\n    \n    \n            <label class=\"breakdance-form-field__label\" for=\"email\">\n            Emailadressen<span class=\"breakdance-form-field__required\">*<\/span>\n        <\/label>\n    \n    <input\n    class=\"breakdance-form-field__input\"\n    id=\"email\"\n    aria-describedby=\"email\"\n    type=\"email\"\n    name=\"fields[email]\"\n    placeholder=\" Ihre E-Mailadresse\"\n    value=\"\"\n                \n        \n        \n    required\n    \n    \n    \n>\n\n\n    \n    \n<\/div>\n\n\n<div class=\"breakdance-form-field breakdance-form-field--textarea\" >\n    \n    \n            <label class=\"breakdance-form-field__label\" for=\"message\">\n            Nachricht<span class=\"breakdance-form-field__required\">*<\/span>\n        <\/label>\n    \n    <textarea\n    class=\"breakdance-form-field__input\"\n    id=\"message\"\n    aria-describedby=\"message\"\n    type=\"textarea\"\n    name=\"fields[message]\"\n        rows=\"4\"\n        placeholder=\" Ihre Frage oder Nachricht\"\n    required\n    >\n<\/textarea>\n\n\n    \n    \n<\/div>\n\n\n<div class=\"breakdance-form-field breakdance-form-field--checkbox\" >\n    \n    \n    \n    <fieldset role=\"group\"\n    aria-label=\"Akzeptieren\"\n    >\n       <legend class=\"breakdance-form-field__label\">Akzeptieren<span class=\"breakdance-form-field__required\">*<\/span><\/legend>\n          <div class=\"breakdance-form-checkbox\">\n          <input\n              type=\"checkbox\"\n              name=\"fields[gwhcxg]\"\n              value=\"Accept\"\n              id=\"gwhcxg-1\"\n              \n                        >\n          <label class=\"breakdance-form-checkbox__text\" for=\"gwhcxg-1\"> Ich akzeptiere die Datenschutzerkl\u00e4rung<\/label>\n      <\/div>\n  <\/fieldset>\n\n\n\n    \n    \n<\/div>\n\n\n<div class=\"breakdance-form-field breakdance-form-field--hpinput\" >\n    \n    \n            <label class=\"breakdance-form-field__label\" for=\"hpname\">\n            HP Name\n        <\/label>\n    \n    <input\n    class=\"breakdance-form-field__input\"\n    id=\"hpname\"\n    aria-describedby=\"hpname\"\n    type=\"hpinput\"\n    name=\"fields[hpname]\"\n    placeholder=\"\"\n    value=\"\"\n                \n        \n        \n    \n    autocomplete=\"off\"\n    tabindex=\"-1\"\n    \n>\n\n\n    \n    \n<\/div>\n\n\n  \n\n<div class=\"breakdance-form-field breakdance-form-footer\">\n    \n    \n                                    \n    \n    \n    \n    \n            \n            <button type=\"submit\" class=\"button-atom button-atom--primary breakdance-form-button breakdance-form-button__submit\"  >\n    \n        <span class=\"button-atom__text\">Nachricht senden<\/span>\n\n        \n        \n            <\/button>\n    \n    <input type=\"hidden\" name=\"form_id\" value=\"108\">\n    <input type=\"hidden\" name=\"post_id\" value=\"27\">\n<\/div>\n\n  \n<\/form>\n\n\n<\/div>\n<\/div><div class=\"bde-column-27-105 bde-column\">\n  \n  \n\t\n\n\n\n<div class=\"bde-image-27-109 bde-image\">\n<figure class=\"breakdance-image breakdance-image--137\">\n\t<div class=\"breakdance-image-container\">\n\t\t<div class=\"breakdance-image-clip\"><img loading=\"lazy\" decoding=\"async\" class=\"breakdance-image-object\" src=\"https:\/\/swisshrmed.ch\/wp-content\/uploads\/swisshrmed-office.webp\" width=\"453\" height=\"327\" srcset=\"https:\/\/swisshrmed.ch\/wp-content\/uploads\/swisshrmed-office.webp 453w, https:\/\/swisshrmed.ch\/wp-content\/uploads\/swisshrmed-office-300x217.webp 300w\" sizes=\"auto, (max-width: 453px) 100vw, 453px\" alt=\"Kontakt Swiss HRmed\"><\/div>\n\t<\/div><\/figure>\n\n<\/div><div class=\"bde-div-27-110 bde-div\">\n  \n  \n\t\n\n\n\n<h4 class=\"bde-heading-27-111 bde-heading\">\nSwiss HRmed office\n<\/h4><div class=\"bde-text-27-112 bde-text\">\nHinterbergstrasse 24<br>6312 Steinhausen\n<\/div><div class=\"bde-button-27-113 bde-button\">\n    \n                        \n                        \n    \n    \n    \n    \n            \n                    \n            \n            \n\n    \n    \n    \n    \n    \n    <a class=\"breakdance-link button-atom button-atom--custom bde-button__button\" href=\"https:\/\/www.google.com\/maps\/place\/Swiss+HRmed+AG\/@47.1865487,8.478866,15z\/data=!4m6!3m5!1s0x479001a7634cdf0b:0x8469c13e7590924c!8m2!3d47.1865487!4d8.478866!16s%2Fg%2F11j211hz1c?entry=ttu\" target=\"_blank\" data-type=\"url\" rel=\"noopener noreferrer nofollow\">\n\n    \n        <span class=\"button-atom__text\"> Google Maps \u00f6ffnen<\/span>\n\n        \n        \n                <\/a>\n\n    \n\n\n<\/div>\n<\/div><a class=\"bde-container-link-27-117 bde-container-link breakdance-link\" href=\"tel:+41415415000\" target=\"_self\" data-type=\"contact\">\n  \n  \n\t\n\n\n\n<div class=\"bde-icon-box-27-118 bde-icon-box\">\n\n    \n            <div class=\"ee-iconbox-icon breakdance-icon-atom\" >\n    \n                    <svg xmlns=\"http:\/\/www.w3.org\/2000\/svg\" xmlns:xlink=\"http:\/\/www.w3.org\/1999\/xlink\" width=\"54px\" height=\"54px\" viewBox=\"0 0 54 54\" version=\"1.1\">\r\n    <title>Phone<\/title>\r\n    <g id=\"Website-CH\" stroke=\"none\" stroke-width=\"1\" fill=\"none\" fill-rule=\"evenodd\">\r\n        <g id=\"Contact\" transform=\"translate(-1206, -1171)\" fill=\"#0E3073\" fill-rule=\"nonzero\">\r\n            <g id=\"Phone\" transform=\"translate(1206, 1171)\">\r\n                <path d=\"M54,27.006439 C54,27.8841518 53.2881585,28.5951801 52.4095755,28.5951801 C51.5309925,28.5951801 50.8192591,27.8841518 50.8192591,27.006439 C50.8192591,13.8450684 40.1410962,3.1774823 26.9666761,3.1774823 C26.0880931,3.1774823 25.3763597,2.46645393 25.3763597,1.58874115 C25.3763597,0.71102837 26.0880931,0 26.9666761,0 C41.8960996,0 54,12.0919114 54,27.006547 L54,27.006439 Z M44.458318,27.006439 C44.458318,27.8841518 43.7464765,28.5951801 42.8678935,28.5951801 C41.9914191,28.5951801 41.2775771,27.8841518 41.2775771,27.006439 C41.2775771,19.1091845 34.8717607,12.7097131 26.9666761,12.7097131 C26.0880931,12.7097131 25.3763597,11.9965782 25.3763597,11.120972 C25.3763597,10.2432592 26.0880931,9.53223083 26.9666761,9.53223083 C36.6267641,9.53223083 44.458318,17.3554874 44.458318,27.006547 L44.458318,27.006439 Z M45.2269835,47.0123489 L39.8815763,52.3524614 C35.1127357,57.1144719 19.826094,50.8523558 11.4879355,42.524779 C3.14977713,34.1927191 -3.11871002,18.9237576 1.65050898,14.1592625 L6.99591625,8.81914997 C8.59255842,7.22408929 11.1206067,7.35701551 12.550183,9.10398262 L19.6399425,17.7606612 C20.9937173,19.4127057 20.8733109,21.9150243 19.3632726,23.423394 L15.9862158,26.7971058 C15.5595975,27.2233016 15.4434407,28.105249 15.7433376,28.6053022 C15.8341533,28.7783115 15.9038452,28.9091258 16.0157848,29.1053446 C16.2121981,29.4492568 16.4550763,29.8417051 16.7465496,30.274242 C17.591341,31.5232948 18.6452081,32.8208513 19.9229652,34.0973428 C21.2007223,35.3738342 22.5016739,36.428764 23.7540738,37.2727186 C24.1870287,37.5638816 24.5798337,37.8065192 24.9262387,38.0048661 C25.124766,38.1166894 25.25571,38.1863176 25.3106201,38.2137455 C25.9251957,38.5660945 26.8101045,38.4500528 27.2304186,38.0301874 L30.6074755,34.6564755 C32.1154484,33.1499963 34.6223567,33.0297632 36.2758229,34.3800797 L44.9410845,41.4628167 C46.6898162,42.8932995 46.8249828,45.4146308 45.2261996,47.0115819 L45.2269835,47.0123489 Z M13.7374866,24.5504636 L17.1145434,21.1767517 C17.4672418,20.8244027 17.4989249,20.1640062 17.1779041,19.7715471 L10.0881446,11.1148685 C9.84738043,10.8215936 9.50736069,10.802608 9.24546185,11.0642312 L3.90005459,16.4043438 C0.909520169,19.3940766 6.52315207,33.0684636 13.7374811,40.2775912 C20.9521346,47.4850985 34.6418098,53.093278 37.6322361,50.1052737 L42.9776434,44.7651611 C43.24164,44.501426 43.2247442,44.1638333 42.9269559,43.9212065 L34.2616943,36.84063 C33.8730902,36.5199273 33.2078272,36.5515735 32.857205,36.903928 L29.4801481,40.2776398 C28.0524642,41.7018031 25.6215736,42.0309589 23.8642454,41.0435455 C23.4566315,40.8409964 22.8061611,40.4654434 21.9761299,39.9062998 C20.5610976,38.9526446 19.1017306,37.7711082 17.6740467,36.3447844 C16.2463628,34.9185147 15.0636549,33.4626997 14.1111628,32.0511755 C13.5557361,31.2304466 13.1840279,30.5848281 12.9791153,30.1775693 C11.9674743,28.4221438 12.3032822,25.9831285 13.7372919,24.5504852 L13.7374866,24.5504636 Z\" id=\"Shape\"\/>\r\n            <\/g>\r\n        <\/g>\r\n    <\/g>\r\n<\/svg>\n        \n        \n        \n            <\/div>\n    \n\n<div class=\"ee-iconbox-content\">\n      <p class=\"ee-iconbox-title bde-h3\" >Anrufen<\/p>\n        <div class=\"ee-iconbox-text\" >+41 41 541 50 00<\/div>\n    <\/div>\n\n<\/div>\n\n<\/a><a class=\"bde-container-link-27-116 bde-container-link breakdance-link\" href=\"mailto:admin@luidruchtig.nl?subject=Contact via email&amp;body=\" target=\"_self\" data-type=\"contact\">\n  \n  \n\t\n\n\n\n<div class=\"bde-icon-box-27-115 bde-icon-box\">\n\n    \n            <div class=\"ee-iconbox-icon breakdance-icon-atom\" >\n    \n                    <svg xmlns=\"http:\/\/www.w3.org\/2000\/svg\" xmlns:xlink=\"http:\/\/www.w3.org\/1999\/xlink\" width=\"54px\" height=\"50px\" viewBox=\"0 0 54 50\" version=\"1.1\">\r\n    <title>Mail<\/title>\r\n    <g id=\"Website-CH\" stroke=\"none\" stroke-width=\"1\" fill=\"none\" fill-rule=\"evenodd\">\r\n        <g id=\"Contact\" transform=\"translate(-1206, -1279)\" fill=\"#0E3073\" fill-rule=\"nonzero\">\r\n            <g id=\"Mail\" transform=\"translate(1206, 1279)\">\r\n                <polygon id=\"Path\" points=\"14.9132316 22.8037857 27.0002316 22.8037857 27.0002316 25.1905374 14.9132316 25.1905374\"\/>\r\n                <polygon id=\"Path\" points=\"14.9132316 17.5129541 39.0842316 17.5129541 39.0842316 19.8997057 14.9132316 19.8997057\"\/>\r\n                <polygon id=\"Path\" points=\"14.9132316 12.2221224 39.0842316 12.2221224 39.0842316 14.6088741 14.9132316 14.6088741\"\/>\r\n                <path d=\"M52.2140316,16.4269821 L45.3116316,11.4460105 L45.3116316,6.49069644 C45.3116316,5.83338505 44.7725676,5.29732063 44.1116316,5.29732063 L36.7592316,5.29732063 C36.766263,5.28566672 31.3826916,1.40023259 31.3826916,1.40023259 C28.7600316,-0.466744196 25.2326916,-0.466744196 22.6124916,1.40023259 L17.2359516,5.28568522 C17.242983,5.29733913 9.8907516,5.29733913 9.8907516,5.29733913 L9.888408,5.29733913 C9.227448,5.29733913 8.688408,5.83342741 8.688408,6.49071494 L8.688408,11.4437019 L1.783608,16.4270006 C1.188294,16.853537 0.724248,17.4362385 0.442968,18.1098395 C0.154686,18.655248 0.00234,19.2612682 0,19.8788998 L0,46.1098968 L0,46.1075661 C0.0023436,48.2565973 1.75314,49.9976729 3.9117,50 L50.0883,50 C52.24692,49.9953381 53.99766,48.2565376 54,46.1075661 L54,19.8765691 L54,19.8789004 C53.9976564,19.2612091 53.845314,18.6552128 53.557032,18.1074533 C53.275782,17.4361795 52.809372,16.853454 52.214052,16.4269415 L52.2140316,16.4269821 Z M45.3092316,15.1310356 L50.4514116,18.8417184 L50.4537552,18.8417184 C50.7045372,19.0048767 50.8568832,19.2845742 50.8568832,19.5829241 C50.8568832,19.881274 50.7045372,20.1609655 50.4537552,20.3241298 L45.3115752,24.0371396 L45.3092316,15.1310356 Z M22.3172316,5.29761898 L24.3750516,3.81288046 C25.9523916,2.71509406 28.0500516,2.71509406 29.6250516,3.81288046 L31.6828716,5.29761898 L22.3172316,5.29761898 Z M11.0882316,7.6843706 L42.9116316,7.6843706 L42.9116316,25.7669975 L29.6228316,35.3581589 C28.0478316,36.4559453 25.9501716,36.4559453 24.3775116,35.3581589 L11.0887116,25.7669975 L11.0882316,7.6843706 Z M3.5462316,18.8418377 L8.6884116,15.131155 L8.6884116,24.0349319 L3.5462316,20.3242492 C3.2954496,20.1610908 3.1431036,19.8813934 3.1431036,19.5830434 C3.1431036,19.2846935 3.2954496,19.005002 3.5462316,18.8418377 L3.5462316,18.8418377 Z M51.0002316,46.1074915 C51.0002316,46.6086139 50.5924176,47.0141588 50.0885316,47.0164859 L3.9119316,47.0164859 C3.4080276,47.0141546 3.0002316,46.608596 3.0002316,46.1074915 L3.0002316,23.6152849 L22.6130316,37.7705681 C25.2380316,39.6375449 28.7630316,39.6375449 31.3856316,37.7728988 L51.0002316,23.6152849 L51.0002316,46.1074915 Z\" id=\"Shape\"\/>\r\n            <\/g>\r\n        <\/g>\r\n    <\/g>\r\n<\/svg>\n        \n        \n        \n            <\/div>\n    \n\n<div class=\"ee-iconbox-content\">\n      <p class=\"ee-iconbox-title bde-h3\" >Email<\/p>\n        <div class=\"ee-iconbox-text\" >info@swisshrmed.ch<\/div>\n    <\/div>\n\n<\/div>\n\n<\/a>\n<\/div><\/div><\/div>\n<\/section>","protected":false},"excerpt":{"rendered":"<p>Kontakt Swiss HRmed Unsere fundierte Ausbildung und berufliche Hintergrund im Schweizer und internationalen Gesundheitssystem bilden die Grundlage f\u00fcr fachkundige Unterst\u00fctzung bei der Vermittlung von medizinischen Fachkr\u00e4ften. Bitte schicken Sie uns eine Nachricht Wir antworten normalerweise innerhalb von zwei Werktagen. Bei dringenden Anliegen k\u00f6nnen Sie uns jederzeit anrufen. Vorname* Nachname* Telefonnummer* Land* Select&#8230; Albania Andorra Austria [&hellip;]<\/p>\n","protected":false},"author":1,"featured_media":0,"parent":0,"menu_order":0,"comment_status":"closed","ping_status":"closed","template":"","meta":{"_acf_changed":false,"_breakdance_hide_in_design_set":false,"_breakdance_tags":"","footnotes":""},"class_list":["post-27","page","type-page","status-publish","hentry"],"acf":[],"_links":{"self":[{"href":"https:\/\/swisshrmed.ch\/fr\/wp-json\/wp\/v2\/pages\/27","targetHints":{"allow":["GET"]}}],"collection":[{"href":"https:\/\/swisshrmed.ch\/fr\/wp-json\/wp\/v2\/pages"}],"about":[{"href":"https:\/\/swisshrmed.ch\/fr\/wp-json\/wp\/v2\/types\/page"}],"author":[{"embeddable":true,"href":"https:\/\/swisshrmed.ch\/fr\/wp-json\/wp\/v2\/users\/1"}],"replies":[{"embeddable":true,"href":"https:\/\/swisshrmed.ch\/fr\/wp-json\/wp\/v2\/comments?post=27"}],"version-history":[{"count":15,"href":"https:\/\/swisshrmed.ch\/fr\/wp-json\/wp\/v2\/pages\/27\/revisions"}],"predecessor-version":[{"id":2361,"href":"https:\/\/swisshrmed.ch\/fr\/wp-json\/wp\/v2\/pages\/27\/revisions\/2361"}],"wp:attachment":[{"href":"https:\/\/swisshrmed.ch\/fr\/wp-json\/wp\/v2\/media?parent=27"}],"curies":[{"name":"wp","href":"https:\/\/api.w.org\/{rel}","templated":true}]}}