{"id":361,"date":"2023-08-13T15:09:58","date_gmt":"2023-08-13T13:09:58","guid":{"rendered":"https:\/\/swisshrmed.ch\/?page_id=361"},"modified":"2024-08-21T10:17:20","modified_gmt":"2024-08-21T08:17:20","slug":"conseil-en-rh","status":"publish","type":"page","link":"https:\/\/swisshrmed.ch\/fr\/hr-beratung\/","title":{"rendered":"Conseil RH pour les professionnels de la sant\u00e9"},"content":{"rendered":"<section class=\"bde-section-361-100 bde-section\">\n  \n  \n\t\n\n\n\n<div class=\"section-container\"><div class=\"bde-div-361-101 bde-div\">\n              \n  \n  \n\t\n\n  <div class=\"section-background-overlay\"><\/div>\n\n\n<a class=\"bde-container-link-361-102 bde-container-link breakdance-link\" href=\"#\" target=\"_self\">\n  \n  \n\t\n\n\n\n<div class=\"bde-text-361-103 bde-text\">\nServices<br>\n<\/div>\n\n<\/a><h1 class=\"bde-heading-361-104 bde-heading\">\nConseil en RH\n<\/h1>\n<\/div><\/div>\n<\/section><section class=\"bde-section-361-105 bde-section\">\n  \n  \n\t\n\n\n\n<div class=\"section-container\"><div class=\"bde-breadcrumbs-361-106 bde-breadcrumbs\"><nav aria-label=\"breadcrumbs\" class=\"rank-math-breadcrumb\"><p><span class=\"last\">Accueil<\/span><\/p><\/nav><\/div><div class=\"bde-columns-361-107 bde-columns\"><div class=\"bde-column-361-108 bde-column\">\n  \n  \n\t\n\n\n\n<h2 class=\"bde-heading-361-162 bde-heading\">\nConseil RH pour les professionnels de la sant\u00e9\n<\/h2><div class=\"bde-text-361-109 bde-text\">\nNous sommes \u00e9galement l\u00e0 pour vous conseiller en mati\u00e8re de RH ! Apr\u00e8s un placement r\u00e9ussi, nous vous accompagnons \u00e9galement de mani\u00e8re compl\u00e8te dans votre nouvelle \u00e9tape de vie en Suisse. Gr\u00e2ce \u00e0 sa longue exp\u00e9rience, Swiss HRmed conna\u00eet parfaitement les directives et les lois en vigueur lors de l'engagement de personnel qualifi\u00e9 en provenance de l'\u00e9tranger et reste en contact avec vous apr\u00e8s l'engagement afin de vous soutenir dans les proc\u00e9dures RH et d'immigration.<br><br>Notre objectif est de vous permettre de d\u00e9marrer votre nouvelle \u00e9tape de vie de la mani\u00e8re la plus organis\u00e9e possible. Cela signifie que nous sommes \u00e9galement l\u00e0 pour r\u00e9pondre \u00e0 vos questions sur les th\u00e8mes suivants et que nous faisons appel \u00e0 notre r\u00e9seau professionnel.<br><br>\n<\/div><h3 class=\"bde-heading-361-110 bde-heading\">\nNous conseillons en cas de\n<\/h3><div class=\"bde-div-361-111 bde-div\">\n  \n  \n\t\n\n\n\n<div class=\"bde-div-361-112 bde-div\">\n  \n  \n\t\n\n\n\n<div class=\"bde-div-361-113 bde-div\">\n  \n  \n\t\n\n\n\n<div class=\"bde-div-361-114 bde-div\">\n  \n  \n\t\n\n\n\n<h1 class=\"bde-heading-361-115 bde-heading\">\n1\n<\/h1>\n<\/div>\n<\/div><div class=\"bde-div-361-116 bde-div\">\n  \n  \n\t\n\n\n\n<h4 class=\"bde-heading-361-117 bde-heading\">\nImmigration et permis de s\u00e9jour\/travail\n<\/h4><div class=\"bde-text-361-118 bde-text\">\nL'immigration en Suisse implique les obligations n\u00e9cessaires. Swiss HRmed vous guide pas \u00e0 pas dans cette proc\u00e9dure et vous aide \u00e0 demander le bon permis de s\u00e9jour\/travail.\n<\/div>\n<\/div>\n<\/div><div class=\"bde-div-361-119 bde-div\">\n  \n  \n\t\n\n\n\n<div class=\"bde-div-361-120 bde-div\">\n  \n  \n\t\n\n\n\n<div class=\"bde-div-361-121 bde-div\">\n  \n  \n\t\n\n\n\n<h1 class=\"bde-heading-361-122 bde-heading\">\n2\n<\/h1>\n<\/div>\n<\/div><div class=\"bde-div-361-123 bde-div\">\n  \n  \n\t\n\n\n\n<h4 class=\"bde-heading-361-124 bde-heading\">\nRecherche d'un logement et inscription aupr\u00e8s de la commune de r\u00e9sidence\n<\/h4><div class=\"bde-text-361-125 bde-text\">\nIl existe diff\u00e9rentes possibilit\u00e9s pour trouver un logement en Suisse au cours des premiers mois. Swiss HRmed vous aide dans vos premi\u00e8res d\u00e9marches et vous fournit les informations et les conseils n\u00e9cessaires pour augmenter vos chances sur le march\u00e9 du logement.\n<\/div>\n<\/div>\n<\/div><div class=\"bde-div-361-126 bde-div\">\n  \n  \n\t\n\n\n\n<div class=\"bde-div-361-127 bde-div\">\n  \n  \n\t\n\n\n\n<div class=\"bde-div-361-128 bde-div\">\n  \n  \n\t\n\n\n\n<h1 class=\"bde-heading-361-129 bde-heading\">\n3\n<\/h1>\n<\/div>\n<\/div><div class=\"bde-div-361-130 bde-div\">\n  \n  \n\t\n\n\n\n<h4 class=\"bde-heading-361-131 bde-heading\">\nAssurances obligatoires et recommand\u00e9es\n<\/h4><div class=\"bde-text-361-132 bde-text\">\nEn Suisse aussi, la conclusion d'une assurance maladie est obligatoire. De plus, chaque situation personnelle n\u00e9cessite des assurances recommand\u00e9es, comme par exemple une assurance m\u00e9nage, une assurance responsabilit\u00e9 civile et\/ou une assurance automobile. Afin d'\u00e9viter une surassurance, Swiss HRmed fait appel \u00e0 notre r\u00e9seau pour vous offrir, l\u00e0 aussi, des conseils avis\u00e9s.\n<\/div>\n<\/div>\n<\/div><div class=\"bde-div-361-133 bde-div\">\n  \n  \n\t\n\n\n\n<div class=\"bde-div-361-134 bde-div\">\n  \n  \n\t\n\n\n\n<div class=\"bde-div-361-135 bde-div\">\n  \n  \n\t\n\n\n\n<h1 class=\"bde-heading-361-136 bde-heading\">\n4\n<\/h1>\n<\/div>\n<\/div><div class=\"bde-div-361-137 bde-div\">\n  \n  \n\t\n\n\n\n<h4 class=\"bde-heading-361-138 bde-heading\">\nDiverses th\u00e9matiques RH\n<\/h4><div class=\"bde-text-361-139 bde-text\">\nCela peut inclure la r\u00e9vision de votre contrat de travail afin que vous sachiez ce que vous signez. Mais nous sommes \u00e9galement tr\u00e8s exp\u00e9riment\u00e9s pour vous aider \u00e0 faire reconna\u00eetre votre dipl\u00f4me par la CRS (Croix-Rouge suisse) et la MEBEKO (Commission des professions m\u00e9dicales). Ces organismes demandent diff\u00e9rents documents, avec ou sans traduction certifi\u00e9e, ce qui peut prendre beaucoup de temps. Afin d'acc\u00e9l\u00e9rer ce processus, nous v\u00e9rifions ensemble si tous les documents demand\u00e9s sont disponibles et clarifions avec vous toutes les questions en suspens.\n<\/div>\n<\/div>\n<\/div>\n<\/div>\n<\/div><div class=\"bde-column-361-140 bde-column\">\n  \n  \n\t\n\n\n\n<div class=\"bde-globalblock-361-164 bde-globalblock\"><div class=\"bde-div-590-100-590-1 bde-div bde-div-590-100\">\n  \n  \n\t\n\n\n\n<div class=\"bde-image-590-101-590-1 bde-image bde-image-590-101\">\n<figure class=\"breakdance-image breakdance-image--1520\">\n\t<div class=\"breakdance-image-container\">\n\t\t<div class=\"breakdance-image-clip\"><img loading=\"lazy\" decoding=\"async\" class=\"breakdance-image-object\" src=\"https:\/\/swisshrmed.ch\/wp-content\/uploads\/IMG_9114-Large-768x1024.webp\" width=\"768\" height=\"1024\" srcset=\"https:\/\/swisshrmed.ch\/wp-content\/uploads\/IMG_9114-Large.webp 960w, https:\/\/swisshrmed.ch\/wp-content\/uploads\/IMG_9114-Large-225x300.webp 225w, https:\/\/swisshrmed.ch\/wp-content\/uploads\/IMG_9114-Large-768x1024.webp 768w, https:\/\/swisshrmed.ch\/wp-content\/uploads\/IMG_9114-Large-9x12.webp 9w\" sizes=\"auto, (max-width: 960px) 100vw, 960px\"><\/div>\n\t<\/div><\/figure>\n\n<\/div><div class=\"bde-div-590-102-590-1 bde-div bde-div-590-102\">\n  \n  \n\t\n\n\n\n<h5 class=\"bde-heading-590-103-590-1 bde-heading bde-heading-590-103\">\nFaites connaissance avec Brigit\n<\/h5><div class=\"bde-text-590-104-590-1 bde-text bde-text-590-104\">\nMa longue exp\u00e9rience et ma carri\u00e8re dans le secteur de la sant\u00e9, tant en Suisse qu'\u00e0 l'\u00e9tranger, me permettent d'offrir un soutien pour tous les besoins en recrutement dans le secteur de la sant\u00e9, de mani\u00e8re personnalis\u00e9e et durable.\n<\/div><div class=\"bde-button-590-105-590-1 bde-button bde-button-590-105\">\n    \n                                    \n    \n    \n    \n    \n            \n                    \n            \n            \n\n    \n    \n    \n    \n    \n    <a class=\"breakdance-link button-atom button-atom--primary bde-button__button\" href=\"\/fr\/contact\/\" target=\"_self\" data-type=\"url\"  >\n\n    \n        <span class=\"button-atom__text\">Contacter Brigit<\/span>\n\n        \n        \n                <\/a>\n\n    \n\n\n<\/div>\n<\/div>\n<\/div><\/div>\n<\/div><\/div><\/div>\n<\/section><section class=\"bde-section-361-147 bde-section\">\n  \n  \n\t\n\n\n\n<div class=\"section-container\"><div class=\"bde-columns-361-148 bde-columns\"><div class=\"bde-column-361-149 bde-column\">\n  \n  \n\t\n\n\n\n<h3 class=\"bde-heading-361-150 bde-heading\">\nRegroupement familial\n<\/h3><div class=\"bde-text-361-151 bde-text\">\nM\u00eame si vous venez en Suisse avec votre famille, Swiss HRmed est l\u00e0 pour vous aider. En outre, nous conseillons les partenaires, par exemple pour la r\u00e9daction de CV et d'autres documents, pour les candidatures \u00e0 des emplois dans des domaines non m\u00e9dicaux. Nous pouvons aussi vous conseiller par exemple sur la garde des enfants, les allocations familiales ou d'autres allocations auxquelles vous pourriez avoir droit.<br>\n<\/div>\n<\/div><div class=\"bde-column-361-152 bde-column\">\n  \n  \n\t\n\n\n\n<h3 class=\"bde-heading-361-153 bde-heading\">\nConseil RH sans m\u00e9diation pr\u00e9alable\n<\/h3><div class=\"bde-text-361-154 bde-text\">\nSi vous souhaitez un conseil RH sans m\u00e9diation pr\u00e9alable ou si votre question ne rel\u00e8ve pas des th\u00e8mes susmentionn\u00e9s, Swiss HRmed est \u00e9galement \u00e0 votre disposition et vous pouvez vous adresser \u00e0 nous pour toutes sortes de demandes.<br>\n<\/div>\n<\/div><\/div><\/div>\n<\/section><div class=\"bde-globalblock-361-163 bde-globalblock\"><section class=\"bde-section-325-100-325-1 bde-section bde-section-325-100\">\n  \n  \n\t\n\n\n\n<div class=\"section-container\"><a class=\"bde-container-link-325-101-325-1 bde-container-link bde-container-link-325-101 breakdance-link\" href=\"#\" target=\"_self\">\n  \n  \n\t\n\n\n\n<div class=\"bde-text-325-102-325-1 bde-text bde-text-325-102\">\nHistoires\n<\/div>\n\n<\/a><h2 class=\"bde-heading-325-103-325-1 bde-heading bde-heading-325-103\">\nCe que les clients et les professionnels disent de nous\n<\/h2><div class=\"bde-post-loop-325-104-325-1 bde-post-loop bde-post-loop-325-104\"><div class=\"bde-loop bde-loop-grid ee-posts ee-posts-grid\">    <article class=\"bde-loop-item ee-post\">\n        <div class=\"bde-div-136-100-2241-136-1 bde-div bde-div-136-100\">\n  \n  \n\t\n\n\n\n<div class=\"bde-div-136-115-2241-136-1 bde-div bde-div-136-115\">\n  \n  \n\t\n\n\n\n<div class=\"bde-div-136-114-2241-136-1 bde-div bde-div-136-114\">\n  \n  \n\t\n\n\n\n<div class=\"bde-code-block-136-101-2241-136-1 bde-code-block bde-code-block-136-101\">\n\n  <div class=\"star-container\"><img decoding=\"async\" src=\"https:\/\/swisshrmed.ch\/wp-content\/uploads\/star-solid-yellow.svg\" alt=\"star-full\"><img decoding=\"async\" src=\"https:\/\/swisshrmed.ch\/wp-content\/uploads\/star-solid-yellow.svg\" alt=\"star-full\"><img decoding=\"async\" src=\"https:\/\/swisshrmed.ch\/wp-content\/uploads\/star-solid-yellow.svg\" alt=\"star-full\"><img decoding=\"async\" src=\"https:\/\/swisshrmed.ch\/wp-content\/uploads\/star-solid-yellow.svg\" alt=\"star-full\"><img decoding=\"async\" src=\"https:\/\/swisshrmed.ch\/wp-content\/uploads\/star-solid-yellow.svg\" alt=\"star-full\"><\/div>\n\n\n<\/div><a class=\"bde-container-link-136-103-2241-136-1 bde-container-link bde-container-link-136-103 breakdance-link\" href=\"#\" target=\"_self\">\n  \n  \n\t\n\n\n\n<div class=\"bde-text-136-104-2241-136-1 bde-text bde-text-136-104\">\nSp\u00e9cialiste\n<\/div>\n\n<\/a><div class=\"bde-text-136-105-2241-136-1 bde-text bde-text-136-105\">\n<p>Je tiens \u00e0 remercier Swiss HRmed pour l'excellente collaboration. Votre patience, votre motivation et votre humanit\u00e9 m'ont \u00e9t\u00e9 d'un grand soutien.<\/p>\n\n<\/div>\n<\/div><div class=\"bde-div-136-106-2241-136-1 bde-div bde-div-136-106\">\n  \n  \n\t\n\n\n\n<div class=\"bde-div-136-110-2241-136-1 bde-div bde-div-136-110\">\n  \n  \n\t\n\n\n\n<div class=\"bde-text-136-107-2241-136-1 bde-text bde-text-136-107\">\n\n<\/div><h6 class=\"bde-heading-136-112-2241-136-1 bde-heading bde-heading-136-112\">\nEric\n<\/h6><div class=\"bde-text-136-113-2241-136-1 bde-text bde-text-136-113\">\nSp\u00e9cialiste en radiologie\n<\/div>\n<\/div><div class=\"bde-div-136-111-2241-136-1 bde-div bde-div-136-111\">\n  \n  \n\t\n\n\n\n<div class=\"bde-image-136-109-2241-136-1 bde-image bde-image-136-109\">\n<figure class=\"breakdance-image breakdance-image--2242\">\n\t<div class=\"breakdance-image-container\">\n\t\t<div class=\"breakdance-image-clip\"><img loading=\"lazy\" decoding=\"async\" class=\"breakdance-image-object\" src=\"https:\/\/swisshrmed.ch\/wp-content\/uploads\/2025_10_14_Kee_Portraitbild-Eric-LINONGI-1994-150x150.jpg\" width=\"150\" height=\"150\" srcset=\"https:\/\/swisshrmed.ch\/wp-content\/uploads\/2025_10_14_Kee_Portraitbild-Eric-LINONGI-1994.jpg 928w, https:\/\/swisshrmed.ch\/wp-content\/uploads\/2025_10_14_Kee_Portraitbild-Eric-LINONGI-1994-174x300.jpg 174w, https:\/\/swisshrmed.ch\/wp-content\/uploads\/2025_10_14_Kee_Portraitbild-Eric-LINONGI-1994-594x1024.jpg 594w, https:\/\/swisshrmed.ch\/wp-content\/uploads\/2025_10_14_Kee_Portraitbild-Eric-LINONGI-1994-768x1324.jpg 768w, https:\/\/swisshrmed.ch\/wp-content\/uploads\/2025_10_14_Kee_Portraitbild-Eric-LINONGI-1994-891x1536.jpg 891w, https:\/\/swisshrmed.ch\/wp-content\/uploads\/2025_10_14_Kee_Portraitbild-Eric-LINONGI-1994-7x12.jpg 7w\" sizes=\"auto, (max-width: 928px) 100vw, 928px\" alt=\"profil image\"><\/div>\n\t<\/div><\/figure>\n\n<\/div>\n<\/div>\n<\/div>\n<\/div>\n<\/div>    <\/article>\n    <article class=\"bde-loop-item ee-post\">\n        <div class=\"bde-div-136-100-1252-136-1 bde-div bde-div-136-100\">\n  \n  \n\t\n\n\n\n<div class=\"bde-div-136-115-1252-136-1 bde-div bde-div-136-115\">\n  \n  \n\t\n\n\n\n<div class=\"bde-div-136-114-1252-136-1 bde-div bde-div-136-114\">\n  \n  \n\t\n\n\n\n<div class=\"bde-code-block-136-101-1252-136-1 bde-code-block bde-code-block-136-101\">\n\n  <div class=\"star-container\"><img decoding=\"async\" src=\"https:\/\/swisshrmed.ch\/wp-content\/uploads\/star-solid-yellow.svg\" alt=\"star-full\"><img decoding=\"async\" src=\"https:\/\/swisshrmed.ch\/wp-content\/uploads\/star-solid-yellow.svg\" alt=\"star-full\"><img decoding=\"async\" src=\"https:\/\/swisshrmed.ch\/wp-content\/uploads\/star-solid-yellow.svg\" alt=\"star-full\"><img decoding=\"async\" src=\"https:\/\/swisshrmed.ch\/wp-content\/uploads\/star-solid-yellow.svg\" alt=\"star-full\"><img decoding=\"async\" src=\"https:\/\/swisshrmed.ch\/wp-content\/uploads\/star-solid-yellow.svg\" alt=\"star-full\"><\/div>\n\n\n<\/div><a class=\"bde-container-link-136-103-1252-136-1 bde-container-link bde-container-link-136-103 breakdance-link\" href=\"#\" target=\"_self\">\n  \n  \n\t\n\n\n\n<div class=\"bde-text-136-104-1252-136-1 bde-text bde-text-136-104\">\nClient\n<\/div>\n\n<\/a><div class=\"bde-text-136-105-1252-136-1 bde-text bde-text-136-105\">\n<p>La collaboration s'est d\u00e9roul\u00e9e de mani\u00e8re simple et transparente. La communication avec Brigit est toujours honn\u00eate, encourageante et juste. Elle fait ce qu'elle dit et est toujours pr\u00eate \u00e0 r\u00e9fl\u00e9chir.<\/p>\n\n<\/div>\n<\/div><div class=\"bde-div-136-106-1252-136-1 bde-div bde-div-136-106\">\n  \n  \n\t\n\n\n\n<div class=\"bde-div-136-110-1252-136-1 bde-div bde-div-136-110\">\n  \n  \n\t\n\n\n\n<div class=\"bde-text-136-107-1252-136-1 bde-text bde-text-136-107\">\n\n<\/div><h6 class=\"bde-heading-136-112-1252-136-1 bde-heading bde-heading-136-112\">\nGerda\n<\/h6><div class=\"bde-text-136-113-1252-136-1 bde-text bde-text-136-113\">\nDirection des soins infirmiers\n<\/div>\n<\/div><div class=\"bde-div-136-111-1252-136-1 bde-div bde-div-136-111\">\n  \n  \n\t\n\n\n\n<div class=\"bde-image-136-109-1252-136-1 bde-image bde-image-136-109\">\n<figure class=\"breakdance-image breakdance-image--1253\">\n\t<div class=\"breakdance-image-container\">\n\t\t<div class=\"breakdance-image-clip\"><img loading=\"lazy\" decoding=\"async\" class=\"breakdance-image-object\" src=\"https:\/\/swisshrmed.ch\/wp-content\/uploads\/Gerda-150x150.jpeg\" width=\"150\" height=\"150\" srcset=\"https:\/\/swisshrmed.ch\/wp-content\/uploads\/Gerda.jpeg 648w, https:\/\/swisshrmed.ch\/wp-content\/uploads\/Gerda-291x300.jpeg 291w, https:\/\/swisshrmed.ch\/wp-content\/uploads\/Gerda-12x12.jpeg 12w\" sizes=\"auto, (max-width: 648px) 100vw, 648px\" alt=\"profil image\"><\/div>\n\t<\/div><\/figure>\n\n<\/div>\n<\/div>\n<\/div>\n<\/div>\n<\/div>    <\/article>\n    <article class=\"bde-loop-item ee-post\">\n        <div class=\"bde-div-136-100-907-136-1 bde-div bde-div-136-100\">\n  \n  \n\t\n\n\n\n<div class=\"bde-div-136-115-907-136-1 bde-div bde-div-136-115\">\n  \n  \n\t\n\n\n\n<div class=\"bde-div-136-114-907-136-1 bde-div bde-div-136-114\">\n  \n  \n\t\n\n\n\n<div class=\"bde-code-block-136-101-907-136-1 bde-code-block bde-code-block-136-101\">\n\n  <div class=\"star-container\"><img decoding=\"async\" src=\"https:\/\/swisshrmed.ch\/wp-content\/uploads\/star-solid-yellow.svg\" alt=\"star-full\"><img decoding=\"async\" src=\"https:\/\/swisshrmed.ch\/wp-content\/uploads\/star-solid-yellow.svg\" alt=\"star-full\"><img decoding=\"async\" src=\"https:\/\/swisshrmed.ch\/wp-content\/uploads\/star-solid-yellow.svg\" alt=\"star-full\"><img decoding=\"async\" src=\"https:\/\/swisshrmed.ch\/wp-content\/uploads\/star-solid-yellow.svg\" alt=\"star-full\"><img decoding=\"async\" src=\"https:\/\/swisshrmed.ch\/wp-content\/uploads\/star-solid-yellow.svg\" alt=\"star-full\"><\/div>\n\n\n<\/div><a class=\"bde-container-link-136-103-907-136-1 bde-container-link bde-container-link-136-103 breakdance-link\" href=\"#\" target=\"_self\">\n  \n  \n\t\n\n\n\n<div class=\"bde-text-136-104-907-136-1 bde-text bde-text-136-104\">\nSp\u00e9cialiste\n<\/div>\n\n<\/a><div class=\"bde-text-136-105-907-136-1 bde-text bde-text-136-105\">\n<p>Je suis tr\u00e8s heureuse de toute l'aide que Swiss HRmed m'a apport\u00e9e. Elle m'a guid\u00e9 \u00e0 chaque \u00e9tape du processus d'immigration.<\/p>\n\n<\/div>\n<\/div><div class=\"bde-div-136-106-907-136-1 bde-div bde-div-136-106\">\n  \n  \n\t\n\n\n\n<div class=\"bde-div-136-110-907-136-1 bde-div bde-div-136-110\">\n  \n  \n\t\n\n\n\n<div class=\"bde-text-136-107-907-136-1 bde-text bde-text-136-107\">\n\n<\/div><h6 class=\"bde-heading-136-112-907-136-1 bde-heading bde-heading-136-112\">\nDjenaba\n<\/h6><div class=\"bde-text-136-113-907-136-1 bde-text bde-text-136-113\">\nInfirmi\u00e8re\n<\/div>\n<\/div><div class=\"bde-div-136-111-907-136-1 bde-div bde-div-136-111\">\n  \n  \n\t\n\n\n\n<div class=\"bde-image-136-109-907-136-1 bde-image bde-image-136-109\">\n<figure class=\"breakdance-image breakdance-image--908\">\n\t<div class=\"breakdance-image-container\">\n\t\t<div class=\"breakdance-image-clip\"><img loading=\"lazy\" decoding=\"async\" class=\"breakdance-image-object\" src=\"https:\/\/swisshrmed.ch\/wp-content\/uploads\/foto-cv-150x150.jpg\" width=\"150\" height=\"150\" srcset=\"https:\/\/swisshrmed.ch\/wp-content\/uploads\/foto-cv-scaled.jpg 1920w, https:\/\/swisshrmed.ch\/wp-content\/uploads\/foto-cv-225x300.jpg 225w, https:\/\/swisshrmed.ch\/wp-content\/uploads\/foto-cv-768x1024.jpg 768w, https:\/\/swisshrmed.ch\/wp-content\/uploads\/foto-cv-1152x1536.jpg 1152w, https:\/\/swisshrmed.ch\/wp-content\/uploads\/foto-cv-1536x2048.jpg 1536w, https:\/\/swisshrmed.ch\/wp-content\/uploads\/foto-cv-9x12.jpg 9w\" sizes=\"auto, (max-width: 1920px) 100vw, 1920px\" alt=\"profil image\"><\/div>\n\t<\/div><\/figure>\n\n<\/div>\n<\/div>\n<\/div>\n<\/div>\n<\/div>    <\/article>\n<\/div>\r\n<\/div><div class=\"bde-button-325-105-325-1 bde-button bde-button-325-105\">\n    \n                        \n                        \n    \n    \n    \n    \n            \n                    \n            \n            \n\n    \n    \n    \n    \n    \n    <a class=\"breakdance-link button-atom button-atom--text bde-button__button\" href=\"\/fr\/stories\/\" target=\"_self\" data-type=\"url\"  >\n\n    \n        <span class=\"button-atom__text\">Lire plus de stories<\/span>\n\n        \n                    \n    <span class=\"button-atom__icon-wrapper\">\n\n        \n            <svg class=\"un-arrow-icon\" xmlns=\"http:\/\/www.w3.org\/2000\/svg\" width=\"32\" height=\"32\" viewbox=\"0 0 32 32\">\n                <g fill=\"none\" stroke-width=\"1.9\" stroke-linejoin=\"round\" stroke-miterlimit=\"10\">\n                    <circle class=\"un-arrow-icon_circle\" cx=\"16\" cy=\"16\" r=\"15.12\"><\/circle>\n                    <path class=\"un-arrow-icon_arrow\" d=\"M16.14 9.93L22.21 16l-6.07 6.07M8.23 16h13.98\"><\/path>\n                <\/g>\n            <\/svg>\n\n        \n    <\/span>\n\n\n        \n                <\/a>\n\n    \n\n\n<\/div><\/div>\n<\/section><\/div>","protected":false},"excerpt":{"rendered":"<p>Services HR Beratung Home HR Beratung f\u00fcr medizinisches Fachpersonal Auch f\u00fcr HR Beratung sind wir f\u00fcr Sie da! Nach erfolgreicher Vermittlung begleiten wir Sie auch umfassend auf dem Weg in ihren neuen Lebensabschnitt in der Schweiz. Basierend auf jahrelangen Erfahrung kennt Swiss HRmed die beh\u00f6rdigen Vorgaben und Gesetze bei der Anstellung von Fachpersonal aus dem [&hellip;]<\/p>\n","protected":false},"author":2,"featured_media":826,"parent":0,"menu_order":0,"comment_status":"closed","ping_status":"closed","template":"","meta":{"_acf_changed":false,"_breakdance_hide_in_design_set":false,"_breakdance_tags":"","footnotes":""},"class_list":["post-361","page","type-page","status-publish","has-post-thumbnail","hentry"],"acf":[],"_links":{"self":[{"href":"https:\/\/swisshrmed.ch\/fr\/wp-json\/wp\/v2\/pages\/361","targetHints":{"allow":["GET"]}}],"collection":[{"href":"https:\/\/swisshrmed.ch\/fr\/wp-json\/wp\/v2\/pages"}],"about":[{"href":"https:\/\/swisshrmed.ch\/fr\/wp-json\/wp\/v2\/types\/page"}],"author":[{"embeddable":true,"href":"https:\/\/swisshrmed.ch\/fr\/wp-json\/wp\/v2\/users\/2"}],"replies":[{"embeddable":true,"href":"https:\/\/swisshrmed.ch\/fr\/wp-json\/wp\/v2\/comments?post=361"}],"version-history":[{"count":15,"href":"https:\/\/swisshrmed.ch\/fr\/wp-json\/wp\/v2\/pages\/361\/revisions"}],"predecessor-version":[{"id":1305,"href":"https:\/\/swisshrmed.ch\/fr\/wp-json\/wp\/v2\/pages\/361\/revisions\/1305"}],"wp:featuredmedia":[{"embeddable":true,"href":"https:\/\/swisshrmed.ch\/fr\/wp-json\/wp\/v2\/media\/826"}],"wp:attachment":[{"href":"https:\/\/swisshrmed.ch\/fr\/wp-json\/wp\/v2\/media?parent=361"}],"curies":[{"name":"wp","href":"https:\/\/api.w.org\/{rel}","templated":true}]}}