{"id":458,"date":"2023-08-20T22:10:59","date_gmt":"2023-08-20T20:10:59","guid":{"rendered":"https:\/\/swisshrmed.ch\/?page_id=458"},"modified":"2023-09-28T20:25:47","modified_gmt":"2023-09-28T18:25:47","slug":"notice-legale","status":"publish","type":"page","link":"https:\/\/swisshrmed.ch\/fr\/legal-notice\/","title":{"rendered":"Notice l\u00e9gale"},"content":{"rendered":"<section class=\"bde-section-458-100 bde-section\">\n  \n  \n\t\n\n\n\n<div class=\"section-container\"><div class=\"bde-div-458-123 bde-div\">\n  \n  \n\t\n\n\n\n<h1 class=\"bde-heading-458-105 bde-heading\">\nMentions l\u00e9gales\n<\/h1><div class=\"bde-columns-458-125 bde-columns\"><div class=\"bde-column-458-126 bde-column\">\n  \n  \n\t\n\n\n\n<h3 class=\"bde-heading-458-106 bde-heading\">\nPropri\u00e9taire\n<\/h3><div class=\"bde-text-458-107 bde-text\">\nSwiss HRmed SA<br>24, rue Hinterberg<br>6312 Steinhausen, Suisse<br><a href=\"mailto:brigit.friedrich@swisshrmed.ch\">Courrier \u00e9lectronique<\/a>\n<\/div><h3 class=\"bde-heading-458-108 bde-heading\">\nRepr\u00e9sentants autoris\u00e9s\n<\/h3><div class=\"bde-text-458-109 bde-text\">\nBrigit Friedrich : Directrice g\u00e9n\u00e9rale\/ CEO &amp; membre du conseil d'administration\n<\/div><h3 class=\"bde-heading-458-110 bde-heading\">\nAvis juridique\n<\/h3><div class=\"bde-text-458-111 bde-text\">\nAucune responsabilit\u00e9 n'est accept\u00e9e pour le contenu des sites web li\u00e9s.\n<\/div>\n<\/div><div class=\"bde-column-458-127 bde-column\">\n  \n  \n\t\n\n\n\n<h3 class=\"bde-heading-458-114 bde-heading\">\nInscription au registre du commerce\n<\/h3><div class=\"bde-text-458-115 bde-text\">\nNom de l'entreprise enregistr\u00e9e : Swiss HRmed SA<br>Num\u00e9ro : CHE-373.884.532<br>Bureau d'enregistrement commercial : Zoug\n<\/div><h3 class=\"bde-heading-458-117 bde-heading\">\nCopyright<br>\n<\/h3><div class=\"bde-text-458-118 bde-text\">\n2023, Swiss HRmed SA\n<\/div><h3 class=\"bde-heading-458-120 bde-heading\">\nNum\u00e9ro de vat\n<\/h3><div class=\"bde-text-458-121 bde-text\">\nCHE-373.884.532 TVA\n<\/div>\n<\/div><\/div>\n<\/div><\/div>\n<\/section>","protected":false},"excerpt":{"rendered":"<p>Impressum Owner Swiss HRmed AGHinterbergstrasse 246312 Steinhausen, SwitzerlandMail Authorised Representatives Brigit Friedrich: Managing Director\/ CEO &#038; member of the Board of Directors Legal Notice No liability is accepted for the content of linked websites. Entry in commercial register Registered company name: Swiss HRmed AGNumber: CHE-373.884.532Commercial register office: Zug Copyright \u00a9 2023, Swiss HRmed AG Vat [&hellip;]<\/p>\n","protected":false},"author":2,"featured_media":0,"parent":0,"menu_order":0,"comment_status":"closed","ping_status":"closed","template":"","meta":{"_acf_changed":false,"_breakdance_hide_in_design_set":false,"_breakdance_tags":"","footnotes":""},"class_list":["post-458","page","type-page","status-publish","hentry"],"acf":[],"_links":{"self":[{"href":"https:\/\/swisshrmed.ch\/fr\/wp-json\/wp\/v2\/pages\/458","targetHints":{"allow":["GET"]}}],"collection":[{"href":"https:\/\/swisshrmed.ch\/fr\/wp-json\/wp\/v2\/pages"}],"about":[{"href":"https:\/\/swisshrmed.ch\/fr\/wp-json\/wp\/v2\/types\/page"}],"author":[{"embeddable":true,"href":"https:\/\/swisshrmed.ch\/fr\/wp-json\/wp\/v2\/users\/2"}],"replies":[{"embeddable":true,"href":"https:\/\/swisshrmed.ch\/fr\/wp-json\/wp\/v2\/comments?post=458"}],"version-history":[{"count":5,"href":"https:\/\/swisshrmed.ch\/fr\/wp-json\/wp\/v2\/pages\/458\/revisions"}],"predecessor-version":[{"id":837,"href":"https:\/\/swisshrmed.ch\/fr\/wp-json\/wp\/v2\/pages\/458\/revisions\/837"}],"wp:attachment":[{"href":"https:\/\/swisshrmed.ch\/fr\/wp-json\/wp\/v2\/media?parent=458"}],"curies":[{"name":"wp","href":"https:\/\/api.w.org\/{rel}","templated":true}]}}