{"id":232,"date":"2023-08-11T22:51:32","date_gmt":"2023-08-11T20:51:32","guid":{"rendered":"https:\/\/swisshrmed.ch\/?page_id=232"},"modified":"2023-09-29T20:33:52","modified_gmt":"2023-09-29T18:33:52","slug":"mediazione","status":"publish","type":"page","link":"https:\/\/swisshrmed.ch\/it\/vermittlung\/","title":{"rendered":"Mediazione"},"content":{"rendered":"<section class=\"bde-section-232-100 bde-section\">\n  \n  \n\t\n\n\n\n<div class=\"section-container\"><div class=\"bde-div-232-101 bde-div\">\n              \n  \n  \n\t\n\n  <div class=\"section-background-overlay\"><\/div>\n\n\n<a class=\"bde-container-link-232-102 bde-container-link breakdance-link\" href=\"#\" target=\"_self\">\n  \n  \n\t\n\n\n\n<div class=\"bde-text-232-103 bde-text\">\nServizi<br>\n<\/div>\n\n<\/a><h1 class=\"bde-heading-232-104 bde-heading\">\nMediazione\n<\/h1>\n<\/div><\/div>\n<\/section><section class=\"bde-section-232-105 bde-section\">\n  \n  \n\t\n\n\n\n<div class=\"section-container\"><div class=\"bde-breadcrumbs-232-180 bde-breadcrumbs\"><nav aria-label=\"pangrattato\" class=\"rank-math-breadcrumb\"><p><span class=\"last\">Casa<\/span><\/p><\/nav><\/div><div class=\"bde-columns-232-115 bde-columns\"><div class=\"bde-column-232-116 bde-column\">\n  \n  \n\t\n\n\n\n<h2 class=\"bde-heading-232-182 bde-heading\">\nMediazione per ospedali, cliniche e istituzioni sanitarie in Svizzera\n<\/h2><div class=\"bde-text-232-117 bde-text\">\nPasso dopo passo verso la massima soddisfazione. Il nostro approccio attento e personalizzato garantisce che i vostri posti vacanti siano occupati con gli specialisti giusti e competenti a lungo termine. Principalmente dall'estero, ma anche dalla Svizzera. Non ci limitiamo al mero collocamento di specialisti, ma supportiamo tutte le parti interessate nel senso di una partnership di consulenza e accompagnamento, ben oltre l'assunzione vera e propria.\n<\/div><h2 class=\"bde-heading-232-125 bde-heading\">\nCome mediare\n<\/h2><div class=\"bde-div-232-153 bde-div\">\n  \n  \n\t\n\n\n\n<div class=\"bde-div-232-138 bde-div\">\n  \n  \n\t\n\n\n\n<div class=\"bde-div-232-140 bde-div\">\n  \n  \n\t\n\n\n\n<div class=\"bde-div-232-141 bde-div\">\n  \n  \n\t\n\n\n\n<h1 class=\"bde-heading-232-142 bde-heading\">\n1\n<\/h1>\n<\/div>\n<\/div><div class=\"bde-div-232-139 bde-div\">\n  \n  \n\t\n\n\n\n<h4 class=\"bde-heading-232-144 bde-heading\">\nAnalizzare\n<\/h4><div class=\"bde-text-232-145 bde-text\">\nConosciamo voi, la vostra azienda e le vostre esigenze specifiche e individuali di personale in un incontro personale in loco.\n<\/div>\n<\/div>\n<\/div><div class=\"bde-div-232-146 bde-div\">\n  \n  \n\t\n\n\n\n<div class=\"bde-div-232-147 bde-div\">\n  \n  \n\t\n\n\n\n<div class=\"bde-div-232-148 bde-div\">\n  \n  \n\t\n\n\n\n<h1 class=\"bde-heading-232-149 bde-heading\">\n2\n<\/h1>\n<\/div>\n<\/div><div class=\"bde-div-232-150 bde-div\">\n  \n  \n\t\n\n\n\n<h4 class=\"bde-heading-232-151 bde-heading\">\nConcretizzare\n<\/h4><div class=\"bde-text-232-152 bde-text\">\nSulla base di questa discussione, concretizzeremo la vostra richiesta e definiremo le relative condizioni quadro. Prepareremo una preselezione di dossier adatti al vostro profilo professionale, che vi presenteremo di persona o online.\n<\/div>\n<\/div>\n<\/div><div class=\"bde-div-232-154 bde-div\">\n  \n  \n\t\n\n\n\n<div class=\"bde-div-232-155 bde-div\">\n  \n  \n\t\n\n\n\n<div class=\"bde-div-232-156 bde-div\">\n  \n  \n\t\n\n\n\n<h1 class=\"bde-heading-232-157 bde-heading\">\n3\n<\/h1>\n<\/div>\n<\/div><div class=\"bde-div-232-158 bde-div\">\n  \n  \n\t\n\n\n\n<h4 class=\"bde-heading-232-159 bde-heading\">\nCollegare\n<\/h4><div class=\"bde-text-232-160 bde-text\">\nSe il dossier soddisfa le vostre aspettative, stabiliremo un primo contatto tra voi e la persona in cerca di lavoro. Per le fasi successive, come la fissazione di un appuntamento per un colloquio, l'osservazione del lavoro, ecc.\n<\/div>\n<\/div>\n<\/div><div class=\"bde-div-232-161 bde-div\">\n  \n  \n\t\n\n\n\n<div class=\"bde-div-232-162 bde-div\">\n  \n  \n\t\n\n\n\n<div class=\"bde-div-232-163 bde-div\">\n  \n  \n\t\n\n\n\n<h1 class=\"bde-heading-232-164 bde-heading\">\n4\n<\/h1>\n<\/div>\n<\/div><div class=\"bde-div-232-165 bde-div\">\n  \n  \n\t\n\n\n\n<h4 class=\"bde-heading-232-166 bde-heading\">\nAccompagnare\n<\/h4><div class=\"bde-text-232-167 bde-text\">\nNello spirito di una partnership apprezzabile e fiduciosa, continueremo a essere a disposizione vostra e del vostro nuovo operatore sanitario - e, se necessario, dei suoi familiari - come punto di contatto in futuro e al di l\u00e0 del rapporto di lavoro.\n<\/div>\n<\/div>\n<\/div>\n<\/div>\n<\/div><div class=\"bde-column-232-118 bde-column\">\n  \n  \n\t\n\n\n\n<div class=\"bde-globalblock-232-183 bde-globalblock\"><div class=\"bde-div-590-100-590-1 bde-div bde-div-590-100\">\n  \n  \n\t\n\n\n\n<div class=\"bde-image-590-101-590-1 bde-image bde-image-590-101\">\n<figure class=\"breakdance-image breakdance-image--1520\">\n\t<div class=\"breakdance-image-container\">\n\t\t<div class=\"breakdance-image-clip\"><img loading=\"lazy\" decoding=\"async\" class=\"breakdance-image-object\" src=\"https:\/\/swisshrmed.ch\/wp-content\/uploads\/IMG_9114-Large-768x1024.webp\" width=\"768\" height=\"1024\" srcset=\"https:\/\/swisshrmed.ch\/wp-content\/uploads\/IMG_9114-Large.webp 960w, https:\/\/swisshrmed.ch\/wp-content\/uploads\/IMG_9114-Large-225x300.webp 225w, https:\/\/swisshrmed.ch\/wp-content\/uploads\/IMG_9114-Large-768x1024.webp 768w, https:\/\/swisshrmed.ch\/wp-content\/uploads\/IMG_9114-Large-9x12.webp 9w\" sizes=\"auto, (max-width: 960px) 100vw, 960px\"><\/div>\n\t<\/div><\/figure>\n\n<\/div><div class=\"bde-div-590-102-590-1 bde-div bde-div-590-102\">\n  \n  \n\t\n\n\n\n<h5 class=\"bde-heading-590-103-590-1 bde-heading bde-heading-590-103\">\nConoscere Brigit\n<\/h5><div class=\"bde-text-590-104-590-1 bde-text bde-text-590-104\">\nLa mia esperienza pluriennale e la mia carriera nel settore sanitario, sia in Svizzera che all'estero, mi permettono di offrire un supporto per tutte le esigenze di reclutamento nel settore sanitario in modo personalizzato e sostenibile.\n<\/div><div class=\"bde-button-590-105-590-1 bde-button bde-button-590-105\">\n    \n                                    \n    \n    \n    \n    \n            \n                    \n            \n            \n\n    \n    \n    \n    \n    \n    <a class=\"breakdance-link button-atom button-atom--primary bde-button__button\" href=\"\/it\/contatto\/\" target=\"_self\" data-type=\"url\"  >\n\n    \n        <span class=\"button-atom__text\">Contatto con Brigit<\/span>\n\n        \n        \n                <\/a>\n\n    \n\n\n<\/div>\n<\/div>\n<\/div><\/div>\n<\/div><\/div><\/div>\n<\/section><section class=\"bde-section-232-168 bde-section\">\n  \n  \n\t\n\n\n\n<div class=\"section-container\"><div class=\"bde-columns-232-169 bde-columns\"><div class=\"bde-column-232-170 bde-column\">\n  \n  \n\t\n\n\n\n<h3 class=\"bde-heading-232-172 bde-heading\">\nSoluzione personalizzata per il personale\n<\/h3><div class=\"bde-text-232-173 bde-text\">\nIl nostro obiettivo \u00e8 quello di trovare soluzioni individuali e su misura per il personale di tutte le strutture e istituzioni del settore medico in Svizzera, alleggerendo cos\u00ec a lungo termine l'onere delle rispettive organizzazioni del personale. Riempire le posizioni in modo ottimale e a lungo termine \u00e8 prezioso perch\u00e9 consente di risparmiare sui costi e di dare una spinta all'intero team.\n<\/div>\n<\/div><div class=\"bde-column-232-174 bde-column\">\n  \n  \n\t\n\n\n\n<h3 class=\"bde-heading-232-175 bde-heading\">\nAnni di esperienza\n<\/h3><div class=\"bde-text-232-176 bde-text\">\nDa un lato conosciamo bene le esigenze di chi dall'estero vuole trasferirsi in Svizzera, dall'altro conosciamo nel dettaglio la vostra organizzazione e le vostre esigenze. Grazie alla nostra vasta rete e alla nostra esperienza pluriennale in Svizzera e all'estero, troveremo per voi lo specialista giusto per ospedali, cliniche e istituzioni sanitarie in Svizzera.\n<\/div>\n<\/div><\/div><\/div>\n<\/section><div class=\"bde-globalblock-232-179 bde-globalblock\"><section class=\"bde-section-325-100-325-1 bde-section bde-section-325-100\">\n  \n  \n\t\n\n\n\n<div class=\"section-container\"><a class=\"bde-container-link-325-101-325-1 bde-container-link bde-container-link-325-101 breakdance-link\" href=\"#\" target=\"_self\">\n  \n  \n\t\n\n\n\n<div class=\"bde-text-325-102-325-1 bde-text bde-text-325-102\">\nStorie\n<\/div>\n\n<\/a><h2 class=\"bde-heading-325-103-325-1 bde-heading bde-heading-325-103\">\nCosa dicono di noi i clienti e gli esperti\n<\/h2><div class=\"bde-post-loop-325-104-325-1 bde-post-loop bde-post-loop-325-104\"><div class=\"bde-loop bde-loop-grid ee-posts ee-posts-grid\">    <article class=\"bde-loop-item ee-post\">\n        <div class=\"bde-div-136-100-1233-136-1 bde-div bde-div-136-100\">\n  \n  \n\t\n\n\n\n<div class=\"bde-div-136-115-1233-136-1 bde-div bde-div-136-115\">\n  \n  \n\t\n\n\n\n<div class=\"bde-div-136-114-1233-136-1 bde-div bde-div-136-114\">\n  \n  \n\t\n\n\n\n<div class=\"bde-code-block-136-101-1233-136-1 bde-code-block bde-code-block-136-101\">\n\n  <div class=\"star-container\"><img decoding=\"async\" src=\"https:\/\/swisshrmed.ch\/wp-content\/uploads\/star-solid-yellow.svg\" alt=\"stella piena\"><img decoding=\"async\" src=\"https:\/\/swisshrmed.ch\/wp-content\/uploads\/star-solid-yellow.svg\" alt=\"stella piena\"><img decoding=\"async\" src=\"https:\/\/swisshrmed.ch\/wp-content\/uploads\/star-solid-yellow.svg\" alt=\"stella piena\"><img decoding=\"async\" src=\"https:\/\/swisshrmed.ch\/wp-content\/uploads\/star-solid-yellow.svg\" alt=\"stella piena\"><img decoding=\"async\" src=\"https:\/\/swisshrmed.ch\/wp-content\/uploads\/star-solid-yellow.svg\" alt=\"stella piena\"><\/div>\n\n\n<\/div><a class=\"bde-container-link-136-103-1233-136-1 bde-container-link bde-container-link-136-103 breakdance-link\" href=\"#\" target=\"_self\">\n  \n  \n\t\n\n\n\n<div class=\"bde-text-136-104-1233-136-1 bde-text bde-text-136-104\">\nSpecialista\n<\/div>\n\n<\/a><div class=\"bde-text-136-105-1233-136-1 bde-text bde-text-136-105\">\n<p>Senza Brigit, probabilmente sarei ancora nello stesso posto. Mi ha aiutato a far riconoscere il mio diploma e a trovare un nuovo lavoro come infermiera specializzata.<\/p>\n\n<\/div>\n<\/div><div class=\"bde-div-136-106-1233-136-1 bde-div bde-div-136-106\">\n  \n  \n\t\n\n\n\n<div class=\"bde-div-136-110-1233-136-1 bde-div bde-div-136-110\">\n  \n  \n\t\n\n\n\n<div class=\"bde-text-136-107-1233-136-1 bde-text bde-text-136-107\">\n\n<\/div><h6 class=\"bde-heading-136-112-1233-136-1 bde-heading bde-heading-136-112\">\nMarina\n<\/h6><div class=\"bde-text-136-113-1233-136-1 bde-text bde-text-136-113\">\nBadante\n<\/div>\n<\/div><div class=\"bde-div-136-111-1233-136-1 bde-div bde-div-136-111\">\n  \n  \n\t\n\n\n\n<div class=\"bde-image-136-109-1233-136-1 bde-image bde-image-136-109\">\n<figure class=\"breakdance-image breakdance-image--1234\">\n\t<div class=\"breakdance-image-container\">\n\t\t<div class=\"breakdance-image-clip\"><img loading=\"lazy\" decoding=\"async\" class=\"breakdance-image-object\" src=\"https:\/\/swisshrmed.ch\/wp-content\/uploads\/Marina-150x150.jpeg\" width=\"150\" height=\"150\" srcset=\"https:\/\/swisshrmed.ch\/wp-content\/uploads\/Marina.jpeg 2048w, https:\/\/swisshrmed.ch\/wp-content\/uploads\/Marina-300x300.jpeg 300w, https:\/\/swisshrmed.ch\/wp-content\/uploads\/Marina-1024x1024.jpeg 1024w, https:\/\/swisshrmed.ch\/wp-content\/uploads\/Marina-150x150.jpeg 150w, https:\/\/swisshrmed.ch\/wp-content\/uploads\/Marina-768x768.jpeg 768w, https:\/\/swisshrmed.ch\/wp-content\/uploads\/Marina-1536x1536.jpeg 1536w, https:\/\/swisshrmed.ch\/wp-content\/uploads\/Marina-12x12.jpeg 12w\" sizes=\"auto, (max-width: 2048px) 100vw, 2048px\" alt=\"immagine del profilo\"><\/div>\n\t<\/div><\/figure>\n\n<\/div>\n<\/div>\n<\/div>\n<\/div>\n<\/div>    <\/article>\n    <article class=\"bde-loop-item ee-post\">\n        <div class=\"bde-div-136-100-1330-136-1 bde-div bde-div-136-100\">\n  \n  \n\t\n\n\n\n<div class=\"bde-div-136-115-1330-136-1 bde-div bde-div-136-115\">\n  \n  \n\t\n\n\n\n<div class=\"bde-div-136-114-1330-136-1 bde-div bde-div-136-114\">\n  \n  \n\t\n\n\n\n<div class=\"bde-code-block-136-101-1330-136-1 bde-code-block bde-code-block-136-101\">\n\n  <div class=\"star-container\"><img decoding=\"async\" src=\"https:\/\/swisshrmed.ch\/wp-content\/uploads\/star-solid-yellow.svg\" alt=\"stella piena\"><img decoding=\"async\" src=\"https:\/\/swisshrmed.ch\/wp-content\/uploads\/star-solid-yellow.svg\" alt=\"stella piena\"><img decoding=\"async\" src=\"https:\/\/swisshrmed.ch\/wp-content\/uploads\/star-solid-yellow.svg\" alt=\"stella piena\"><img decoding=\"async\" src=\"https:\/\/swisshrmed.ch\/wp-content\/uploads\/star-solid-yellow.svg\" alt=\"stella piena\"><img decoding=\"async\" src=\"https:\/\/swisshrmed.ch\/wp-content\/uploads\/star-solid-yellow.svg\" alt=\"stella piena\"><\/div>\n\n\n<\/div><a class=\"bde-container-link-136-103-1330-136-1 bde-container-link bde-container-link-136-103 breakdance-link\" href=\"#\" target=\"_self\">\n  \n  \n\t\n\n\n\n<div class=\"bde-text-136-104-1330-136-1 bde-text bde-text-136-104\">\nSpecialista\n<\/div>\n\n<\/a><div class=\"bde-text-136-105-1330-136-1 bde-text bde-text-136-105\">\n<p>Vorrei aver trovato un programma come questo qualche anno fa, perch\u00e9 \u00e8 pi\u00f9 facile imparare una lingua da zero.<\/p>\n\n<\/div>\n<\/div><div class=\"bde-div-136-106-1330-136-1 bde-div bde-div-136-106\">\n  \n  \n\t\n\n\n\n<div class=\"bde-div-136-110-1330-136-1 bde-div bde-div-136-110\">\n  \n  \n\t\n\n\n\n<div class=\"bde-text-136-107-1330-136-1 bde-text bde-text-136-107\">\n\n<\/div><h6 class=\"bde-heading-136-112-1330-136-1 bde-heading bde-heading-136-112\">\nMeritxell\n<\/h6><div class=\"bde-text-136-113-1330-136-1 bde-text bde-text-136-113\">\nPartecipanti Concetto di lingua\n<\/div>\n<\/div><div class=\"bde-div-136-111-1330-136-1 bde-div bde-div-136-111\">\n  \n  \n\t\n\n\n\n<div class=\"bde-image-136-109-1330-136-1 bde-image bde-image-136-109\">\n<figure class=\"breakdance-image breakdance-image--1326\">\n\t<div class=\"breakdance-image-container\">\n\t\t<div class=\"breakdance-image-clip\"><img loading=\"lazy\" decoding=\"async\" class=\"breakdance-image-object\" src=\"https:\/\/swisshrmed.ch\/wp-content\/uploads\/Meritxell-3-150x150.jpg\" width=\"150\" height=\"150\" srcset=\"https:\/\/swisshrmed.ch\/wp-content\/uploads\/Meritxell-3-scaled.jpg 1920w, https:\/\/swisshrmed.ch\/wp-content\/uploads\/Meritxell-3-225x300.jpg 225w, https:\/\/swisshrmed.ch\/wp-content\/uploads\/Meritxell-3-768x1024.jpg 768w, https:\/\/swisshrmed.ch\/wp-content\/uploads\/Meritxell-3-1152x1536.jpg 1152w, https:\/\/swisshrmed.ch\/wp-content\/uploads\/Meritxell-3-1536x2048.jpg 1536w, https:\/\/swisshrmed.ch\/wp-content\/uploads\/Meritxell-3-9x12.jpg 9w\" sizes=\"auto, (max-width: 1920px) 100vw, 1920px\" alt=\"immagine del profilo\"><\/div>\n\t<\/div><\/figure>\n\n<\/div>\n<\/div>\n<\/div>\n<\/div>\n<\/div>    <\/article>\n    <article class=\"bde-loop-item ee-post\">\n        <div class=\"bde-div-136-100-907-136-1 bde-div bde-div-136-100\">\n  \n  \n\t\n\n\n\n<div class=\"bde-div-136-115-907-136-1 bde-div bde-div-136-115\">\n  \n  \n\t\n\n\n\n<div class=\"bde-div-136-114-907-136-1 bde-div bde-div-136-114\">\n  \n  \n\t\n\n\n\n<div class=\"bde-code-block-136-101-907-136-1 bde-code-block bde-code-block-136-101\">\n\n  <div class=\"star-container\"><img decoding=\"async\" src=\"https:\/\/swisshrmed.ch\/wp-content\/uploads\/star-solid-yellow.svg\" alt=\"stella piena\"><img decoding=\"async\" src=\"https:\/\/swisshrmed.ch\/wp-content\/uploads\/star-solid-yellow.svg\" alt=\"stella piena\"><img decoding=\"async\" src=\"https:\/\/swisshrmed.ch\/wp-content\/uploads\/star-solid-yellow.svg\" alt=\"stella piena\"><img decoding=\"async\" src=\"https:\/\/swisshrmed.ch\/wp-content\/uploads\/star-solid-yellow.svg\" alt=\"stella piena\"><img decoding=\"async\" src=\"https:\/\/swisshrmed.ch\/wp-content\/uploads\/star-solid-yellow.svg\" alt=\"stella piena\"><\/div>\n\n\n<\/div><a class=\"bde-container-link-136-103-907-136-1 bde-container-link bde-container-link-136-103 breakdance-link\" href=\"#\" target=\"_self\">\n  \n  \n\t\n\n\n\n<div class=\"bde-text-136-104-907-136-1 bde-text bde-text-136-104\">\nSpecialista\n<\/div>\n\n<\/a><div class=\"bde-text-136-105-907-136-1 bde-text bde-text-136-105\">\n<p>Sono felicissimo di tutto l'aiuto che Swiss HRmed mi ha dato. Mi hanno guidato in ogni fase del processo di immigrazione.<\/p>\n\n<\/div>\n<\/div><div class=\"bde-div-136-106-907-136-1 bde-div bde-div-136-106\">\n  \n  \n\t\n\n\n\n<div class=\"bde-div-136-110-907-136-1 bde-div bde-div-136-110\">\n  \n  \n\t\n\n\n\n<div class=\"bde-text-136-107-907-136-1 bde-text bde-text-136-107\">\n\n<\/div><h6 class=\"bde-heading-136-112-907-136-1 bde-heading bde-heading-136-112\">\nDjenaba\n<\/h6><div class=\"bde-text-136-113-907-136-1 bde-text bde-text-136-113\">\nBadante\n<\/div>\n<\/div><div class=\"bde-div-136-111-907-136-1 bde-div bde-div-136-111\">\n  \n  \n\t\n\n\n\n<div class=\"bde-image-136-109-907-136-1 bde-image bde-image-136-109\">\n<figure class=\"breakdance-image breakdance-image--908\">\n\t<div class=\"breakdance-image-container\">\n\t\t<div class=\"breakdance-image-clip\"><img loading=\"lazy\" decoding=\"async\" class=\"breakdance-image-object\" src=\"https:\/\/swisshrmed.ch\/wp-content\/uploads\/foto-cv-150x150.jpg\" width=\"150\" height=\"150\" srcset=\"https:\/\/swisshrmed.ch\/wp-content\/uploads\/foto-cv-scaled.jpg 1920w, https:\/\/swisshrmed.ch\/wp-content\/uploads\/foto-cv-225x300.jpg 225w, https:\/\/swisshrmed.ch\/wp-content\/uploads\/foto-cv-768x1024.jpg 768w, https:\/\/swisshrmed.ch\/wp-content\/uploads\/foto-cv-1152x1536.jpg 1152w, https:\/\/swisshrmed.ch\/wp-content\/uploads\/foto-cv-1536x2048.jpg 1536w, https:\/\/swisshrmed.ch\/wp-content\/uploads\/foto-cv-9x12.jpg 9w\" sizes=\"auto, (max-width: 1920px) 100vw, 1920px\" alt=\"immagine del profilo\"><\/div>\n\t<\/div><\/figure>\n\n<\/div>\n<\/div>\n<\/div>\n<\/div>\n<\/div>    <\/article>\n<\/div>\r\n<\/div><div class=\"bde-button-325-105-325-1 bde-button bde-button-325-105\">\n    \n                        \n                        \n    \n    \n    \n    \n            \n                    \n            \n            \n\n    \n    \n    \n    \n    \n    <a class=\"breakdance-link button-atom button-atom--text bde-button__button\" href=\"\/it\/storie\/\" target=\"_self\" data-type=\"url\"  >\n\n    \n        <span class=\"button-atom__text\">Leggi altre storie<\/span>\n\n        \n                    \n    <span class=\"button-atom__icon-wrapper\">\n\n        \n            <svg class=\"un-arrow-icon\" xmlns=\"http:\/\/www.w3.org\/2000\/svg\" width=\"32\" height=\"32\" viewbox=\"0 0 32 32\">\n                <g fill=\"none\" stroke-width=\"1.9\" stroke-linejoin=\"round\" stroke-miterlimit=\"10\">\n                    <circle class=\"un-arrow-icon_circle\" cx=\"16\" cy=\"16\" r=\"15.12\"><\/circle>\n                    <path class=\"un-arrow-icon_arrow\" d=\"M16.14 9.93L22.21 16l-6.07 6.07M8.23 16h13.98\"><\/path>\n                <\/g>\n            <\/svg>\n\n        \n    <\/span>\n\n\n        \n                <\/a>\n\n    \n\n\n<\/div><\/div>\n<\/section><\/div>","protected":false},"excerpt":{"rendered":"<p>Services Vermittlung Home Vermittlung f\u00fcr Spit\u00e4ler, Kliniken und Gesundheitsinstitutionen in der Schweiz Schritt f\u00fcr Schritt zu h\u00f6chster Zufriedenheit. Unsere sorgf\u00e4ltige und pers\u00f6nliche Vorgehensweise garantiert eine nachhaltige Besetzung Ihrer offenen Stellen mit dem passenden, kompetenten Fachpersonal. In erster Linie aus dem Ausland, aber auch aus dem Inland. Dabei beschr\u00e4nken wir uns nicht nur auf die reine [&hellip;]<\/p>\n","protected":false},"author":2,"featured_media":828,"parent":0,"menu_order":0,"comment_status":"closed","ping_status":"closed","template":"","meta":{"_acf_changed":false,"_breakdance_hide_in_design_set":false,"_breakdance_tags":"","footnotes":""},"class_list":["post-232","page","type-page","status-publish","has-post-thumbnail","hentry"],"acf":[],"_links":{"self":[{"href":"https:\/\/swisshrmed.ch\/it\/wp-json\/wp\/v2\/pages\/232","targetHints":{"allow":["GET"]}}],"collection":[{"href":"https:\/\/swisshrmed.ch\/it\/wp-json\/wp\/v2\/pages"}],"about":[{"href":"https:\/\/swisshrmed.ch\/it\/wp-json\/wp\/v2\/types\/page"}],"author":[{"embeddable":true,"href":"https:\/\/swisshrmed.ch\/it\/wp-json\/wp\/v2\/users\/2"}],"replies":[{"embeddable":true,"href":"https:\/\/swisshrmed.ch\/it\/wp-json\/wp\/v2\/comments?post=232"}],"version-history":[{"count":15,"href":"https:\/\/swisshrmed.ch\/it\/wp-json\/wp\/v2\/pages\/232\/revisions"}],"predecessor-version":[{"id":898,"href":"https:\/\/swisshrmed.ch\/it\/wp-json\/wp\/v2\/pages\/232\/revisions\/898"}],"wp:featuredmedia":[{"embeddable":true,"href":"https:\/\/swisshrmed.ch\/it\/wp-json\/wp\/v2\/media\/828"}],"wp:attachment":[{"href":"https:\/\/swisshrmed.ch\/it\/wp-json\/wp\/v2\/media?parent=232"}],"curies":[{"name":"wp","href":"https:\/\/api.w.org\/{rel}","templated":true}]}}