{"id":3,"date":"2023-08-10T08:53:05","date_gmt":"2023-08-10T08:53:05","guid":{"rendered":"https:\/\/swisshrmed.ch\/?page_id=3"},"modified":"2023-08-28T21:42:26","modified_gmt":"2023-08-28T19:42:26","slug":"informativa-sulla-privacy","status":"publish","type":"page","link":"https:\/\/swisshrmed.ch\/it\/privacy-policy\/","title":{"rendered":"Informativa sulla privacy"},"content":{"rendered":"<section class=\"bde-section-3-100 bde-section\">\n  \n  \n\t\n\n\n\n<div class=\"section-container\"><h1 class=\"bde-heading-3-101 bde-heading\">\nInformativa sulla privacy\n<\/h1><div class=\"bde-div-3-113 bde-div\">\n  \n  \n\t\n\n\n\n<h3 class=\"bde-heading-3-114 bde-heading\">\nEsclusione di responsabilit\u00e0\n<\/h3><div class=\"bde-text-3-115 bde-text\">\nL'autore non si assume alcuna responsabilit\u00e0 in merito alla correttezza, all'accuratezza, all'attualit\u00e0, all'affidabilit\u00e0 e alla completezza delle informazioni.<br><br>Sono escluse le richieste di responsabilit\u00e0 nei confronti dell'autore per danni di natura materiale o immateriale derivanti dall'accesso, dall'uso o dal mancato uso delle informazioni pubblicate, dall'uso improprio della connessione o da guasti tecnici.<br><br>Tutte le offerte non sono vincolanti. L'autore si riserva espressamente il diritto di modificare, integrare o cancellare parti delle pagine o l'intera offerta senza preavviso o di interrompere temporaneamente o definitivamente la pubblicazione.\n<\/div>\n<\/div><div class=\"bde-div-3-116 bde-div\">\n  \n  \n\t\n\n\n\n<h3 class=\"bde-heading-3-117 bde-heading\">\nResponsabilit\u00e0 per i link\n<\/h3><div class=\"bde-text-3-118 bde-text\">\nI riferimenti e i link a siti web di terzi non rientrano nella nostra sfera di responsabilit\u00e0. Si declina ogni responsabilit\u00e0 per tali siti web. L'accesso e l'utilizzo di tali siti web \u00e8 a rischio e pericolo dell'utente.\n<\/div>\n<\/div><div class=\"bde-div-3-119 bde-div\">\n  \n  \n\t\n\n\n\n<h3 class=\"bde-heading-3-120 bde-heading\">\nDiritti d'autore\n<\/h3><div class=\"bde-text-3-121 bde-text\">\nI diritti d'autore e tutti gli altri diritti su contenuti, immagini, foto o altri file presenti sul sito appartengono esclusivamente a <b>della societ\u00e0 Swiss HRmed AG<\/b> o i titolari dei diritti specificamente indicati. Per la riproduzione di qualsiasi elemento \u00e8 necessario ottenere preventivamente il consenso scritto del titolare del copyright.\n<\/div>\n<\/div><div class=\"bde-div-3-122 bde-div\">\n  \n  \n\t\n\n\n\n<h3 class=\"bde-heading-3-123 bde-heading\">\nProtezione dei dati\n<\/h3><div class=\"bde-text-3-124 bde-text\">\nIn base all'articolo 13 della Costituzione federale svizzera e alle disposizioni sulla protezione dei dati della Confederazione svizzera (legge sulla protezione dei dati, DSG), ogni persona ha diritto alla tutela della propria privacy e alla protezione dall'uso improprio dei propri dati personali. Noi ci atteniamo a queste disposizioni. I dati personali sono trattati in modo strettamente confidenziale e non vengono venduti o ceduti a terzi.<br><br>In stretta collaborazione con i nostri fornitori di hosting, cerchiamo di proteggere al meglio i database da accessi non autorizzati, perdita, uso improprio o falsificazione.<br><br>Quando si accede al nostro sito web, i seguenti dati vengono memorizzati nei file di log: Indirizzo IP, data, ora, richiesta del browser e informazioni generali trasmesse sul sistema operativo o sul browser. Questi dati di utilizzo costituiscono la base per analisi statistiche e anonime che consentono di individuare le tendenze in atto e che possono essere utilizzate per migliorare i nostri servizi.\n<\/div>\n<\/div><div class=\"bde-div-3-125 bde-div\">\n  \n  \n\t\n\n\n\n<h3 class=\"bde-heading-3-126 bde-heading\">\nRichieste di informazioni\n<\/h3><div class=\"bde-text-3-127 bde-text\">\nPotete chiederci se abbiamo memorizzato dati personali che vi riguardano, richiederne una copia o un elenco e far correggere i dati errati. Se non esistono disposizioni di legge o regolamentari (ad esempio, obblighi di conservazione dei dati rilevanti per l'azienda), potete anche richiedere la cancellazione dei vostri dati personali.<br>Si prega di notare che non possiamo essere obbligati a cancellare i dati memorizzati nei nostri sistemi informatici a causa di procedure automatiche di archiviazione e backup se tale cancellazione non \u00e8 possibile o almeno non \u00e8 possibile senza uno sforzo irragionevole e i dati corrispondenti sono stati contrassegnati come bloccati.<br>Si prega di notare che possiamo elaborare richieste scritte di informazioni, modifica, correzione e\/o cancellazione solo con la prova della vostra identit\u00e0. Se i vostri dati vengono cancellati, potremmo non essere in grado di garantire l'utilizzo dei nostri servizi e prodotti in tutto o in parte.<br>Potete inviare qualsiasi richiesta relativa al trattamento dei dati all'indirizzo e-mail sopra indicato.<br><br>\n<\/div>\n<\/div><div class=\"bde-div-3-128 bde-div\">\n  \n  \n\t\n\n\n\n<h3 class=\"bde-heading-3-129 bde-heading\">\nBiscotti\n<\/h3><div class=\"bde-text-3-130 bde-text\">\nI cookie sono file di testo che vengono automaticamente memorizzati a livello locale nel browser del visitatore quando si accede a un sito web. Questo sito web utilizza i cookie per rendere il sito pi\u00f9 semplice e funzionale. Anche le funzioni di sicurezza per la protezione della privacy sono rese possibili dall'uso dei cookie. L'unico scopo \u00e8 quello di personalizzare la nostra offerta per soddisfare al meglio le esigenze degli utenti e rendere l'utilizzo del sito web il pi\u00f9 comodo possibile. Con l'applicazione del GDPR, i gestori dei siti web sono tenuti a informare i propri visitatori sulla raccolta e l'analisi dei dati. La liceit\u00e0 del trattamento si basa sul Capitolo 2, Articolo 6 del GDPR.<br><br>\u00c8 possibile disattivare i cookie completamente o parzialmente nelle impostazioni del browser in qualsiasi momento. Se i cookie vengono disattivati, l'utente potrebbe non essere pi\u00f9 in grado di utilizzare tutte le funzioni di questo sito web.\n<\/div>\n<\/div><\/div>\n<\/section>","protected":false},"excerpt":{"rendered":"<p>Datenschutzerkl\u00e4rung Haftungsausschluss Der Autor \u00fcbernimmt keinerlei Gew\u00e4hr hinsichtlich der inhaltlichen Richtigkeit, Genauigkeit, Aktualit\u00e4t, Zuverl\u00e4ssigkeit und Vollst\u00e4ndigkeit der Informationen.Haftungsanspr\u00fcche gegen den Autor wegen Sch\u00e4den materieller oder immaterieller Art, welche aus dem Zugriff oder der Nutzung bzw. Nichtnutzung der ver\u00f6ffentlichten Informationen, durch Missbrauch der Verbindung oder durch technische St\u00f6rungen entstanden sind, werden ausgeschlossen.Alle Angebote sind unverbindlich. Der [&hellip;]<\/p>\n","protected":false},"author":1,"featured_media":0,"parent":0,"menu_order":0,"comment_status":"closed","ping_status":"open","template":"","meta":{"_acf_changed":false,"_breakdance_hide_in_design_set":false,"_breakdance_tags":"","footnotes":""},"class_list":["post-3","page","type-page","status-publish","hentry"],"acf":[],"_links":{"self":[{"href":"https:\/\/swisshrmed.ch\/it\/wp-json\/wp\/v2\/pages\/3","targetHints":{"allow":["GET"]}}],"collection":[{"href":"https:\/\/swisshrmed.ch\/it\/wp-json\/wp\/v2\/pages"}],"about":[{"href":"https:\/\/swisshrmed.ch\/it\/wp-json\/wp\/v2\/types\/page"}],"author":[{"embeddable":true,"href":"https:\/\/swisshrmed.ch\/it\/wp-json\/wp\/v2\/users\/1"}],"replies":[{"embeddable":true,"href":"https:\/\/swisshrmed.ch\/it\/wp-json\/wp\/v2\/comments?post=3"}],"version-history":[{"count":5,"href":"https:\/\/swisshrmed.ch\/it\/wp-json\/wp\/v2\/pages\/3\/revisions"}],"predecessor-version":[{"id":605,"href":"https:\/\/swisshrmed.ch\/it\/wp-json\/wp\/v2\/pages\/3\/revisions\/605"}],"wp:attachment":[{"href":"https:\/\/swisshrmed.ch\/it\/wp-json\/wp\/v2\/media?parent=3"}],"curies":[{"name":"wp","href":"https:\/\/api.w.org\/{rel}","templated":true}]}}