{"id":361,"date":"2023-08-13T15:09:58","date_gmt":"2023-08-13T13:09:58","guid":{"rendered":"https:\/\/swisshrmed.ch\/?page_id=361"},"modified":"2024-08-21T10:17:20","modified_gmt":"2024-08-21T08:17:20","slug":"consulenza-hr","status":"publish","type":"page","link":"https:\/\/swisshrmed.ch\/it\/hr-beratung\/","title":{"rendered":"Consulenza HR per professionisti del settore medico"},"content":{"rendered":"<section class=\"bde-section-361-100 bde-section\">\n  \n  \n\t\n\n\n\n<div class=\"section-container\"><div class=\"bde-div-361-101 bde-div\">\n              \n  \n  \n\t\n\n  <div class=\"section-background-overlay\"><\/div>\n\n\n<a class=\"bde-container-link-361-102 bde-container-link breakdance-link\" href=\"#\" target=\"_self\">\n  \n  \n\t\n\n\n\n<div class=\"bde-text-361-103 bde-text\">\nServizi<br>\n<\/div>\n\n<\/a><h1 class=\"bde-heading-361-104 bde-heading\">\nConsulenza sulle risorse umane\n<\/h1>\n<\/div><\/div>\n<\/section><section class=\"bde-section-361-105 bde-section\">\n  \n  \n\t\n\n\n\n<div class=\"section-container\"><div class=\"bde-breadcrumbs-361-106 bde-breadcrumbs\"><nav aria-label=\"pangrattato\" class=\"rank-math-breadcrumb\"><p><span class=\"last\">Casa<\/span><\/p><\/nav><\/div><div class=\"bde-columns-361-107 bde-columns\"><div class=\"bde-column-361-108 bde-column\">\n  \n  \n\t\n\n\n\n<h2 class=\"bde-heading-361-162 bde-heading\">\nConsulenza HR per professionisti del settore medico\n<\/h2><div class=\"bde-text-361-109 bde-text\">\nSiamo a vostra disposizione anche per la consulenza sulle risorse umane! Dopo il successo del collocamento, vi forniremo anche un'assistenza completa nel percorso verso la vostra nuova fase di vita in Svizzera. Sulla base di un'esperienza pluriennale, Swiss HRmed conosce i requisiti ufficiali e le leggi relative all'impiego di personale specializzato proveniente dall'estero e rimarr\u00e0 in contatto con voi anche dopo l'assunzione per supportarvi nel processo di gestione delle risorse umane e dell'immigrazione.<br><br>Il nostro obiettivo \u00e8 quello di farvi iniziare la vostra nuova fase di vita nel modo pi\u00f9 organizzato possibile. Per questo siamo a vostra disposizione anche in caso di domande sui seguenti argomenti e possiamo attingere alla nostra rete di professionisti.<br><br>\n<\/div><h3 class=\"bde-heading-361-110 bde-heading\">\nForniamo consulenza su\n<\/h3><div class=\"bde-div-361-111 bde-div\">\n  \n  \n\t\n\n\n\n<div class=\"bde-div-361-112 bde-div\">\n  \n  \n\t\n\n\n\n<div class=\"bde-div-361-113 bde-div\">\n  \n  \n\t\n\n\n\n<div class=\"bde-div-361-114 bde-div\">\n  \n  \n\t\n\n\n\n<h1 class=\"bde-heading-361-115 bde-heading\">\n1\n<\/h1>\n<\/div>\n<\/div><div class=\"bde-div-361-116 bde-div\">\n  \n  \n\t\n\n\n\n<h4 class=\"bde-heading-361-117 bde-heading\">\nImmigrazione e permesso di soggiorno\/lavoro\n<\/h4><div class=\"bde-text-361-118 bde-text\">\nL'immigrazione in Svizzera comporta gli obblighi necessari. Swiss HRmed vi guida passo dopo passo in questa procedura e vi aiuta a richiedere il permesso di soggiorno\/lavoro corretto.\n<\/div>\n<\/div>\n<\/div><div class=\"bde-div-361-119 bde-div\">\n  \n  \n\t\n\n\n\n<div class=\"bde-div-361-120 bde-div\">\n  \n  \n\t\n\n\n\n<div class=\"bde-div-361-121 bde-div\">\n  \n  \n\t\n\n\n\n<h1 class=\"bde-heading-361-122 bde-heading\">\n2\n<\/h1>\n<\/div>\n<\/div><div class=\"bde-div-361-123 bde-div\">\n  \n  \n\t\n\n\n\n<h4 class=\"bde-heading-361-124 bde-heading\">\nTrovare un alloggio e registrarsi presso l'autorit\u00e0 locale\n<\/h4><div class=\"bde-text-361-125 bde-text\">\nCi sono diversi modi per trovare un alloggio in Svizzera nei primi mesi. Swiss HRmed vi aiuter\u00e0 a compiere i primi passi e vi fornir\u00e0 le informazioni e i consigli necessari per aumentare le vostre possibilit\u00e0 sul mercato immobiliare.\n<\/div>\n<\/div>\n<\/div><div class=\"bde-div-361-126 bde-div\">\n  \n  \n\t\n\n\n\n<div class=\"bde-div-361-127 bde-div\">\n  \n  \n\t\n\n\n\n<div class=\"bde-div-361-128 bde-div\">\n  \n  \n\t\n\n\n\n<h1 class=\"bde-heading-361-129 bde-heading\">\n3\n<\/h1>\n<\/div>\n<\/div><div class=\"bde-div-361-130 bde-div\">\n  \n  \n\t\n\n\n\n<h4 class=\"bde-heading-361-131 bde-heading\">\nAssicurazioni obbligatorie e raccomandate\n<\/h4><div class=\"bde-text-361-132 bde-text\">\nAnche l'assicurazione sanitaria \u00e8 obbligatoria in Svizzera. Inoltre, ogni situazione personale richiede un'assicurazione consigliata, come l'assicurazione domestica, l'assicurazione di responsabilit\u00e0 civile e\/o l'assicurazione auto. Per evitare una sovraassicurazione, Swiss HRmed si avvale della nostra rete per offrirvi una consulenza esperta anche in questo settore.\n<\/div>\n<\/div>\n<\/div><div class=\"bde-div-361-133 bde-div\">\n  \n  \n\t\n\n\n\n<div class=\"bde-div-361-134 bde-div\">\n  \n  \n\t\n\n\n\n<div class=\"bde-div-361-135 bde-div\">\n  \n  \n\t\n\n\n\n<h1 class=\"bde-heading-361-136 bde-heading\">\n4\n<\/h1>\n<\/div>\n<\/div><div class=\"bde-div-361-137 bde-div\">\n  \n  \n\t\n\n\n\n<h4 class=\"bde-heading-361-138 bde-heading\">\nVarie tematiche HR\n<\/h4><div class=\"bde-text-361-139 bde-text\">\nQuesto potrebbe includere l'analisi del vostro contratto di lavoro in modo che sappiate cosa state firmando. Siamo anche molto esperti nell'aiutarvi a far riconoscere il vostro diploma dalla CRS (Croce Rossa Svizzera) e dalla MEBEKO (Commissione per le Professioni Mediche). Questi organismi richiedono diversi documenti, con o senza traduzione certificata, che possono richiedere molto tempo. Per accelerare questo processo, verifichiamo insieme se tutti i documenti richiesti sono disponibili e chiariamo con voi eventuali questioni aperte.\n<\/div>\n<\/div>\n<\/div>\n<\/div>\n<\/div><div class=\"bde-column-361-140 bde-column\">\n  \n  \n\t\n\n\n\n<div class=\"bde-globalblock-361-164 bde-globalblock\"><div class=\"bde-div-590-100-590-1 bde-div bde-div-590-100\">\n  \n  \n\t\n\n\n\n<div class=\"bde-image-590-101-590-1 bde-image bde-image-590-101\">\n<figure class=\"breakdance-image breakdance-image--1520\">\n\t<div class=\"breakdance-image-container\">\n\t\t<div class=\"breakdance-image-clip\"><img loading=\"lazy\" decoding=\"async\" class=\"breakdance-image-object\" src=\"https:\/\/swisshrmed.ch\/wp-content\/uploads\/IMG_9114-Large-768x1024.webp\" width=\"768\" height=\"1024\" srcset=\"https:\/\/swisshrmed.ch\/wp-content\/uploads\/IMG_9114-Large.webp 960w, https:\/\/swisshrmed.ch\/wp-content\/uploads\/IMG_9114-Large-225x300.webp 225w, https:\/\/swisshrmed.ch\/wp-content\/uploads\/IMG_9114-Large-768x1024.webp 768w, https:\/\/swisshrmed.ch\/wp-content\/uploads\/IMG_9114-Large-9x12.webp 9w\" sizes=\"auto, (max-width: 960px) 100vw, 960px\"><\/div>\n\t<\/div><\/figure>\n\n<\/div><div class=\"bde-div-590-102-590-1 bde-div bde-div-590-102\">\n  \n  \n\t\n\n\n\n<h5 class=\"bde-heading-590-103-590-1 bde-heading bde-heading-590-103\">\nConoscere Brigit\n<\/h5><div class=\"bde-text-590-104-590-1 bde-text bde-text-590-104\">\nLa mia esperienza pluriennale e la mia carriera nel settore sanitario, sia in Svizzera che all'estero, mi permettono di offrire un supporto per tutte le esigenze di reclutamento nel settore sanitario in modo personalizzato e sostenibile.\n<\/div><div class=\"bde-button-590-105-590-1 bde-button bde-button-590-105\">\n    \n                                    \n    \n    \n    \n    \n            \n                    \n            \n            \n\n    \n    \n    \n    \n    \n    <a class=\"breakdance-link button-atom button-atom--primary bde-button__button\" href=\"\/it\/contatto\/\" target=\"_self\" data-type=\"url\"  >\n\n    \n        <span class=\"button-atom__text\">Contatto con Brigit<\/span>\n\n        \n        \n                <\/a>\n\n    \n\n\n<\/div>\n<\/div>\n<\/div><\/div>\n<\/div><\/div><\/div>\n<\/section><section class=\"bde-section-361-147 bde-section\">\n  \n  \n\t\n\n\n\n<div class=\"section-container\"><div class=\"bde-columns-361-148 bde-columns\"><div class=\"bde-column-361-149 bde-column\">\n  \n  \n\t\n\n\n\n<h3 class=\"bde-heading-361-150 bde-heading\">\nRicongiungimento familiare\n<\/h3><div class=\"bde-text-361-151 bde-text\">\nSwiss HRmed \u00e8 a vostra disposizione anche se venite in Svizzera con la vostra famiglia. Offriamo consulenza anche ai partner, ad esempio per la preparazione di CV e altri documenti e per la candidatura a lavori in settori non medici. Possiamo anche consigliarvi, ad esempio, sull'assistenza all'infanzia, sugli assegni familiari o su altre prestazioni a cui potreste avere diritto.<br>\n<\/div>\n<\/div><div class=\"bde-column-361-152 bde-column\">\n  \n  \n\t\n\n\n\n<h3 class=\"bde-heading-361-153 bde-heading\">\nConsulenza HR senza mediazione preventiva\n<\/h3><div class=\"bde-text-361-154 bde-text\">\nSe desiderate una consulenza in materia di risorse umane senza una mediazione preliminare o se la vostra domanda non \u00e8 legata agli argomenti sopra elencati, Swiss HRmed \u00e8 a vostra disposizione e siete invitati a contattarci per qualsiasi dubbio.<br>\n<\/div>\n<\/div><\/div><\/div>\n<\/section><div class=\"bde-globalblock-361-163 bde-globalblock\"><section class=\"bde-section-325-100-325-1 bde-section bde-section-325-100\">\n  \n  \n\t\n\n\n\n<div class=\"section-container\"><a class=\"bde-container-link-325-101-325-1 bde-container-link bde-container-link-325-101 breakdance-link\" href=\"#\" target=\"_self\">\n  \n  \n\t\n\n\n\n<div class=\"bde-text-325-102-325-1 bde-text bde-text-325-102\">\nStorie\n<\/div>\n\n<\/a><h2 class=\"bde-heading-325-103-325-1 bde-heading bde-heading-325-103\">\nCosa dicono di noi i clienti e gli esperti\n<\/h2><div class=\"bde-post-loop-325-104-325-1 bde-post-loop bde-post-loop-325-104\"><div class=\"bde-loop bde-loop-grid ee-posts ee-posts-grid\">    <article class=\"bde-loop-item ee-post\">\n        <div class=\"bde-div-136-100-2390-136-1 bde-div bde-div-136-100\">\n  \n  \n\t\n\n\n\n<div class=\"bde-div-136-115-2390-136-1 bde-div bde-div-136-115\">\n  \n  \n\t\n\n\n\n<div class=\"bde-div-136-114-2390-136-1 bde-div bde-div-136-114\">\n  \n  \n\t\n\n\n\n<div class=\"bde-code-block-136-101-2390-136-1 bde-code-block bde-code-block-136-101\">\n\n  <div class=\"star-container\"><img decoding=\"async\" src=\"https:\/\/swisshrmed.ch\/wp-content\/uploads\/star-solid-yellow.svg\" alt=\"stella piena\"><img decoding=\"async\" src=\"https:\/\/swisshrmed.ch\/wp-content\/uploads\/star-solid-yellow.svg\" alt=\"stella piena\"><img decoding=\"async\" src=\"https:\/\/swisshrmed.ch\/wp-content\/uploads\/star-solid-yellow.svg\" alt=\"stella piena\"><img decoding=\"async\" src=\"https:\/\/swisshrmed.ch\/wp-content\/uploads\/star-solid-yellow.svg\" alt=\"stella piena\"><img decoding=\"async\" src=\"https:\/\/swisshrmed.ch\/wp-content\/uploads\/star-solid-yellow.svg\" alt=\"stella piena\"><\/div>\n\n\n<\/div><a class=\"bde-container-link-136-103-2390-136-1 bde-container-link bde-container-link-136-103 breakdance-link\" href=\"#\" target=\"_self\">\n  \n  \n\t\n\n\n\n<div class=\"bde-text-136-104-2390-136-1 bde-text bde-text-136-104\">\nSpecialista\n<\/div>\n\n<\/a><div class=\"bde-text-136-105-2390-136-1 bde-text bde-text-136-105\">\n<p>Brigit di Swiss HRmed ha trovato l'ospedale adatto ai miei desideri in modo molto mirato e si \u00e8 adattato subito!<\/p>\n\n<\/div>\n<\/div><div class=\"bde-div-136-106-2390-136-1 bde-div bde-div-136-106\">\n  \n  \n\t\n\n\n\n<div class=\"bde-div-136-110-2390-136-1 bde-div bde-div-136-110\">\n  \n  \n\t\n\n\n\n<div class=\"bde-text-136-107-2390-136-1 bde-text bde-text-136-107\">\n\n<\/div><h6 class=\"bde-heading-136-112-2390-136-1 bde-heading bde-heading-136-112\">\nNicole\n<\/h6><div class=\"bde-text-136-113-2390-136-1 bde-text bde-text-136-113\">\nSpecialista in radiologia certificato\n<\/div>\n<\/div><div class=\"bde-div-136-111-2390-136-1 bde-div bde-div-136-111\">\n  \n  \n\t\n\n\n\n<div class=\"bde-image-136-109-2390-136-1 bde-image bde-image-136-109\">\n<figure class=\"breakdance-image breakdance-image--2382\">\n\t<div class=\"breakdance-image-container\">\n\t\t<div class=\"breakdance-image-clip\"><img loading=\"lazy\" decoding=\"async\" class=\"breakdance-image-object\" src=\"https:\/\/swisshrmed.ch\/wp-content\/uploads\/Interview-SwissHR-med-Nicole-2-150x150.jpeg\" width=\"150\" height=\"150\" srcset=\"https:\/\/swisshrmed.ch\/wp-content\/uploads\/Interview-SwissHR-med-Nicole-2.jpeg 1205w, https:\/\/swisshrmed.ch\/wp-content\/uploads\/Interview-SwissHR-med-Nicole-2-200x300.jpeg 200w, https:\/\/swisshrmed.ch\/wp-content\/uploads\/Interview-SwissHR-med-Nicole-2-683x1024.jpeg 683w, https:\/\/swisshrmed.ch\/wp-content\/uploads\/Interview-SwissHR-med-Nicole-2-768x1152.jpeg 768w, https:\/\/swisshrmed.ch\/wp-content\/uploads\/Interview-SwissHR-med-Nicole-2-1024x1536.jpeg 1024w, https:\/\/swisshrmed.ch\/wp-content\/uploads\/Interview-SwissHR-med-Nicole-2-8x12.jpeg 8w\" sizes=\"auto, (max-width: 1205px) 100vw, 1205px\" alt=\"immagine del profilo\"><\/div>\n\t<\/div><\/figure>\n\n<\/div>\n<\/div>\n<\/div>\n<\/div>\n<\/div>    <\/article>\n    <article class=\"bde-loop-item ee-post\">\n        <div class=\"bde-div-136-100-1061-136-1 bde-div bde-div-136-100\">\n  \n  \n\t\n\n\n\n<div class=\"bde-div-136-115-1061-136-1 bde-div bde-div-136-115\">\n  \n  \n\t\n\n\n\n<div class=\"bde-div-136-114-1061-136-1 bde-div bde-div-136-114\">\n  \n  \n\t\n\n\n\n<div class=\"bde-code-block-136-101-1061-136-1 bde-code-block bde-code-block-136-101\">\n\n  <div class=\"star-container\"><img decoding=\"async\" src=\"https:\/\/swisshrmed.ch\/wp-content\/uploads\/star-solid-yellow.svg\" alt=\"stella piena\"><img decoding=\"async\" src=\"https:\/\/swisshrmed.ch\/wp-content\/uploads\/star-solid-yellow.svg\" alt=\"stella piena\"><img decoding=\"async\" src=\"https:\/\/swisshrmed.ch\/wp-content\/uploads\/star-solid-yellow.svg\" alt=\"stella piena\"><img decoding=\"async\" src=\"https:\/\/swisshrmed.ch\/wp-content\/uploads\/star-solid-yellow.svg\" alt=\"stella piena\"><img decoding=\"async\" src=\"https:\/\/swisshrmed.ch\/wp-content\/uploads\/star-solid-yellow.svg\" alt=\"stella piena\"><\/div>\n\n\n<\/div><a class=\"bde-container-link-136-103-1061-136-1 bde-container-link bde-container-link-136-103 breakdance-link\" href=\"#\" target=\"_self\">\n  \n  \n\t\n\n\n\n<div class=\"bde-text-136-104-1061-136-1 bde-text bde-text-136-104\">\nSpecialista\n<\/div>\n\n<\/a><div class=\"bde-text-136-105-1061-136-1 bde-text bde-text-136-105\">\n<p>Il concetto di lingua \u00e8 un'esperienza affascinante e stimolante per me, sia in termini di apprendimento della lingua che di scoperta di nuovi luoghi e persone.<\/p>\n\n<\/div>\n<\/div><div class=\"bde-div-136-106-1061-136-1 bde-div bde-div-136-106\">\n  \n  \n\t\n\n\n\n<div class=\"bde-div-136-110-1061-136-1 bde-div bde-div-136-110\">\n  \n  \n\t\n\n\n\n<div class=\"bde-text-136-107-1061-136-1 bde-text bde-text-136-107\">\n\n<\/div><h6 class=\"bde-heading-136-112-1061-136-1 bde-heading bde-heading-136-112\">\nBartosz\n<\/h6><div class=\"bde-text-136-113-1061-136-1 bde-text bde-text-136-113\">\nPartecipanti Concetto di lingua\n<\/div>\n<\/div><div class=\"bde-div-136-111-1061-136-1 bde-div bde-div-136-111\">\n  \n  \n\t\n\n\n\n<div class=\"bde-image-136-109-1061-136-1 bde-image bde-image-136-109\">\n<figure class=\"breakdance-image breakdance-image--1050\">\n\t<div class=\"breakdance-image-container\">\n\t\t<div class=\"breakdance-image-clip\"><img loading=\"lazy\" decoding=\"async\" class=\"breakdance-image-object\" src=\"https:\/\/swisshrmed.ch\/wp-content\/uploads\/Profil-photo-Bartosz-150x150.jpg\" width=\"150\" height=\"150\" srcset=\"https:\/\/swisshrmed.ch\/wp-content\/uploads\/Profil-photo-Bartosz.jpg 681w, https:\/\/swisshrmed.ch\/wp-content\/uploads\/Profil-photo-Bartosz-297x300.jpg 297w, https:\/\/swisshrmed.ch\/wp-content\/uploads\/Profil-photo-Bartosz-12x12.jpg 12w\" sizes=\"auto, (max-width: 681px) 100vw, 681px\" alt=\"immagine del profilo\"><\/div>\n\t<\/div><\/figure>\n\n<\/div>\n<\/div>\n<\/div>\n<\/div>\n<\/div>    <\/article>\n    <article class=\"bde-loop-item ee-post\">\n        <div class=\"bde-div-136-100-1330-136-1 bde-div bde-div-136-100\">\n  \n  \n\t\n\n\n\n<div class=\"bde-div-136-115-1330-136-1 bde-div bde-div-136-115\">\n  \n  \n\t\n\n\n\n<div class=\"bde-div-136-114-1330-136-1 bde-div bde-div-136-114\">\n  \n  \n\t\n\n\n\n<div class=\"bde-code-block-136-101-1330-136-1 bde-code-block bde-code-block-136-101\">\n\n  <div class=\"star-container\"><img decoding=\"async\" src=\"https:\/\/swisshrmed.ch\/wp-content\/uploads\/star-solid-yellow.svg\" alt=\"stella piena\"><img decoding=\"async\" src=\"https:\/\/swisshrmed.ch\/wp-content\/uploads\/star-solid-yellow.svg\" alt=\"stella piena\"><img decoding=\"async\" src=\"https:\/\/swisshrmed.ch\/wp-content\/uploads\/star-solid-yellow.svg\" alt=\"stella piena\"><img decoding=\"async\" src=\"https:\/\/swisshrmed.ch\/wp-content\/uploads\/star-solid-yellow.svg\" alt=\"stella piena\"><img decoding=\"async\" src=\"https:\/\/swisshrmed.ch\/wp-content\/uploads\/star-solid-yellow.svg\" alt=\"stella piena\"><\/div>\n\n\n<\/div><a class=\"bde-container-link-136-103-1330-136-1 bde-container-link bde-container-link-136-103 breakdance-link\" href=\"#\" target=\"_self\">\n  \n  \n\t\n\n\n\n<div class=\"bde-text-136-104-1330-136-1 bde-text bde-text-136-104\">\nSpecialista\n<\/div>\n\n<\/a><div class=\"bde-text-136-105-1330-136-1 bde-text bde-text-136-105\">\n<p>Vorrei aver trovato un programma come questo qualche anno fa, perch\u00e9 \u00e8 pi\u00f9 facile imparare una lingua da zero.<\/p>\n\n<\/div>\n<\/div><div class=\"bde-div-136-106-1330-136-1 bde-div bde-div-136-106\">\n  \n  \n\t\n\n\n\n<div class=\"bde-div-136-110-1330-136-1 bde-div bde-div-136-110\">\n  \n  \n\t\n\n\n\n<div class=\"bde-text-136-107-1330-136-1 bde-text bde-text-136-107\">\n\n<\/div><h6 class=\"bde-heading-136-112-1330-136-1 bde-heading bde-heading-136-112\">\nMeritxell\n<\/h6><div class=\"bde-text-136-113-1330-136-1 bde-text bde-text-136-113\">\nPartecipanti Concetto di lingua\n<\/div>\n<\/div><div class=\"bde-div-136-111-1330-136-1 bde-div bde-div-136-111\">\n  \n  \n\t\n\n\n\n<div class=\"bde-image-136-109-1330-136-1 bde-image bde-image-136-109\">\n<figure class=\"breakdance-image breakdance-image--1326\">\n\t<div class=\"breakdance-image-container\">\n\t\t<div class=\"breakdance-image-clip\"><img loading=\"lazy\" decoding=\"async\" class=\"breakdance-image-object\" src=\"https:\/\/swisshrmed.ch\/wp-content\/uploads\/Meritxell-3-150x150.jpg\" width=\"150\" height=\"150\" srcset=\"https:\/\/swisshrmed.ch\/wp-content\/uploads\/Meritxell-3-scaled.jpg 1920w, https:\/\/swisshrmed.ch\/wp-content\/uploads\/Meritxell-3-225x300.jpg 225w, https:\/\/swisshrmed.ch\/wp-content\/uploads\/Meritxell-3-768x1024.jpg 768w, https:\/\/swisshrmed.ch\/wp-content\/uploads\/Meritxell-3-1152x1536.jpg 1152w, https:\/\/swisshrmed.ch\/wp-content\/uploads\/Meritxell-3-1536x2048.jpg 1536w, https:\/\/swisshrmed.ch\/wp-content\/uploads\/Meritxell-3-9x12.jpg 9w\" sizes=\"auto, (max-width: 1920px) 100vw, 1920px\" alt=\"immagine del profilo\"><\/div>\n\t<\/div><\/figure>\n\n<\/div>\n<\/div>\n<\/div>\n<\/div>\n<\/div>    <\/article>\n<\/div>\r\n<\/div><div class=\"bde-button-325-105-325-1 bde-button bde-button-325-105\">\n    \n                        \n                        \n    \n    \n    \n    \n            \n                    \n            \n            \n\n    \n    \n    \n    \n    \n    <a class=\"breakdance-link button-atom button-atom--text bde-button__button\" href=\"\/it\/storie\/\" target=\"_self\" data-type=\"url\"  >\n\n    \n        <span class=\"button-atom__text\">Leggi altre storie<\/span>\n\n        \n                    \n    <span class=\"button-atom__icon-wrapper\">\n\n        \n            <svg class=\"un-arrow-icon\" xmlns=\"http:\/\/www.w3.org\/2000\/svg\" width=\"32\" height=\"32\" viewbox=\"0 0 32 32\">\n                <g fill=\"none\" stroke-width=\"1.9\" stroke-linejoin=\"round\" stroke-miterlimit=\"10\">\n                    <circle class=\"un-arrow-icon_circle\" cx=\"16\" cy=\"16\" r=\"15.12\"><\/circle>\n                    <path class=\"un-arrow-icon_arrow\" d=\"M16.14 9.93L22.21 16l-6.07 6.07M8.23 16h13.98\"><\/path>\n                <\/g>\n            <\/svg>\n\n        \n    <\/span>\n\n\n        \n                <\/a>\n\n    \n\n\n<\/div><\/div>\n<\/section><\/div>","protected":false},"excerpt":{"rendered":"<p>Services HR Beratung Home HR Beratung f\u00fcr medizinisches Fachpersonal Auch f\u00fcr HR Beratung sind wir f\u00fcr Sie da! Nach erfolgreicher Vermittlung begleiten wir Sie auch umfassend auf dem Weg in ihren neuen Lebensabschnitt in der Schweiz. Basierend auf jahrelangen Erfahrung kennt Swiss HRmed die beh\u00f6rdigen Vorgaben und Gesetze bei der Anstellung von Fachpersonal aus dem [&hellip;]<\/p>\n","protected":false},"author":2,"featured_media":826,"parent":0,"menu_order":0,"comment_status":"closed","ping_status":"closed","template":"","meta":{"_acf_changed":false,"_breakdance_hide_in_design_set":false,"_breakdance_tags":"","footnotes":""},"class_list":["post-361","page","type-page","status-publish","has-post-thumbnail","hentry"],"acf":[],"_links":{"self":[{"href":"https:\/\/swisshrmed.ch\/it\/wp-json\/wp\/v2\/pages\/361","targetHints":{"allow":["GET"]}}],"collection":[{"href":"https:\/\/swisshrmed.ch\/it\/wp-json\/wp\/v2\/pages"}],"about":[{"href":"https:\/\/swisshrmed.ch\/it\/wp-json\/wp\/v2\/types\/page"}],"author":[{"embeddable":true,"href":"https:\/\/swisshrmed.ch\/it\/wp-json\/wp\/v2\/users\/2"}],"replies":[{"embeddable":true,"href":"https:\/\/swisshrmed.ch\/it\/wp-json\/wp\/v2\/comments?post=361"}],"version-history":[{"count":15,"href":"https:\/\/swisshrmed.ch\/it\/wp-json\/wp\/v2\/pages\/361\/revisions"}],"predecessor-version":[{"id":1305,"href":"https:\/\/swisshrmed.ch\/it\/wp-json\/wp\/v2\/pages\/361\/revisions\/1305"}],"wp:featuredmedia":[{"embeddable":true,"href":"https:\/\/swisshrmed.ch\/it\/wp-json\/wp\/v2\/media\/826"}],"wp:attachment":[{"href":"https:\/\/swisshrmed.ch\/it\/wp-json\/wp\/v2\/media?parent=361"}],"curies":[{"name":"wp","href":"https:\/\/api.w.org\/{rel}","templated":true}]}}