{"id":232,"date":"2023-08-11T22:51:32","date_gmt":"2023-08-11T20:51:32","guid":{"rendered":"https:\/\/swisshrmed.ch\/?page_id=232"},"modified":"2023-09-29T20:33:52","modified_gmt":"2023-09-29T18:33:52","slug":"bemiddeling","status":"publish","type":"page","link":"https:\/\/swisshrmed.ch\/nl\/vermittlung\/","title":{"rendered":"Bemiddeling"},"content":{"rendered":"<section class=\"bde-section-232-100 bde-section\">\n  \n  \n\t\n\n\n\n<div class=\"section-container\"><div class=\"bde-div-232-101 bde-div\">\n              \n  \n  \n\t\n\n  <div class=\"section-background-overlay\"><\/div>\n\n\n<a class=\"bde-container-link-232-102 bde-container-link breakdance-link\" href=\"#\" target=\"_self\">\n  \n  \n\t\n\n\n\n<div class=\"bde-text-232-103 bde-text\">\nDiensten<br>\n<\/div>\n\n<\/a><h1 class=\"bde-heading-232-104 bde-heading\">\nBemiddeling\n<\/h1>\n<\/div><\/div>\n<\/section><section class=\"bde-section-232-105 bde-section\">\n  \n  \n\t\n\n\n\n<div class=\"section-container\"><div class=\"bde-breadcrumbs-232-180 bde-breadcrumbs\"><nav aria-label=\"paneermeel\" class=\"rank-math-breadcrumb\"><p><span class=\"last\">Home<\/span><\/p><\/nav><\/div><div class=\"bde-columns-232-115 bde-columns\"><div class=\"bde-column-232-116 bde-column\">\n  \n  \n\t\n\n\n\n<h2 class=\"bde-heading-232-182 bde-heading\">\nBemiddeling voor ziekenhuizen, klinieken en zorginstellingen in Zwitserland\n<\/h2><div class=\"bde-text-232-117 bde-text\">\nStap voor stap naar maximale tevredenheid. Onze zorgvuldige en persoonlijke aanpak garandeert dat uw vacatures op de lange termijn worden ingevuld met de juiste, competente specialisten. Voornamelijk uit het buitenland, maar ook vanuit Zwitserland. Wij beperken ons niet tot het louter plaatsen van specialisten, maar ondersteunen alle betrokken partijen in de zin van een adviserend en begeleidend partnerschap, tot ver na de daadwerkelijke tewerkstelling.\n<\/div><h2 class=\"bde-heading-232-125 bde-heading\">\nHoe we bemiddelen\n<\/h2><div class=\"bde-div-232-153 bde-div\">\n  \n  \n\t\n\n\n\n<div class=\"bde-div-232-138 bde-div\">\n  \n  \n\t\n\n\n\n<div class=\"bde-div-232-140 bde-div\">\n  \n  \n\t\n\n\n\n<div class=\"bde-div-232-141 bde-div\">\n  \n  \n\t\n\n\n\n<h1 class=\"bde-heading-232-142 bde-heading\">\n1\n<\/h1>\n<\/div>\n<\/div><div class=\"bde-div-232-139 bde-div\">\n  \n  \n\t\n\n\n\n<h4 class=\"bde-heading-232-144 bde-heading\">\nanalyseren\n<\/h4><div class=\"bde-text-232-145 bde-text\">\nWe leren jou, je bedrijf en je specifieke, individuele personeelsbehoeften kennen in een persoonlijk gesprek op locatie.\n<\/div>\n<\/div>\n<\/div><div class=\"bde-div-232-146 bde-div\">\n  \n  \n\t\n\n\n\n<div class=\"bde-div-232-147 bde-div\">\n  \n  \n\t\n\n\n\n<div class=\"bde-div-232-148 bde-div\">\n  \n  \n\t\n\n\n\n<h1 class=\"bde-heading-232-149 bde-heading\">\n2\n<\/h1>\n<\/div>\n<\/div><div class=\"bde-div-232-150 bde-div\">\n  \n  \n\t\n\n\n\n<h4 class=\"bde-heading-232-151 bde-heading\">\nBeton\n<\/h4><div class=\"bde-text-232-152 bde-text\">\nOp basis van dit gesprek concretiseren we je aanvraag en defini\u00ebren we de relevante randvoorwaarden. Op basis van uw functieprofiel stellen we een voorselectie van geschikte dossiers samen, die we vervolgens persoonlijk of online aan u presenteren.\n<\/div>\n<\/div>\n<\/div><div class=\"bde-div-232-154 bde-div\">\n  \n  \n\t\n\n\n\n<div class=\"bde-div-232-155 bde-div\">\n  \n  \n\t\n\n\n\n<div class=\"bde-div-232-156 bde-div\">\n  \n  \n\t\n\n\n\n<h1 class=\"bde-heading-232-157 bde-heading\">\n3\n<\/h1>\n<\/div>\n<\/div><div class=\"bde-div-232-158 bde-div\">\n  \n  \n\t\n\n\n\n<h4 class=\"bde-heading-232-159 bde-heading\">\nMaak verbinding met\n<\/h4><div class=\"bde-text-232-160 bde-text\">\nAls een dossier aan uw verwachtingen voldoet, leggen we een eerste contact tussen u en de werkzoekende. Voor de volgende stappen, zoals het maken van een afspraak voor een gesprek, meelopen op het werk, enz. kunt u dan - als u dat wenst - rechtstreeks contact opnemen met de persoon in kwestie.\n<\/div>\n<\/div>\n<\/div><div class=\"bde-div-232-161 bde-div\">\n  \n  \n\t\n\n\n\n<div class=\"bde-div-232-162 bde-div\">\n  \n  \n\t\n\n\n\n<div class=\"bde-div-232-163 bde-div\">\n  \n  \n\t\n\n\n\n<h1 class=\"bde-heading-232-164 bde-heading\">\n4\n<\/h1>\n<\/div>\n<\/div><div class=\"bde-div-232-165 bde-div\">\n  \n  \n\t\n\n\n\n<h4 class=\"bde-heading-232-166 bde-heading\">\nBegeleiden\n<\/h4><div class=\"bde-text-232-167 bde-text\">\nIn de geest van een waarderend en vertrouwensvol partnerschap blijven we beschikbaar voor u en uw nieuwe zorgprofessional - en, indien nodig, hun familieleden - als aanspreekpunt in de toekomst en na de arbeidsrelatie.\n<\/div>\n<\/div>\n<\/div>\n<\/div>\n<\/div><div class=\"bde-column-232-118 bde-column\">\n  \n  \n\t\n\n\n\n<div class=\"bde-globalblock-232-183 bde-globalblock\"><div class=\"bde-div-590-100-590-1 bde-div bde-div-590-100\">\n  \n  \n\t\n\n\n\n<div class=\"bde-image-590-101-590-1 bde-image bde-image-590-101\">\n<figure class=\"breakdance-image breakdance-image--1520\">\n\t<div class=\"breakdance-image-container\">\n\t\t<div class=\"breakdance-image-clip\"><img loading=\"lazy\" decoding=\"async\" class=\"breakdance-image-object\" src=\"https:\/\/swisshrmed.ch\/wp-content\/uploads\/IMG_9114-Large-768x1024.webp\" width=\"768\" height=\"1024\" srcset=\"https:\/\/swisshrmed.ch\/wp-content\/uploads\/IMG_9114-Large.webp 960w, https:\/\/swisshrmed.ch\/wp-content\/uploads\/IMG_9114-Large-225x300.webp 225w, https:\/\/swisshrmed.ch\/wp-content\/uploads\/IMG_9114-Large-768x1024.webp 768w, https:\/\/swisshrmed.ch\/wp-content\/uploads\/IMG_9114-Large-9x12.webp 9w\" sizes=\"auto, (max-width: 960px) 100vw, 960px\"><\/div>\n\t<\/div><\/figure>\n\n<\/div><div class=\"bde-div-590-102-590-1 bde-div bde-div-590-102\">\n  \n  \n\t\n\n\n\n<h5 class=\"bde-heading-590-103-590-1 bde-heading bde-heading-590-103\">\nLeer Brigit kennen\n<\/h5><div class=\"bde-text-590-104-590-1 bde-text bde-text-590-104\">\nDankzij mijn jarenlange ervaring en carri\u00e8re in de gezondheidszorg, zowel in Zwitserland als in het buitenland, kan ik op een persoonlijke en duurzame manier ondersteuning bieden voor alle wervingsbehoeften in de gezondheidszorg.\n<\/div><div class=\"bde-button-590-105-590-1 bde-button bde-button-590-105\">\n    \n                                    \n    \n    \n    \n    \n            \n                    \n            \n            \n\n    \n    \n    \n    \n    \n    <a class=\"breakdance-link button-atom button-atom--primary bde-button__button\" href=\"\/nl\/neem-contact-op-met\/\" target=\"_self\" data-type=\"url\"  >\n\n    \n        <span class=\"button-atom__text\">Contact met Brigit<\/span>\n\n        \n        \n                <\/a>\n\n    \n\n\n<\/div>\n<\/div>\n<\/div><\/div>\n<\/div><\/div><\/div>\n<\/section><section class=\"bde-section-232-168 bde-section\">\n  \n  \n\t\n\n\n\n<div class=\"section-container\"><div class=\"bde-columns-232-169 bde-columns\"><div class=\"bde-column-232-170 bde-column\">\n  \n  \n\t\n\n\n\n<h3 class=\"bde-heading-232-172 bde-heading\">\nPersoneelsoplossing op maat\n<\/h3><div class=\"bde-text-232-173 bde-text\">\nOns doel is om individuele, op maat gemaakte personeelsoplossingen te vinden voor alle faciliteiten en instellingen in de medische sector in Zwitserland en zo de betreffende HR-organisaties op de lange termijn te ontlasten. Posities optimaal en voor de lange termijn invullen is waardevol omdat het kosten bespaart en het hele team een boost geeft.\n<\/div>\n<\/div><div class=\"bde-column-232-174 bde-column\">\n  \n  \n\t\n\n\n\n<h3 class=\"bde-heading-232-175 bde-heading\">\nAantal jaren ervaring\n<\/h3><div class=\"bde-text-232-176 bde-text\">\nEnerzijds kennen we de behoeften van mensen uit het buitenland die naar Zwitserland willen verhuizen en anderzijds leren we uw organisatie en uw wensen tot in detail kennen. Met ons grote netwerk en onze jarenlange ervaring in Zwitserland en in het buitenland vinden we voor u de juiste specialist voor ziekenhuizen, klinieken en zorginstellingen in Zwitserland.\n<\/div>\n<\/div><\/div><\/div>\n<\/section><div class=\"bde-globalblock-232-179 bde-globalblock\"><section class=\"bde-section-325-100-325-1 bde-section bde-section-325-100\">\n  \n  \n\t\n\n\n\n<div class=\"section-container\"><a class=\"bde-container-link-325-101-325-1 bde-container-link bde-container-link-325-101 breakdance-link\" href=\"#\" target=\"_self\">\n  \n  \n\t\n\n\n\n<div class=\"bde-text-325-102-325-1 bde-text bde-text-325-102\">\nVerhalen\n<\/div>\n\n<\/a><h2 class=\"bde-heading-325-103-325-1 bde-heading bde-heading-325-103\">\nWat klanten en experts over ons zeggen\n<\/h2><div class=\"bde-post-loop-325-104-325-1 bde-post-loop bde-post-loop-325-104\"><div class=\"bde-loop bde-loop-grid ee-posts ee-posts-grid\">    <article class=\"bde-loop-item ee-post\">\n        <div class=\"bde-div-136-100-1124-136-1 bde-div bde-div-136-100\">\n  \n  \n\t\n\n\n\n<div class=\"bde-div-136-115-1124-136-1 bde-div bde-div-136-115\">\n  \n  \n\t\n\n\n\n<div class=\"bde-div-136-114-1124-136-1 bde-div bde-div-136-114\">\n  \n  \n\t\n\n\n\n<div class=\"bde-code-block-136-101-1124-136-1 bde-code-block bde-code-block-136-101\">\n\n  <div class=\"star-container\"><img decoding=\"async\" src=\"https:\/\/swisshrmed.ch\/wp-content\/uploads\/star-solid-yellow.svg\" alt=\"ster-vol\"><img decoding=\"async\" src=\"https:\/\/swisshrmed.ch\/wp-content\/uploads\/star-solid-yellow.svg\" alt=\"ster-vol\"><img decoding=\"async\" src=\"https:\/\/swisshrmed.ch\/wp-content\/uploads\/star-solid-yellow.svg\" alt=\"ster-vol\"><img decoding=\"async\" src=\"https:\/\/swisshrmed.ch\/wp-content\/uploads\/star-solid-yellow.svg\" alt=\"ster-vol\"><img decoding=\"async\" src=\"https:\/\/swisshrmed.ch\/wp-content\/uploads\/star-solid-yellow.svg\" alt=\"ster-vol\"><\/div>\n\n\n<\/div><a class=\"bde-container-link-136-103-1124-136-1 bde-container-link bde-container-link-136-103 breakdance-link\" href=\"#\" target=\"_self\">\n  \n  \n\t\n\n\n\n<div class=\"bde-text-136-104-1124-136-1 bde-text bde-text-136-104\">\nSpecialist\n<\/div>\n\n<\/a><div class=\"bde-text-136-105-1124-136-1 bde-text bde-text-136-105\">\n<p>Ik was erg bezorgd over hoe ik mijn leven hier in Zwitserland zou beginnen, maar ik moet eerlijk zeggen dat ik van iedereen een heel warm welkom heb gekregen. Eerst en vooral door Swiss HRmed, die me echt een gevoel van veiligheid gaven.<\/p>\n\n<\/div>\n<\/div><div class=\"bde-div-136-106-1124-136-1 bde-div bde-div-136-106\">\n  \n  \n\t\n\n\n\n<div class=\"bde-div-136-110-1124-136-1 bde-div bde-div-136-110\">\n  \n  \n\t\n\n\n\n<div class=\"bde-text-136-107-1124-136-1 bde-text bde-text-136-107\">\n\n<\/div><h6 class=\"bde-heading-136-112-1124-136-1 bde-heading bde-heading-136-112\">\nTzina\n<\/h6><div class=\"bde-text-136-113-1124-136-1 bde-text bde-text-136-113\">\nVerzorger\n<\/div>\n<\/div><div class=\"bde-div-136-111-1124-136-1 bde-div bde-div-136-111\">\n  \n  \n\t\n\n\n\n<div class=\"bde-image-136-109-1124-136-1 bde-image bde-image-136-109\">\n<figure class=\"breakdance-image breakdance-image--1118\">\n\t<div class=\"breakdance-image-container\">\n\t\t<div class=\"breakdance-image-clip\"><img loading=\"lazy\" decoding=\"async\" class=\"breakdance-image-object\" src=\"https:\/\/swisshrmed.ch\/wp-content\/uploads\/image009-1-150x150.jpg\" width=\"150\" height=\"150\" srcset=\"https:\/\/swisshrmed.ch\/wp-content\/uploads\/image009-1.jpg 1440w, https:\/\/swisshrmed.ch\/wp-content\/uploads\/image009-1-240x300.jpg 240w, https:\/\/swisshrmed.ch\/wp-content\/uploads\/image009-1-819x1024.jpg 819w, https:\/\/swisshrmed.ch\/wp-content\/uploads\/image009-1-768x960.jpg 768w, https:\/\/swisshrmed.ch\/wp-content\/uploads\/image009-1-1229x1536.jpg 1229w, https:\/\/swisshrmed.ch\/wp-content\/uploads\/image009-1-10x12.jpg 10w\" sizes=\"auto, (max-width: 1440px) 100vw, 1440px\" alt=\"profielfoto\"><\/div>\n\t<\/div><\/figure>\n\n<\/div>\n<\/div>\n<\/div>\n<\/div>\n<\/div>    <\/article>\n    <article class=\"bde-loop-item ee-post\">\n        <div class=\"bde-div-136-100-1083-136-1 bde-div bde-div-136-100\">\n  \n  \n\t\n\n\n\n<div class=\"bde-div-136-115-1083-136-1 bde-div bde-div-136-115\">\n  \n  \n\t\n\n\n\n<div class=\"bde-div-136-114-1083-136-1 bde-div bde-div-136-114\">\n  \n  \n\t\n\n\n\n<div class=\"bde-code-block-136-101-1083-136-1 bde-code-block bde-code-block-136-101\">\n\n  <div class=\"star-container\"><img decoding=\"async\" src=\"https:\/\/swisshrmed.ch\/wp-content\/uploads\/star-solid-yellow.svg\" alt=\"ster-vol\"><img decoding=\"async\" src=\"https:\/\/swisshrmed.ch\/wp-content\/uploads\/star-solid-yellow.svg\" alt=\"ster-vol\"><img decoding=\"async\" src=\"https:\/\/swisshrmed.ch\/wp-content\/uploads\/star-solid-yellow.svg\" alt=\"ster-vol\"><img decoding=\"async\" src=\"https:\/\/swisshrmed.ch\/wp-content\/uploads\/star-solid-yellow.svg\" alt=\"ster-vol\"><img decoding=\"async\" src=\"https:\/\/swisshrmed.ch\/wp-content\/uploads\/star-solid-yellow.svg\" alt=\"ster-vol\"><\/div>\n\n\n<\/div><a class=\"bde-container-link-136-103-1083-136-1 bde-container-link bde-container-link-136-103 breakdance-link\" href=\"#\" target=\"_self\">\n  \n  \n\t\n\n\n\n<div class=\"bde-text-136-104-1083-136-1 bde-text bde-text-136-104\">\nSpecialist\n<\/div>\n\n<\/a><div class=\"bde-text-136-105-1083-136-1 bde-text bde-text-136-105\">\n<p>In een persoonlijk gesprek met Brigit Friedrich van Swiss HRmed werd ik heel goed ge\u00efnformeerd over wat dit betekent en wat er nodig is om de overstap naar Zwitserland te maken.<\/p>\n\n<\/div>\n<\/div><div class=\"bde-div-136-106-1083-136-1 bde-div bde-div-136-106\">\n  \n  \n\t\n\n\n\n<div class=\"bde-div-136-110-1083-136-1 bde-div bde-div-136-110\">\n  \n  \n\t\n\n\n\n<div class=\"bde-text-136-107-1083-136-1 bde-text bde-text-136-107\">\n\n<\/div><h6 class=\"bde-heading-136-112-1083-136-1 bde-heading bde-heading-136-112\">\nMary\n<\/h6><div class=\"bde-text-136-113-1083-136-1 bde-text bde-text-136-113\">\nIPS verpleegkundige\n<\/div>\n<\/div><div class=\"bde-div-136-111-1083-136-1 bde-div bde-div-136-111\">\n  \n  \n\t\n\n\n\n<div class=\"bde-image-136-109-1083-136-1 bde-image bde-image-136-109\">\n<figure class=\"breakdance-image breakdance-image--1085\">\n\t<div class=\"breakdance-image-container\">\n\t\t<div class=\"breakdance-image-clip\"><img loading=\"lazy\" decoding=\"async\" class=\"breakdance-image-object\" src=\"https:\/\/swisshrmed.ch\/wp-content\/uploads\/2022_08_23_Frb_Portraitbild-Maria-SANTIROCCO-1983-1.jpg\" width=\"122\" height=\"122\" srcset=\"https:\/\/swisshrmed.ch\/wp-content\/uploads\/2022_08_23_Frb_Portraitbild-Maria-SANTIROCCO-1983-1.jpg 122w, https:\/\/swisshrmed.ch\/wp-content\/uploads\/2022_08_23_Frb_Portraitbild-Maria-SANTIROCCO-1983-1-12x12.jpg 12w\" sizes=\"auto, (max-width: 122px) 100vw, 122px\" alt=\"profielfoto\"><\/div>\n\t<\/div><\/figure>\n\n<\/div>\n<\/div>\n<\/div>\n<\/div>\n<\/div>    <\/article>\n    <article class=\"bde-loop-item ee-post\">\n        <div class=\"bde-div-136-100-907-136-1 bde-div bde-div-136-100\">\n  \n  \n\t\n\n\n\n<div class=\"bde-div-136-115-907-136-1 bde-div bde-div-136-115\">\n  \n  \n\t\n\n\n\n<div class=\"bde-div-136-114-907-136-1 bde-div bde-div-136-114\">\n  \n  \n\t\n\n\n\n<div class=\"bde-code-block-136-101-907-136-1 bde-code-block bde-code-block-136-101\">\n\n  <div class=\"star-container\"><img decoding=\"async\" src=\"https:\/\/swisshrmed.ch\/wp-content\/uploads\/star-solid-yellow.svg\" alt=\"ster-vol\"><img decoding=\"async\" src=\"https:\/\/swisshrmed.ch\/wp-content\/uploads\/star-solid-yellow.svg\" alt=\"ster-vol\"><img decoding=\"async\" src=\"https:\/\/swisshrmed.ch\/wp-content\/uploads\/star-solid-yellow.svg\" alt=\"ster-vol\"><img decoding=\"async\" src=\"https:\/\/swisshrmed.ch\/wp-content\/uploads\/star-solid-yellow.svg\" alt=\"ster-vol\"><img decoding=\"async\" src=\"https:\/\/swisshrmed.ch\/wp-content\/uploads\/star-solid-yellow.svg\" alt=\"ster-vol\"><\/div>\n\n\n<\/div><a class=\"bde-container-link-136-103-907-136-1 bde-container-link bde-container-link-136-103 breakdance-link\" href=\"#\" target=\"_self\">\n  \n  \n\t\n\n\n\n<div class=\"bde-text-136-104-907-136-1 bde-text bde-text-136-104\">\nSpecialist\n<\/div>\n\n<\/a><div class=\"bde-text-136-105-907-136-1 bde-text bde-text-136-105\">\n<p>Ik ben dolblij met alle hulp die Swiss HRmed me heeft gegeven. Ze hebben me bij elke stap van het immigratieproces begeleid.<\/p>\n\n<\/div>\n<\/div><div class=\"bde-div-136-106-907-136-1 bde-div bde-div-136-106\">\n  \n  \n\t\n\n\n\n<div class=\"bde-div-136-110-907-136-1 bde-div bde-div-136-110\">\n  \n  \n\t\n\n\n\n<div class=\"bde-text-136-107-907-136-1 bde-text bde-text-136-107\">\n\n<\/div><h6 class=\"bde-heading-136-112-907-136-1 bde-heading bde-heading-136-112\">\nDjenaba\n<\/h6><div class=\"bde-text-136-113-907-136-1 bde-text bde-text-136-113\">\nVerzorger\n<\/div>\n<\/div><div class=\"bde-div-136-111-907-136-1 bde-div bde-div-136-111\">\n  \n  \n\t\n\n\n\n<div class=\"bde-image-136-109-907-136-1 bde-image bde-image-136-109\">\n<figure class=\"breakdance-image breakdance-image--908\">\n\t<div class=\"breakdance-image-container\">\n\t\t<div class=\"breakdance-image-clip\"><img loading=\"lazy\" decoding=\"async\" class=\"breakdance-image-object\" src=\"https:\/\/swisshrmed.ch\/wp-content\/uploads\/foto-cv-150x150.jpg\" width=\"150\" height=\"150\" srcset=\"https:\/\/swisshrmed.ch\/wp-content\/uploads\/foto-cv-scaled.jpg 1920w, https:\/\/swisshrmed.ch\/wp-content\/uploads\/foto-cv-225x300.jpg 225w, https:\/\/swisshrmed.ch\/wp-content\/uploads\/foto-cv-768x1024.jpg 768w, https:\/\/swisshrmed.ch\/wp-content\/uploads\/foto-cv-1152x1536.jpg 1152w, https:\/\/swisshrmed.ch\/wp-content\/uploads\/foto-cv-1536x2048.jpg 1536w, https:\/\/swisshrmed.ch\/wp-content\/uploads\/foto-cv-9x12.jpg 9w\" sizes=\"auto, (max-width: 1920px) 100vw, 1920px\" alt=\"profielfoto\"><\/div>\n\t<\/div><\/figure>\n\n<\/div>\n<\/div>\n<\/div>\n<\/div>\n<\/div>    <\/article>\n<\/div>\r\n<\/div><div class=\"bde-button-325-105-325-1 bde-button bde-button-325-105\">\n    \n                        \n                        \n    \n    \n    \n    \n            \n                    \n            \n            \n\n    \n    \n    \n    \n    \n    <a class=\"breakdance-link button-atom button-atom--text bde-button__button\" href=\"\/nl\/verhalen\/\" target=\"_self\" data-type=\"url\"  >\n\n    \n        <span class=\"button-atom__text\">Lees meer verhalen<\/span>\n\n        \n                    \n    <span class=\"button-atom__icon-wrapper\">\n\n        \n            <svg class=\"un-arrow-icon\" xmlns=\"http:\/\/www.w3.org\/2000\/svg\" width=\"32\" height=\"32\" viewbox=\"0 0 32 32\">\n                <g fill=\"none\" stroke-width=\"1.9\" stroke-linejoin=\"round\" stroke-miterlimit=\"10\">\n                    <circle class=\"un-arrow-icon_circle\" cx=\"16\" cy=\"16\" r=\"15.12\"><\/circle>\n                    <path class=\"un-arrow-icon_arrow\" d=\"M16.14 9.93L22.21 16l-6.07 6.07M8.23 16h13.98\"><\/path>\n                <\/g>\n            <\/svg>\n\n        \n    <\/span>\n\n\n        \n                <\/a>\n\n    \n\n\n<\/div><\/div>\n<\/section><\/div>","protected":false},"excerpt":{"rendered":"<p>Services Vermittlung Home Vermittlung f\u00fcr Spit\u00e4ler, Kliniken und Gesundheitsinstitutionen in der Schweiz Schritt f\u00fcr Schritt zu h\u00f6chster Zufriedenheit. Unsere sorgf\u00e4ltige und pers\u00f6nliche Vorgehensweise garantiert eine nachhaltige Besetzung Ihrer offenen Stellen mit dem passenden, kompetenten Fachpersonal. In erster Linie aus dem Ausland, aber auch aus dem Inland. Dabei beschr\u00e4nken wir uns nicht nur auf die reine [&hellip;]<\/p>\n","protected":false},"author":2,"featured_media":828,"parent":0,"menu_order":0,"comment_status":"closed","ping_status":"closed","template":"","meta":{"_acf_changed":false,"_breakdance_hide_in_design_set":false,"_breakdance_tags":"","footnotes":""},"class_list":["post-232","page","type-page","status-publish","has-post-thumbnail","hentry"],"acf":[],"_links":{"self":[{"href":"https:\/\/swisshrmed.ch\/nl\/wp-json\/wp\/v2\/pages\/232","targetHints":{"allow":["GET"]}}],"collection":[{"href":"https:\/\/swisshrmed.ch\/nl\/wp-json\/wp\/v2\/pages"}],"about":[{"href":"https:\/\/swisshrmed.ch\/nl\/wp-json\/wp\/v2\/types\/page"}],"author":[{"embeddable":true,"href":"https:\/\/swisshrmed.ch\/nl\/wp-json\/wp\/v2\/users\/2"}],"replies":[{"embeddable":true,"href":"https:\/\/swisshrmed.ch\/nl\/wp-json\/wp\/v2\/comments?post=232"}],"version-history":[{"count":15,"href":"https:\/\/swisshrmed.ch\/nl\/wp-json\/wp\/v2\/pages\/232\/revisions"}],"predecessor-version":[{"id":898,"href":"https:\/\/swisshrmed.ch\/nl\/wp-json\/wp\/v2\/pages\/232\/revisions\/898"}],"wp:featuredmedia":[{"embeddable":true,"href":"https:\/\/swisshrmed.ch\/nl\/wp-json\/wp\/v2\/media\/828"}],"wp:attachment":[{"href":"https:\/\/swisshrmed.ch\/nl\/wp-json\/wp\/v2\/media?parent=232"}],"curies":[{"name":"wp","href":"https:\/\/api.w.org\/{rel}","templated":true}]}}