{"id":361,"date":"2023-08-13T15:09:58","date_gmt":"2023-08-13T13:09:58","guid":{"rendered":"https:\/\/swisshrmed.ch\/?page_id=361"},"modified":"2024-08-21T10:17:20","modified_gmt":"2024-08-21T08:17:20","slug":"hr-consultancy","status":"publish","type":"page","link":"https:\/\/swisshrmed.ch\/nl\/hr-beratung\/","title":{"rendered":"HR advies voor medische professionals"},"content":{"rendered":"<section class=\"bde-section-361-100 bde-section\">\n  \n  \n\t\n\n\n\n<div class=\"section-container\"><div class=\"bde-div-361-101 bde-div\">\n              \n  \n  \n\t\n\n  <div class=\"section-background-overlay\"><\/div>\n\n\n<a class=\"bde-container-link-361-102 bde-container-link breakdance-link\" href=\"#\" target=\"_self\">\n  \n  \n\t\n\n\n\n<div class=\"bde-text-361-103 bde-text\">\nDiensten<br>\n<\/div>\n\n<\/a><h1 class=\"bde-heading-361-104 bde-heading\">\nHR Advies\n<\/h1>\n<\/div><\/div>\n<\/section><section class=\"bde-section-361-105 bde-section\">\n  \n  \n\t\n\n\n\n<div class=\"section-container\"><div class=\"bde-breadcrumbs-361-106 bde-breadcrumbs\"><nav aria-label=\"paneermeel\" class=\"rank-math-breadcrumb\"><p><span class=\"last\">Home<\/span><\/p><\/nav><\/div><div class=\"bde-columns-361-107 bde-columns\"><div class=\"bde-column-361-108 bde-column\">\n  \n  \n\t\n\n\n\n<h2 class=\"bde-heading-361-162 bde-heading\">\nHR advies voor medische professionals\n<\/h2><div class=\"bde-text-361-109 bde-text\">\nOok voor HR-begeleiding kun je bij ons terecht! Na een succesvolle plaatsing bieden we u ook uitgebreide ondersteuning op weg naar uw nieuwe levensfase in Zwitserland. Op basis van jarenlange ervaring kent Swiss HRmed de offici\u00eble vereisten en wetten met betrekking tot de tewerkstelling van gespecialiseerd personeel uit het buitenland en blijft na de tewerkstelling met u in contact om u te ondersteunen in het HR- en immigratieproces.<br><br>Ons doel is om je een zo goed mogelijk georganiseerde start van je nieuwe levensfase te geven. Dit betekent dat we er ook voor je zijn als je vragen hebt over de volgende onderwerpen en dat we gebruik kunnen maken van ons professionele netwerk.<br><br>\n<\/div><h3 class=\"bde-heading-361-110 bde-heading\">\nWe geven advies over\n<\/h3><div class=\"bde-div-361-111 bde-div\">\n  \n  \n\t\n\n\n\n<div class=\"bde-div-361-112 bde-div\">\n  \n  \n\t\n\n\n\n<div class=\"bde-div-361-113 bde-div\">\n  \n  \n\t\n\n\n\n<div class=\"bde-div-361-114 bde-div\">\n  \n  \n\t\n\n\n\n<h1 class=\"bde-heading-361-115 bde-heading\">\n1\n<\/h1>\n<\/div>\n<\/div><div class=\"bde-div-361-116 bde-div\">\n  \n  \n\t\n\n\n\n<h4 class=\"bde-heading-361-117 bde-heading\">\nImmigratie en de verblijfs-\/werkvergunning\n<\/h4><div class=\"bde-text-361-118 bde-text\">\nImmigratie naar Zwitserland brengt de nodige verplichtingen met zich mee. Swiss HRmed begeleidt u stap voor stap door deze procedure en helpt u bij het aanvragen van de juiste verblijfs-\/werkvergunning.\n<\/div>\n<\/div>\n<\/div><div class=\"bde-div-361-119 bde-div\">\n  \n  \n\t\n\n\n\n<div class=\"bde-div-361-120 bde-div\">\n  \n  \n\t\n\n\n\n<div class=\"bde-div-361-121 bde-div\">\n  \n  \n\t\n\n\n\n<h1 class=\"bde-heading-361-122 bde-heading\">\n2\n<\/h1>\n<\/div>\n<\/div><div class=\"bde-div-361-123 bde-div\">\n  \n  \n\t\n\n\n\n<h4 class=\"bde-heading-361-124 bde-heading\">\nHuisvesting vinden en je inschrijven bij de gemeente\n<\/h4><div class=\"bde-text-361-125 bde-text\">\nEr zijn verschillende manieren om in de eerste maanden woonruimte te vinden in Zwitserland. Swiss HRmed helpt je met de eerste stappen en geeft je de nodige informatie en tips om je kansen op de woningmarkt te vergroten.\n<\/div>\n<\/div>\n<\/div><div class=\"bde-div-361-126 bde-div\">\n  \n  \n\t\n\n\n\n<div class=\"bde-div-361-127 bde-div\">\n  \n  \n\t\n\n\n\n<div class=\"bde-div-361-128 bde-div\">\n  \n  \n\t\n\n\n\n<h1 class=\"bde-heading-361-129 bde-heading\">\n3\n<\/h1>\n<\/div>\n<\/div><div class=\"bde-div-361-130 bde-div\">\n  \n  \n\t\n\n\n\n<h4 class=\"bde-heading-361-131 bde-heading\">\nVerplichte en aanbevolen verzekeringen\n<\/h4><div class=\"bde-text-361-132 bde-text\">\nEen ziektekostenverzekering is ook verplicht in Zwitserland. Daarnaast vereist elke persoonlijke situatie aanbevolen verzekeringen, zoals inboedelverzekeringen, aansprakelijkheidsverzekeringen en\/of autoverzekeringen. Om oververzekering te voorkomen, maakt Swiss HRmed gebruik van ons netwerk om u ook op dit gebied van deskundig advies te voorzien.\n<\/div>\n<\/div>\n<\/div><div class=\"bde-div-361-133 bde-div\">\n  \n  \n\t\n\n\n\n<div class=\"bde-div-361-134 bde-div\">\n  \n  \n\t\n\n\n\n<div class=\"bde-div-361-135 bde-div\">\n  \n  \n\t\n\n\n\n<h1 class=\"bde-heading-361-136 bde-heading\">\n4\n<\/h1>\n<\/div>\n<\/div><div class=\"bde-div-361-137 bde-div\">\n  \n  \n\t\n\n\n\n<h4 class=\"bde-heading-361-138 bde-heading\">\nDiverse HR-onderwerpen\n<\/h4><div class=\"bde-text-361-139 bde-text\">\nDit kan inhouden dat we samen je arbeidscontract doornemen, zodat je weet wat je ondertekent. We hebben ook veel ervaring in het helpen bij het laten erkennen van je diploma door het SRC (Zwitserse Rode Kruis) en MEBEKO (Commissie Medische Beroepen). Deze instanties hebben verschillende documenten nodig, met of zonder be\u00ebdigde vertaling, wat erg tijdrovend kan zijn. Om dit proces te versnellen, controleren we samen of alle vereiste documenten beschikbaar zijn en verduidelijken we eventuele open vragen met je.\n<\/div>\n<\/div>\n<\/div>\n<\/div>\n<\/div><div class=\"bde-column-361-140 bde-column\">\n  \n  \n\t\n\n\n\n<div class=\"bde-globalblock-361-164 bde-globalblock\"><div class=\"bde-div-590-100-590-1 bde-div bde-div-590-100\">\n  \n  \n\t\n\n\n\n<div class=\"bde-image-590-101-590-1 bde-image bde-image-590-101\">\n<figure class=\"breakdance-image breakdance-image--1520\">\n\t<div class=\"breakdance-image-container\">\n\t\t<div class=\"breakdance-image-clip\"><img loading=\"lazy\" decoding=\"async\" class=\"breakdance-image-object\" src=\"https:\/\/swisshrmed.ch\/wp-content\/uploads\/IMG_9114-Large-768x1024.webp\" width=\"768\" height=\"1024\" srcset=\"https:\/\/swisshrmed.ch\/wp-content\/uploads\/IMG_9114-Large.webp 960w, https:\/\/swisshrmed.ch\/wp-content\/uploads\/IMG_9114-Large-225x300.webp 225w, https:\/\/swisshrmed.ch\/wp-content\/uploads\/IMG_9114-Large-768x1024.webp 768w, https:\/\/swisshrmed.ch\/wp-content\/uploads\/IMG_9114-Large-9x12.webp 9w\" sizes=\"auto, (max-width: 960px) 100vw, 960px\"><\/div>\n\t<\/div><\/figure>\n\n<\/div><div class=\"bde-div-590-102-590-1 bde-div bde-div-590-102\">\n  \n  \n\t\n\n\n\n<h5 class=\"bde-heading-590-103-590-1 bde-heading bde-heading-590-103\">\nLeer Brigit kennen\n<\/h5><div class=\"bde-text-590-104-590-1 bde-text bde-text-590-104\">\nDankzij mijn jarenlange ervaring en carri\u00e8re in de gezondheidszorg, zowel in Zwitserland als in het buitenland, kan ik op een persoonlijke en duurzame manier ondersteuning bieden voor alle wervingsbehoeften in de gezondheidszorg.\n<\/div><div class=\"bde-button-590-105-590-1 bde-button bde-button-590-105\">\n    \n                                    \n    \n    \n    \n    \n            \n                    \n            \n            \n\n    \n    \n    \n    \n    \n    <a class=\"breakdance-link button-atom button-atom--primary bde-button__button\" href=\"\/nl\/neem-contact-op-met\/\" target=\"_self\" data-type=\"url\"  >\n\n    \n        <span class=\"button-atom__text\">Contact met Brigit<\/span>\n\n        \n        \n                <\/a>\n\n    \n\n\n<\/div>\n<\/div>\n<\/div><\/div>\n<\/div><\/div><\/div>\n<\/section><section class=\"bde-section-361-147 bde-section\">\n  \n  \n\t\n\n\n\n<div class=\"section-container\"><div class=\"bde-columns-361-148 bde-columns\"><div class=\"bde-column-361-149 bde-column\">\n  \n  \n\t\n\n\n\n<h3 class=\"bde-heading-361-150 bde-heading\">\nGezinshereniging\n<\/h3><div class=\"bde-text-361-151 bde-text\">\nSwiss HRmed staat ook voor u klaar als u met uw gezin naar Zwitserland komt. We geven ook advies aan partners, bijvoorbeeld over het opstellen van cv's en andere documenten en over solliciteren naar banen op niet-medisch gebied. We kunnen u bijvoorbeeld ook adviseren over kinderopvang, gezinstoelagen of andere uitkeringen waar u mogelijk recht op hebt.<br>\n<\/div>\n<\/div><div class=\"bde-column-361-152 bde-column\">\n  \n  \n\t\n\n\n\n<h3 class=\"bde-heading-361-153 bde-heading\">\nHR-advies zonder voorafgaande bemiddeling\n<\/h3><div class=\"bde-text-361-154 bde-text\">\nAls u HR-begeleiding wenst zonder voorafgaande bemiddeling of als uw vraag geen betrekking heeft op de bovenstaande onderwerpen, staat Swiss HRmed ook tot uw beschikking en kunt u contact met ons opnemen als u zich zorgen maakt.<br>\n<\/div>\n<\/div><\/div><\/div>\n<\/section><div class=\"bde-globalblock-361-163 bde-globalblock\"><section class=\"bde-section-325-100-325-1 bde-section bde-section-325-100\">\n  \n  \n\t\n\n\n\n<div class=\"section-container\"><a class=\"bde-container-link-325-101-325-1 bde-container-link bde-container-link-325-101 breakdance-link\" href=\"#\" target=\"_self\">\n  \n  \n\t\n\n\n\n<div class=\"bde-text-325-102-325-1 bde-text bde-text-325-102\">\nVerhalen\n<\/div>\n\n<\/a><h2 class=\"bde-heading-325-103-325-1 bde-heading bde-heading-325-103\">\nWat klanten en experts over ons zeggen\n<\/h2><div class=\"bde-post-loop-325-104-325-1 bde-post-loop bde-post-loop-325-104\"><div class=\"bde-loop bde-loop-grid ee-posts ee-posts-grid\">    <article class=\"bde-loop-item ee-post\">\n        <div class=\"bde-div-136-100-1170-136-1 bde-div bde-div-136-100\">\n  \n  \n\t\n\n\n\n<div class=\"bde-div-136-115-1170-136-1 bde-div bde-div-136-115\">\n  \n  \n\t\n\n\n\n<div class=\"bde-div-136-114-1170-136-1 bde-div bde-div-136-114\">\n  \n  \n\t\n\n\n\n<div class=\"bde-code-block-136-101-1170-136-1 bde-code-block bde-code-block-136-101\">\n\n  <div class=\"star-container\"><img decoding=\"async\" src=\"https:\/\/swisshrmed.ch\/wp-content\/uploads\/star-solid-yellow.svg\" alt=\"ster-vol\"><img decoding=\"async\" src=\"https:\/\/swisshrmed.ch\/wp-content\/uploads\/star-solid-yellow.svg\" alt=\"ster-vol\"><img decoding=\"async\" src=\"https:\/\/swisshrmed.ch\/wp-content\/uploads\/star-solid-yellow.svg\" alt=\"ster-vol\"><img decoding=\"async\" src=\"https:\/\/swisshrmed.ch\/wp-content\/uploads\/star-solid-yellow.svg\" alt=\"ster-vol\"><img decoding=\"async\" src=\"https:\/\/swisshrmed.ch\/wp-content\/uploads\/star-solid-yellow.svg\" alt=\"ster-vol\"><\/div>\n\n\n<\/div><a class=\"bde-container-link-136-103-1170-136-1 bde-container-link bde-container-link-136-103 breakdance-link\" href=\"#\" target=\"_self\">\n  \n  \n\t\n\n\n\n<div class=\"bde-text-136-104-1170-136-1 bde-text bde-text-136-104\">\nSpecialist\n<\/div>\n\n<\/a><div class=\"bde-text-136-105-1170-136-1 bde-text bde-text-136-105\">\n<p>Swiss HRmed hielp me niet alleen (en met succes) bij het vinden van een nieuwe baan in Zwitserland. Ze gingen veel verder dan hun plicht: Ze waren er altijd om me te steunen en te helpen wanneer ik dat nodig had.<\/p>\n\n<\/div>\n<\/div><div class=\"bde-div-136-106-1170-136-1 bde-div bde-div-136-106\">\n  \n  \n\t\n\n\n\n<div class=\"bde-div-136-110-1170-136-1 bde-div bde-div-136-110\">\n  \n  \n\t\n\n\n\n<div class=\"bde-text-136-107-1170-136-1 bde-text bde-text-136-107\">\n\n<\/div><h6 class=\"bde-heading-136-112-1170-136-1 bde-heading bde-heading-136-112\">\nAlvaro\n<\/h6><div class=\"bde-text-136-113-1170-136-1 bde-text bde-text-136-113\">\nApotheker\n<\/div>\n<\/div><div class=\"bde-div-136-111-1170-136-1 bde-div bde-div-136-111\">\n  \n  \n\t\n\n\n\n<div class=\"bde-image-136-109-1170-136-1 bde-image bde-image-136-109\">\n<figure class=\"breakdance-image breakdance-image--1163\">\n\t<div class=\"breakdance-image-container\">\n\t\t<div class=\"breakdance-image-clip\"><img loading=\"lazy\" decoding=\"async\" class=\"breakdance-image-object\" src=\"https:\/\/swisshrmed.ch\/wp-content\/uploads\/Foto-de-Carnet-150x150.jpg\" width=\"150\" height=\"150\" srcset=\"https:\/\/swisshrmed.ch\/wp-content\/uploads\/Foto-de-Carnet.jpg 379w, https:\/\/swisshrmed.ch\/wp-content\/uploads\/Foto-de-Carnet-217x300.jpg 217w, https:\/\/swisshrmed.ch\/wp-content\/uploads\/Foto-de-Carnet-9x12.jpg 9w\" sizes=\"auto, (max-width: 379px) 100vw, 379px\" alt=\"profielfoto\"><\/div>\n\t<\/div><\/figure>\n\n<\/div>\n<\/div>\n<\/div>\n<\/div>\n<\/div>    <\/article>\n    <article class=\"bde-loop-item ee-post\">\n        <div class=\"bde-div-136-100-165-136-1 bde-div bde-div-136-100\">\n  \n  \n\t\n\n\n\n<div class=\"bde-div-136-115-165-136-1 bde-div bde-div-136-115\">\n  \n  \n\t\n\n\n\n<div class=\"bde-div-136-114-165-136-1 bde-div bde-div-136-114\">\n  \n  \n\t\n\n\n\n<div class=\"bde-code-block-136-101-165-136-1 bde-code-block bde-code-block-136-101\">\n\n  <div class=\"star-container\"><img decoding=\"async\" src=\"https:\/\/swisshrmed.ch\/wp-content\/uploads\/star-solid-yellow.svg\" alt=\"ster-vol\"><img decoding=\"async\" src=\"https:\/\/swisshrmed.ch\/wp-content\/uploads\/star-solid-yellow.svg\" alt=\"ster-vol\"><img decoding=\"async\" src=\"https:\/\/swisshrmed.ch\/wp-content\/uploads\/star-solid-yellow.svg\" alt=\"ster-vol\"><img decoding=\"async\" src=\"https:\/\/swisshrmed.ch\/wp-content\/uploads\/star-solid-yellow.svg\" alt=\"ster-vol\"><img decoding=\"async\" src=\"https:\/\/swisshrmed.ch\/wp-content\/uploads\/star-solid-yellow.svg\" alt=\"ster-vol\"><\/div>\n\n\n<\/div><a class=\"bde-container-link-136-103-165-136-1 bde-container-link bde-container-link-136-103 breakdance-link\" href=\"#\" target=\"_self\">\n  \n  \n\t\n\n\n\n<div class=\"bde-text-136-104-165-136-1 bde-text bde-text-136-104\">\nSpecialist\n<\/div>\n\n<\/a><div class=\"bde-text-136-105-165-136-1 bde-text bde-text-136-105\">\n<p>Zelfs na meer dan 6 jaar voelt bijna elk weekend als een minivakantie! Dit komt door de vele aantrekkelijke (buiten)activiteiten die je hier kunt doen en de prachtige omgeving. Het verveelt nooit!<\/p>\n\n<\/div>\n<\/div><div class=\"bde-div-136-106-165-136-1 bde-div bde-div-136-106\">\n  \n  \n\t\n\n\n\n<div class=\"bde-div-136-110-165-136-1 bde-div bde-div-136-110\">\n  \n  \n\t\n\n\n\n<div class=\"bde-text-136-107-165-136-1 bde-text bde-text-136-107\">\n\n<\/div><h6 class=\"bde-heading-136-112-165-136-1 bde-heading bde-heading-136-112\">\nVera\n<\/h6><div class=\"bde-text-136-113-165-136-1 bde-text bde-text-136-113\">\nGecertificeerd radiologisch specialist\n<\/div>\n<\/div><div class=\"bde-div-136-111-165-136-1 bde-div bde-div-136-111\">\n  \n  \n\t\n\n\n\n<div class=\"bde-image-136-109-165-136-1 bde-image bde-image-136-109\">\n<figure class=\"breakdance-image breakdance-image--717\">\n\t<div class=\"breakdance-image-container\">\n\t\t<div class=\"breakdance-image-clip\"><img loading=\"lazy\" decoding=\"async\" class=\"breakdance-image-object\" src=\"https:\/\/swisshrmed.ch\/wp-content\/uploads\/Vera-150x150.jpg\" width=\"150\" height=\"150\" srcset=\"https:\/\/swisshrmed.ch\/wp-content\/uploads\/Vera.jpg 800w, https:\/\/swisshrmed.ch\/wp-content\/uploads\/Vera-300x300.jpg 300w, https:\/\/swisshrmed.ch\/wp-content\/uploads\/Vera-150x150.jpg 150w, https:\/\/swisshrmed.ch\/wp-content\/uploads\/Vera-768x768.jpg 768w, https:\/\/swisshrmed.ch\/wp-content\/uploads\/Vera-12x12.jpg 12w\" sizes=\"auto, (max-width: 800px) 100vw, 800px\" alt=\"profielfoto\"><\/div>\n\t<\/div><\/figure>\n\n<\/div>\n<\/div>\n<\/div>\n<\/div>\n<\/div>    <\/article>\n    <article class=\"bde-loop-item ee-post\">\n        <div class=\"bde-div-136-100-1330-136-1 bde-div bde-div-136-100\">\n  \n  \n\t\n\n\n\n<div class=\"bde-div-136-115-1330-136-1 bde-div bde-div-136-115\">\n  \n  \n\t\n\n\n\n<div class=\"bde-div-136-114-1330-136-1 bde-div bde-div-136-114\">\n  \n  \n\t\n\n\n\n<div class=\"bde-code-block-136-101-1330-136-1 bde-code-block bde-code-block-136-101\">\n\n  <div class=\"star-container\"><img decoding=\"async\" src=\"https:\/\/swisshrmed.ch\/wp-content\/uploads\/star-solid-yellow.svg\" alt=\"ster-vol\"><img decoding=\"async\" src=\"https:\/\/swisshrmed.ch\/wp-content\/uploads\/star-solid-yellow.svg\" alt=\"ster-vol\"><img decoding=\"async\" src=\"https:\/\/swisshrmed.ch\/wp-content\/uploads\/star-solid-yellow.svg\" alt=\"ster-vol\"><img decoding=\"async\" src=\"https:\/\/swisshrmed.ch\/wp-content\/uploads\/star-solid-yellow.svg\" alt=\"ster-vol\"><img decoding=\"async\" src=\"https:\/\/swisshrmed.ch\/wp-content\/uploads\/star-solid-yellow.svg\" alt=\"ster-vol\"><\/div>\n\n\n<\/div><a class=\"bde-container-link-136-103-1330-136-1 bde-container-link bde-container-link-136-103 breakdance-link\" href=\"#\" target=\"_self\">\n  \n  \n\t\n\n\n\n<div class=\"bde-text-136-104-1330-136-1 bde-text bde-text-136-104\">\nSpecialist\n<\/div>\n\n<\/a><div class=\"bde-text-136-105-1330-136-1 bde-text bde-text-136-105\">\n<p>Ik wou dat ik een paar jaar geleden zo'n programma had gevonden, want het is makkelijker om een taal vanaf nul te leren.<\/p>\n\n<\/div>\n<\/div><div class=\"bde-div-136-106-1330-136-1 bde-div bde-div-136-106\">\n  \n  \n\t\n\n\n\n<div class=\"bde-div-136-110-1330-136-1 bde-div bde-div-136-110\">\n  \n  \n\t\n\n\n\n<div class=\"bde-text-136-107-1330-136-1 bde-text bde-text-136-107\">\n\n<\/div><h6 class=\"bde-heading-136-112-1330-136-1 bde-heading bde-heading-136-112\">\nMeritxell\n<\/h6><div class=\"bde-text-136-113-1330-136-1 bde-text bde-text-136-113\">\nDeelnemers Taalconcept\n<\/div>\n<\/div><div class=\"bde-div-136-111-1330-136-1 bde-div bde-div-136-111\">\n  \n  \n\t\n\n\n\n<div class=\"bde-image-136-109-1330-136-1 bde-image bde-image-136-109\">\n<figure class=\"breakdance-image breakdance-image--1326\">\n\t<div class=\"breakdance-image-container\">\n\t\t<div class=\"breakdance-image-clip\"><img loading=\"lazy\" decoding=\"async\" class=\"breakdance-image-object\" src=\"https:\/\/swisshrmed.ch\/wp-content\/uploads\/Meritxell-3-150x150.jpg\" width=\"150\" height=\"150\" srcset=\"https:\/\/swisshrmed.ch\/wp-content\/uploads\/Meritxell-3-scaled.jpg 1920w, https:\/\/swisshrmed.ch\/wp-content\/uploads\/Meritxell-3-225x300.jpg 225w, https:\/\/swisshrmed.ch\/wp-content\/uploads\/Meritxell-3-768x1024.jpg 768w, https:\/\/swisshrmed.ch\/wp-content\/uploads\/Meritxell-3-1152x1536.jpg 1152w, https:\/\/swisshrmed.ch\/wp-content\/uploads\/Meritxell-3-1536x2048.jpg 1536w, https:\/\/swisshrmed.ch\/wp-content\/uploads\/Meritxell-3-9x12.jpg 9w\" sizes=\"auto, (max-width: 1920px) 100vw, 1920px\" alt=\"profielfoto\"><\/div>\n\t<\/div><\/figure>\n\n<\/div>\n<\/div>\n<\/div>\n<\/div>\n<\/div>    <\/article>\n<\/div>\r\n<\/div><div class=\"bde-button-325-105-325-1 bde-button bde-button-325-105\">\n    \n                        \n                        \n    \n    \n    \n    \n            \n                    \n            \n            \n\n    \n    \n    \n    \n    \n    <a class=\"breakdance-link button-atom button-atom--text bde-button__button\" href=\"\/nl\/verhalen\/\" target=\"_self\" data-type=\"url\"  >\n\n    \n        <span class=\"button-atom__text\">Lees meer verhalen<\/span>\n\n        \n                    \n    <span class=\"button-atom__icon-wrapper\">\n\n        \n            <svg class=\"un-arrow-icon\" xmlns=\"http:\/\/www.w3.org\/2000\/svg\" width=\"32\" height=\"32\" viewbox=\"0 0 32 32\">\n                <g fill=\"none\" stroke-width=\"1.9\" stroke-linejoin=\"round\" stroke-miterlimit=\"10\">\n                    <circle class=\"un-arrow-icon_circle\" cx=\"16\" cy=\"16\" r=\"15.12\"><\/circle>\n                    <path class=\"un-arrow-icon_arrow\" d=\"M16.14 9.93L22.21 16l-6.07 6.07M8.23 16h13.98\"><\/path>\n                <\/g>\n            <\/svg>\n\n        \n    <\/span>\n\n\n        \n                <\/a>\n\n    \n\n\n<\/div><\/div>\n<\/section><\/div>","protected":false},"excerpt":{"rendered":"<p>Services HR Beratung Home HR Beratung f\u00fcr medizinisches Fachpersonal Auch f\u00fcr HR Beratung sind wir f\u00fcr Sie da! Nach erfolgreicher Vermittlung begleiten wir Sie auch umfassend auf dem Weg in ihren neuen Lebensabschnitt in der Schweiz. Basierend auf jahrelangen Erfahrung kennt Swiss HRmed die beh\u00f6rdigen Vorgaben und Gesetze bei der Anstellung von Fachpersonal aus dem [&hellip;]<\/p>\n","protected":false},"author":2,"featured_media":826,"parent":0,"menu_order":0,"comment_status":"closed","ping_status":"closed","template":"","meta":{"_acf_changed":false,"_breakdance_hide_in_design_set":false,"_breakdance_tags":"","footnotes":""},"class_list":["post-361","page","type-page","status-publish","has-post-thumbnail","hentry"],"acf":[],"_links":{"self":[{"href":"https:\/\/swisshrmed.ch\/nl\/wp-json\/wp\/v2\/pages\/361","targetHints":{"allow":["GET"]}}],"collection":[{"href":"https:\/\/swisshrmed.ch\/nl\/wp-json\/wp\/v2\/pages"}],"about":[{"href":"https:\/\/swisshrmed.ch\/nl\/wp-json\/wp\/v2\/types\/page"}],"author":[{"embeddable":true,"href":"https:\/\/swisshrmed.ch\/nl\/wp-json\/wp\/v2\/users\/2"}],"replies":[{"embeddable":true,"href":"https:\/\/swisshrmed.ch\/nl\/wp-json\/wp\/v2\/comments?post=361"}],"version-history":[{"count":15,"href":"https:\/\/swisshrmed.ch\/nl\/wp-json\/wp\/v2\/pages\/361\/revisions"}],"predecessor-version":[{"id":1305,"href":"https:\/\/swisshrmed.ch\/nl\/wp-json\/wp\/v2\/pages\/361\/revisions\/1305"}],"wp:featuredmedia":[{"embeddable":true,"href":"https:\/\/swisshrmed.ch\/nl\/wp-json\/wp\/v2\/media\/826"}],"wp:attachment":[{"href":"https:\/\/swisshrmed.ch\/nl\/wp-json\/wp\/v2\/media?parent=361"}],"curies":[{"name":"wp","href":"https:\/\/api.w.org\/{rel}","templated":true}]}}